{"id":979,"date":"2022-06-12T15:23:35","date_gmt":"2022-06-12T15:23:35","guid":{"rendered":"http:\/\/35.237.3.110\/wordpress\/?page_id=979"},"modified":"2025-08-31T14:54:44","modified_gmt":"2025-08-31T14:54:44","slug":"979-2","status":"publish","type":"page","link":"https:\/\/www.komunikaciksobebliz.cz\/","title":{"rendered":""},"content":{"rendered":"\n<div class=\"wp-block-columns is-layout-flex wp-container-core-columns-is-layout-9d6595d7 wp-block-columns-is-layout-flex\">\n<div class=\"wp-block-column is-layout-flow wp-block-column-is-layout-flow\" style=\"flex-basis:100%\">\n<div class=\"wp-block-group\"><div class=\"wp-block-group__inner-container is-layout-constrained wp-block-group-is-layout-constrained\">\n<div class=\"wp-block-columns is-layout-flex wp-container-core-columns-is-layout-9d6595d7 wp-block-columns-is-layout-flex\">\n<div class=\"wp-block-column is-layout-flow wp-block-column-is-layout-flow\" style=\"flex-basis:33.34%\"><\/div>\n\n\n\n<div class=\"wp-block-column is-layout-flow wp-block-column-is-layout-flow\" style=\"flex-basis:100%\">\n<p class=\"has-text-align-center has-text-color has-background\" style=\"color:#620101;background:radial-gradient(rgb(248,241,224) 0%,rgb(236,220,191) 54%,rgb(222,196,162) 100%);font-size:20px\"><strong>PRO\u010c KOMUNIKUJEME?<\/strong><\/p>\n<\/div>\n\n\n\n<div class=\"wp-block-column is-layout-flow wp-block-column-is-layout-flow\" style=\"flex-basis:33.33%\"><\/div>\n<\/div>\n\n\n\n<div style=\"height:11px\" aria-hidden=\"true\" class=\"wp-block-spacer\"><\/div>\n\n\n\n<p class=\"has-text-align-left has-text-color\" style=\"color:#451906c2;font-size:18px\">Komunikace je n\u00e1stroj <strong>porozum\u011bn\u00ed<\/strong> a <strong>sd\u00edlen\u00ed<\/strong> na\u0161ich individu\u00e1ln\u00edch sv\u011bt\u016f. N\u00e1stroj vz\u00e1jemn\u00e9 <strong>spolupr\u00e1ce<\/strong>.  <\/p>\n\n\n\n<div style=\"height:30px\" aria-hidden=\"true\" class=\"wp-block-spacer\"><\/div>\n\n\n<div class=\"wp-block-image\">\n<figure class=\"aligncenter size-full is-resized\"><img loading=\"lazy\" decoding=\"async\" width=\"1322\" height=\"402\" src=\"https:\/\/www.komunikaciksobebliz.cz\/wp-content\/uploads\/2023\/01\/ToonCamera.jpg\" alt=\"\" class=\"wp-image-3932\" style=\"width:661px;height:201px\"\/><\/figure>\n<\/div>\n\n\n<div style=\"height:30px\" aria-hidden=\"true\" class=\"wp-block-spacer\"><\/div>\n\n\n\n<div class=\"wp-block-columns is-layout-flex wp-container-core-columns-is-layout-9d6595d7 wp-block-columns-is-layout-flex\">\n<div class=\"wp-block-column is-layout-flow wp-block-column-is-layout-flow\" style=\"flex-basis:33.34%\"><\/div>\n\n\n\n<div class=\"wp-block-column is-layout-flow wp-block-column-is-layout-flow\" style=\"flex-basis:100%\">\n<p class=\"has-text-align-center has-text-color has-background\" style=\"color:#620101;background:radial-gradient(rgb(248,241,224) 0%,rgb(236,220,191) 54%,rgb(222,196,162) 100%);font-size:20px\"><strong>JAK KOMUNIKUJEME?<\/strong><\/p>\n<\/div>\n\n\n\n<div class=\"wp-block-column is-layout-flow wp-block-column-is-layout-flow\" style=\"flex-basis:33.33%\"><\/div>\n<\/div>\n\n\n\n<div style=\"height:11px\" aria-hidden=\"true\" class=\"wp-block-spacer\"><\/div>\n\n\n\n<p class=\"has-text-align-left has-text-color\" style=\"color:#451906c2;font-size:18px\"><strong>Styl<\/strong> na\u0161\u00ed komunikace ur\u010duje, zda bude n\u00e1strojem <strong>sbli\u017euj\u00edc\u00edm<\/strong> \u010di \u0161\u00edpem otravuj\u00edc\u00edm <strong>up\u0159\u00edmnost<\/strong>, na\u0161e vztahy i <strong>chu\u0165<\/strong> <strong>se spolu dohodnout<\/strong>. <\/p>\n\n\n\n<p class=\"has-text-align-left has-text-color\" style=\"color:#451906c2;font-size:18px\">Leckdy si ani neuv\u011bdomujeme, jak neprosp\u011b\u0161n\u011b hovo\u0159\u00edme i <strong>sami se sebou<\/strong>. Vytvo\u0159it komunikac\u00ed<strong> skute\u010dn\u00e9 porozum\u011bn\u00ed<\/strong> se pak m\u016f\u017ee st\u00e1t o\u0159\u00ed\u0161kem.<\/p>\n\n\n\n<div style=\"height:30px\" aria-hidden=\"true\" class=\"wp-block-spacer\"><\/div>\n\n\n<div class=\"wp-block-image\">\n<figure class=\"aligncenter size-full is-resized\"><img loading=\"lazy\" decoding=\"async\" width=\"1329\" height=\"414\" src=\"https:\/\/www.komunikaciksobebliz.cz\/wp-content\/uploads\/2023\/01\/ToonCamera5.jpg\" alt=\"\" class=\"wp-image-3933\" style=\"width:665px;height:207px\"\/><\/figure>\n<\/div>\n\n\n<div style=\"height:30px\" aria-hidden=\"true\" class=\"wp-block-spacer\"><\/div>\n\n\n\n<p class=\"has-text-align-left has-text-color\" style=\"color:#451906c2;font-size:18px\"><strong>Nev\u011bdom\u011b<\/strong> komunikac\u00ed bohu\u017eel snadno sklouz\u00e1v\u00e1me <strong>cestou<\/strong> zbyte\u010dn\u011b <em>zra\u0148uj\u00edc\u00edch nedorozum\u011bn\u00ed. <\/em><\/p>\n\n\n\n<p class=\"has-text-align-left has-text-color\" style=\"color:#451906c2;font-size:18px\">A tak z\u016fst\u00e1v\u00e1me v mnoh\u00e9m <em>odd\u011bleni ve sv\u011bt\u011b vlastn\u00edch domn\u011bnek<\/em>, ani\u017e bychom skute\u010dn\u011b <strong>porozum\u011bli<\/strong> tomu, co se d\u011bje ve sv\u011bt\u011b toho druh\u00e9ho.<\/p>\n\n\n\n<div style=\"height:30px\" aria-hidden=\"true\" class=\"wp-block-spacer\"><\/div>\n\n\n<div class=\"wp-block-image\">\n<figure class=\"aligncenter size-full is-resized\"><img loading=\"lazy\" decoding=\"async\" width=\"1332\" height=\"436\" src=\"https:\/\/www.komunikaciksobebliz.cz\/wp-content\/uploads\/2023\/01\/ToonCamera6.jpg\" alt=\"\" class=\"wp-image-3934\" style=\"width:666px;height:218px\"\/><\/figure>\n<\/div>\n\n\n<div style=\"height:30px\" aria-hidden=\"true\" class=\"wp-block-spacer\"><\/div>\n\n\n\n<div class=\"wp-block-columns is-layout-flex wp-container-core-columns-is-layout-9d6595d7 wp-block-columns-is-layout-flex\">\n<div class=\"wp-block-column is-layout-flow wp-block-column-is-layout-flow\" style=\"flex-basis:33.34%\"><\/div>\n\n\n\n<div class=\"wp-block-column is-layout-flow wp-block-column-is-layout-flow\" style=\"flex-basis:100%\">\n<p class=\"has-text-align-center has-text-color has-background\" style=\"color:#620101;background:radial-gradient(rgb(248,241,224) 0%,rgb(236,220,191) 54%,rgb(222,196,162) 100%);font-size:20px\"><strong>SPOLU ?<\/strong><\/p>\n<\/div>\n\n\n\n<div class=\"wp-block-column is-layout-flow wp-block-column-is-layout-flow\" style=\"flex-basis:33.33%\"><\/div>\n<\/div>\n\n\n\n<div style=\"height:11px\" aria-hidden=\"true\" class=\"wp-block-spacer\"><\/div>\n\n\n\n<p class=\"has-text-align-left has-text-color\" style=\"color:#451906c2;font-size:18px\">Na\u0161e<strong> SPOLU<\/strong> tak m\u016f\u017ee plout jen na <em>setrva\u010dn\u00edku domn\u011bl\u00fdch<\/em> <em>p\u0159\u00edb\u011bh\u016f<\/em> na\u0161ich mysl\u00ed, ani\u017e bychom si skute\u010dn\u011b <strong>porozum\u011bli<\/strong> a v\u011bnovali <strong>p\u00e9\u010di <\/strong>na\u0161im <strong>pravdiv\u00fdm<\/strong> <strong>pot\u0159eb\u00e1m<\/strong>. <\/p>\n\n\n\n<p class=\"has-text-align-left has-text-color\" style=\"color:#451906c2;font-size:18px\">Potom n\u00e1s nep\u0159\u00edjemn\u011b p\u0159ekvapuj\u00ed n\u00e1razy neshod tam, kde bychom cht\u011bli bezpe\u010dn\u00e9 vody harmonick\u00e9 bl\u00edzkosti, <strong>podpory<\/strong> a <strong>spolupr\u00e1ce<\/strong>.<\/p>\n\n\n\n<div style=\"height:30px\" aria-hidden=\"true\" class=\"wp-block-spacer\"><\/div>\n\n\n<div class=\"wp-block-image\">\n<figure class=\"aligncenter size-full is-resized\"><img loading=\"lazy\" decoding=\"async\" width=\"1329\" height=\"439\" src=\"https:\/\/www.komunikaciksobebliz.cz\/wp-content\/uploads\/2023\/01\/ToonCamera4.jpg\" alt=\"\" class=\"wp-image-3935\" style=\"width:665px;height:220px\"\/><\/figure>\n<\/div>\n\n\n<div style=\"height:30px\" aria-hidden=\"true\" class=\"wp-block-spacer\"><\/div>\n\n\n\n<div class=\"wp-block-columns is-layout-flex wp-container-core-columns-is-layout-9d6595d7 wp-block-columns-is-layout-flex\">\n<div class=\"wp-block-column is-layout-flow wp-block-column-is-layout-flow\" style=\"flex-basis:33.34%\"><\/div>\n\n\n\n<div class=\"wp-block-column is-layout-flow wp-block-column-is-layout-flow\" style=\"flex-basis:100%\">\n<p class=\"has-text-align-center has-text-color has-background\" style=\"color:#620101;background:radial-gradient(rgb(248,241,224) 0%,rgb(236,220,191) 54%,rgb(222,196,162) 100%);font-size:20px\"><strong>KUDY ?<\/strong><\/p>\n<\/div>\n\n\n\n<div class=\"wp-block-column is-layout-flow wp-block-column-is-layout-flow\" style=\"flex-basis:33.33%\"><\/div>\n<\/div>\n\n\n\n<div style=\"height:11px\" aria-hidden=\"true\" class=\"wp-block-spacer\"><\/div>\n\n\n\n<p class=\"has-text-color\" style=\"color:#451906c2;font-size:18px\">Kdy\u017e ale v\u00edme, jak\u00fdmi cestami se v komunikaci vydat, m\u016f\u017eeme v n\u00ed m\u00edt <strong>spolehliv\u00e9ho par\u0165\u00e1ka<\/strong>.<\/p>\n\n\n\n<div class=\"wp-block-columns alignwide is-layout-flex wp-container-core-columns-is-layout-9d6595d7 wp-block-columns-is-layout-flex\">\n<div class=\"wp-block-column is-layout-flow wp-block-column-is-layout-flow\" style=\"flex-basis:100%\"><div class=\"wp-block-image\">\n<figure class=\"aligncenter size-full is-resized\"><img loading=\"lazy\" decoding=\"async\" width=\"1321\" height=\"643\" src=\"https:\/\/www.komunikaciksobebliz.cz\/wp-content\/uploads\/2022\/12\/ToonCamera2-3.jpg\" alt=\"\" class=\"wp-image-3670\" style=\"width:661px;height:322px\"\/><\/figure>\n<\/div><\/div>\n<\/div>\n\n\n\n<p class=\"has-text-align-left has-text-color\" style=\"color:#451906c2;font-size:18px\">Par\u0165\u00e1ka, kter\u00fd otev\u00edr\u00e1 dve\u0159e up\u0159\u00edmn\u00e9mu p\u0159ibl\u00ed\u017een\u00ed na\u0161ich jedine\u010dn\u00fdch sv\u011bt\u016f. <\/p>\n\n\n\n<p class=\"has-text-align-left has-text-color\" style=\"color:#451906c2;font-size:18px\">Umo\u017e\u0148uje n\u00e1m tak porozum\u011bt tomu, co skute\u010dn\u011b m\u016f\u017eeme a chceme <strong>SPOLU<\/strong>, a to pak napl\u0148ovat.<\/p>\n\n\n\n<div style=\"height:30px\" aria-hidden=\"true\" class=\"wp-block-spacer\"><\/div>\n\n\n\n<div class=\"wp-block-columns is-layout-flex wp-container-core-columns-is-layout-9d6595d7 wp-block-columns-is-layout-flex\">\n<div class=\"wp-block-column is-layout-flow wp-block-column-is-layout-flow\" style=\"flex-basis:33.34%\"><\/div>\n\n\n\n<div class=\"wp-block-column is-layout-flow wp-block-column-is-layout-flow\" style=\"flex-basis:100%\">\n<p class=\"has-text-align-center has-text-color has-background\" style=\"color:#620101;background:radial-gradient(rgb(248,241,224) 0%,rgb(236,220,191) 54%,rgb(222,196,162) 100%);font-size:20px\"><strong>CHCETE TAKOV\u00c9HO PAR\u0164\u00c1KA I VY ?<\/strong><\/p>\n<\/div>\n\n\n\n<div class=\"wp-block-column is-layout-flow wp-block-column-is-layout-flow\" style=\"flex-basis:33.33%\"><\/div>\n<\/div>\n\n\n\n<div style=\"height:11px\" aria-hidden=\"true\" class=\"wp-block-spacer\"><\/div>\n\n\n\n<p class=\"has-text-align-left has-text-color\" style=\"color:#451906c2;font-size:18px\">V <strong>KOMUNIKAC\u00cd K SOB\u011a BL\u00cd\u017d<\/strong> v\u00e1m prozrad\u00edm <strong>kl\u00ed\u010de<\/strong>, kter\u00e9 v\u00e1m za\u010dnou <strong>otev\u00edrat<\/strong> u\u0161i, o\u010di i dve\u0159e ke opravdov\u00fdm <strong>dohod\u00e1m<\/strong>. <\/p>\n\n\n\n<p class=\"has-text-align-left has-text-color\" style=\"color:#451906c2;font-size:18px\">Naleznete onu motivuj\u00edc\u00ed <strong>spole\u010dnou nit porozum\u011bn\u00ed,<\/strong> po kter\u00e9 dojdete o <strong>krok bl\u00ed\u017e<\/strong> sob\u011b, druh\u00fdm i tomu co chcete. Bez n\u00e1tlak\u016f a manipulac\u00ed.<\/p>\n\n\n\n<div style=\"height:30px\" aria-hidden=\"true\" class=\"wp-block-spacer\"><\/div>\n\n\n<div class=\"wp-block-image\">\n<figure class=\"aligncenter size-full is-resized\"><img loading=\"lazy\" decoding=\"async\" width=\"1328\" height=\"455\" src=\"https:\/\/www.komunikaciksobebliz.cz\/wp-content\/uploads\/2023\/01\/ToonCamera2.jpg\" alt=\"\" class=\"wp-image-3937\" style=\"width:664px;height:228px\"\/><\/figure>\n<\/div>\n\n\n<div style=\"height:30px\" aria-hidden=\"true\" class=\"wp-block-spacer\"><\/div>\n\n\n\n<div class=\"wp-block-columns is-layout-flex wp-container-core-columns-is-layout-9d6595d7 wp-block-columns-is-layout-flex\">\n<div class=\"wp-block-column is-layout-flow wp-block-column-is-layout-flow\" style=\"flex-basis:33.34%\"><\/div>\n\n\n\n<div class=\"wp-block-column is-layout-flow wp-block-column-is-layout-flow\" style=\"flex-basis:100%\">\n<p class=\"has-text-align-center has-text-color has-background\" style=\"color:#620101;background:radial-gradient(rgb(248,241,224) 0%,rgb(236,220,191) 54%,rgb(222,196,162) 100%);font-size:20px\"><strong>POJ\u010eTE KOMUNIKAC\u00cd K SOB\u011a BL\u00cd\u017d !<\/strong><\/p>\n<\/div>\n\n\n\n<div class=\"wp-block-column is-layout-flow wp-block-column-is-layout-flow\" style=\"flex-basis:33.33%\"><\/div>\n<\/div>\n\n\n\n<div style=\"height:11px\" aria-hidden=\"true\" class=\"wp-block-spacer\"><\/div>\n\n\n\n<p class=\"has-text-align-left has-text-color\" style=\"color:#583124;font-size:18px\">M\u00e1te chu\u0165 nahl\u00e9dnout do <strong>stylu v\u011bdom\u00e9 komunikace<\/strong>, kter\u00e1 efektivn\u011b <strong>napl\u0148uje vztahy empatick\u00fdm porozum\u011bn\u00edm a respektuj\u00edc\u00ed bl\u00edzkost\u00ed<\/strong>?<\/p>\n\n\n\n<p class=\"has-text-align-left has-text-color\" style=\"color:#583124;font-size:18px\">Zvu v\u00e1s k bli\u017e\u0161\u00edmu prozkoum\u00e1n\u00ed moj\u00ed nab\u00eddky a princip\u016f, na kter\u00fdch stav\u00ed.<\/p>\n\n\n\n<div style=\"height:30px\" aria-hidden=\"true\" class=\"wp-block-spacer\"><\/div>\n\n\n<div class=\"wp-block-image\">\n<figure class=\"aligncenter size-full is-resized\"><img loading=\"lazy\" decoding=\"async\" width=\"1308\" height=\"507\" src=\"https:\/\/www.komunikaciksobebliz.cz\/wp-content\/uploads\/2023\/01\/ToonCamera-1.jpg\" alt=\"\" class=\"wp-image-3956\" style=\"width:654px;height:254px\"\/><\/figure>\n<\/div>\n\n\n<div style=\"height:30px\" aria-hidden=\"true\" class=\"wp-block-spacer\"><\/div>\n<\/div><\/div>\n<\/div>\n<\/div>\n\n\n\n<div class=\"wp-block-columns is-layout-flex wp-container-core-columns-is-layout-9d6595d7 wp-block-columns-is-layout-flex\">\n<div class=\"wp-block-column is-layout-flow wp-block-column-is-layout-flow\" style=\"flex-basis:100%\">\n<div class=\"wp-block-buttons is-content-justification-right is-layout-flex wp-container-core-buttons-is-layout-765c4724 wp-block-buttons-is-layout-flex\">\n<div class=\"wp-block-button aligncenter is-style-outline is-style-outline--1\"><a class=\"wp-block-button__link has-text-color has-background has-custom-font-size wp-element-button\" href=\"http:\/\/www.komunikaciksobebliz.cz\/?page_id=2566\" style=\"border-radius:100px;color:#620101;background:radial-gradient(rgb(248,241,224) 6%,rgb(236,220,191) 33%,rgb(230,210,179) 50%,rgb(222,196,162) 70%,rgb(209,184,154) 100%);font-size:22px\">PROZKOUMEJTE NAB\u00cdDKU<\/a><\/div>\n<\/div>\n<\/div>\n\n\n\n<div class=\"wp-block-column is-layout-flow wp-block-column-is-layout-flow\" style=\"flex-basis:10%\">\n<div style=\"height:4px\" aria-hidden=\"true\" class=\"wp-block-spacer\"><\/div>\n\n\n\n<p class=\"has-text-align-center has-text-color has-larger-font-size\" style=\"color:#583124\">&amp;<\/p>\n<\/div>\n\n\n\n<div class=\"wp-block-column is-layout-flow wp-block-column-is-layout-flow\" style=\"flex-basis:100%\">\n<div class=\"wp-block-buttons is-content-justification-left is-layout-flex wp-container-core-buttons-is-layout-fdcfc74e wp-block-buttons-is-layout-flex\">\n<div class=\"wp-block-button is-style-outline is-style-outline--2\"><a class=\"wp-block-button__link has-text-color has-background has-custom-font-size wp-element-button\" href=\"http:\/\/www.komunikaciksobebliz.cz\/?page_id=1274\" style=\"color:#620101;background:radial-gradient(rgb(248,241,224) 14%,rgb(230,210,179) 47%,rgb(209,184,154) 100%);font-size:22px\" target=\"_blank\" rel=\"noreferrer noopener\">P\u0158E\u010cT\u011aTE SI O METOD\u011a<\/a><\/div>\n<\/div>\n<\/div>\n<\/div>\n\n\n\n<div style=\"height:44px\" aria-hidden=\"true\" class=\"wp-block-spacer\"><\/div>\n","protected":false},"excerpt":{"rendered":"<p>PRO\u010c KOMUNIKUJEME? Komunikace je n\u00e1stroj porozum\u011bn\u00ed a sd\u00edlen\u00ed na\u0161ich individu\u00e1ln\u00edch sv\u011bt\u016f. N\u00e1stroj vz\u00e1jemn\u00e9 spolupr\u00e1ce. JAK KOMUNIKUJEME? Styl na\u0161\u00ed komunikace ur\u010duje, zda bude n\u00e1strojem sbli\u017euj\u00edc\u00edm \u010di \u0161\u00edpem otravuj\u00edc\u00edm up\u0159\u00edmnost, na\u0161e vztahy i chu\u0165 se spolu dohodnout. Leckdy si ani neuv\u011bdomujeme, jak neprosp\u011b\u0161n\u011b hovo\u0159\u00edme i sami se sebou. Vytvo\u0159it komunikac\u00ed skute\u010dn\u00e9 porozum\u011bn\u00ed se pak m\u016f\u017ee st\u00e1t o\u0159\u00ed\u0161kem. Nev\u011bdom\u011b komunikac\u00ed bohu\u017eel snadno sklouz\u00e1v\u00e1me cestou zbyte\u010dn\u011b zra\u0148uj\u00edc\u00edch nedorozum\u011bn\u00ed. A tak z\u016fst\u00e1v\u00e1me v mnoh\u00e9m odd\u011bleni ve sv\u011bt\u011b vlastn\u00edch domn\u011bnek, ani\u017e bychom skute\u010dn\u011b porozum\u011bli tomu, co [&hellip;]<\/p>\n","protected":false},"author":1,"featured_media":0,"parent":0,"menu_order":0,"comment_status":"closed","ping_status":"closed","template":"","meta":{"footnotes":""},"class_list":["post-979","page","type-page","status-publish","hentry"],"yoast_head":"<!-- This site is optimized with the Yoast SEO plugin v23.7 - https:\/\/yoast.com\/wordpress\/plugins\/seo\/ -->\n<title>- KOMUNIKAC\u00cd K SOB\u011a BL\u00cd\u017d<\/title>\n<meta name=\"robots\" content=\"index, follow, max-snippet:-1, max-image-preview:large, max-video-preview:-1\" \/>\n<link rel=\"canonical\" href=\"https:\/\/www.komunikaciksobebliz.cz\/\" \/>\n<meta property=\"og:locale\" content=\"en_US\" \/>\n<meta property=\"og:type\" content=\"article\" \/>\n<meta property=\"og:title\" content=\"- KOMUNIKAC\u00cd K SOB\u011a BL\u00cd\u017d\" \/>\n<meta property=\"og:description\" content=\"PRO\u010c KOMUNIKUJEME? Komunikace je n\u00e1stroj porozum\u011bn\u00ed a sd\u00edlen\u00ed na\u0161ich individu\u00e1ln\u00edch sv\u011bt\u016f. N\u00e1stroj vz\u00e1jemn\u00e9 spolupr\u00e1ce. JAK KOMUNIKUJEME? Styl na\u0161\u00ed komunikace ur\u010duje, zda bude n\u00e1strojem sbli\u017euj\u00edc\u00edm \u010di \u0161\u00edpem otravuj\u00edc\u00edm up\u0159\u00edmnost, na\u0161e vztahy i chu\u0165 se spolu dohodnout. Leckdy si ani neuv\u011bdomujeme, jak neprosp\u011b\u0161n\u011b hovo\u0159\u00edme i sami se sebou. Vytvo\u0159it komunikac\u00ed skute\u010dn\u00e9 porozum\u011bn\u00ed se pak m\u016f\u017ee st\u00e1t o\u0159\u00ed\u0161kem. Nev\u011bdom\u011b komunikac\u00ed bohu\u017eel snadno sklouz\u00e1v\u00e1me cestou zbyte\u010dn\u011b zra\u0148uj\u00edc\u00edch nedorozum\u011bn\u00ed. A tak z\u016fst\u00e1v\u00e1me v mnoh\u00e9m odd\u011bleni ve sv\u011bt\u011b vlastn\u00edch domn\u011bnek, ani\u017e bychom skute\u010dn\u011b porozum\u011bli tomu, co [&hellip;]\" \/>\n<meta property=\"og:url\" content=\"https:\/\/www.komunikaciksobebliz.cz\/\" \/>\n<meta property=\"og:site_name\" content=\"KOMUNIKAC\u00cd K SOB\u011a BL\u00cd\u017d\" \/>\n<meta property=\"article:modified_time\" content=\"2025-08-31T14:54:44+00:00\" \/>\n<meta property=\"og:image\" content=\"https:\/\/www.komunikaciksobebliz.cz\/wp-content\/uploads\/2023\/01\/ToonCamera.jpg\" \/>\n\t<meta property=\"og:image:width\" content=\"1322\" \/>\n\t<meta property=\"og:image:height\" content=\"402\" \/>\n\t<meta property=\"og:image:type\" content=\"image\/jpeg\" \/>\n<meta name=\"twitter:card\" content=\"summary_large_image\" \/>\n<meta name=\"twitter:label1\" content=\"Est. reading time\" \/>\n\t<meta name=\"twitter:data1\" content=\"3 minutes\" \/>\n<script type=\"application\/ld+json\" class=\"yoast-schema-graph\">{\"@context\":\"https:\/\/schema.org\",\"@graph\":[{\"@type\":\"WebPage\",\"@id\":\"https:\/\/www.komunikaciksobebliz.cz\/\",\"url\":\"https:\/\/www.komunikaciksobebliz.cz\/\",\"name\":\"- KOMUNIKAC\u00cd K SOB\u011a BL\u00cd\u017d\",\"isPartOf\":{\"@id\":\"http:\/\/www.komunikaciksobebliz.cz\/#website\"},\"primaryImageOfPage\":{\"@id\":\"https:\/\/www.komunikaciksobebliz.cz\/#primaryimage\"},\"image\":{\"@id\":\"https:\/\/www.komunikaciksobebliz.cz\/#primaryimage\"},\"thumbnailUrl\":\"https:\/\/www.komunikaciksobebliz.cz\/wp-content\/uploads\/2023\/01\/ToonCamera.jpg\",\"datePublished\":\"2022-06-12T15:23:35+00:00\",\"dateModified\":\"2025-08-31T14:54:44+00:00\",\"inLanguage\":\"en-US\",\"potentialAction\":[{\"@type\":\"ReadAction\",\"target\":[\"https:\/\/www.komunikaciksobebliz.cz\/\"]}]},{\"@type\":\"ImageObject\",\"inLanguage\":\"en-US\",\"@id\":\"https:\/\/www.komunikaciksobebliz.cz\/#primaryimage\",\"url\":\"https:\/\/www.komunikaciksobebliz.cz\/wp-content\/uploads\/2023\/01\/ToonCamera.jpg\",\"contentUrl\":\"https:\/\/www.komunikaciksobebliz.cz\/wp-content\/uploads\/2023\/01\/ToonCamera.jpg\",\"width\":1322,\"height\":402},{\"@type\":\"WebSite\",\"@id\":\"http:\/\/www.komunikaciksobebliz.cz\/#website\",\"url\":\"http:\/\/www.komunikaciksobebliz.cz\/\",\"name\":\"KOMUNIKAC\u00cd K SOB\u011a BL\u00cd\u017d\",\"description\":\"\",\"potentialAction\":[{\"@type\":\"SearchAction\",\"target\":{\"@type\":\"EntryPoint\",\"urlTemplate\":\"http:\/\/www.komunikaciksobebliz.cz\/?s={search_term_string}\"},\"query-input\":{\"@type\":\"PropertyValueSpecification\",\"valueRequired\":true,\"valueName\":\"search_term_string\"}}],\"inLanguage\":\"en-US\"}]}<\/script>\n<!-- \/ Yoast SEO plugin. -->","yoast_head_json":{"title":"- KOMUNIKAC\u00cd K SOB\u011a BL\u00cd\u017d","robots":{"index":"index","follow":"follow","max-snippet":"max-snippet:-1","max-image-preview":"max-image-preview:large","max-video-preview":"max-video-preview:-1"},"canonical":"https:\/\/www.komunikaciksobebliz.cz\/","og_locale":"en_US","og_type":"article","og_title":"- KOMUNIKAC\u00cd K SOB\u011a BL\u00cd\u017d","og_description":"PRO\u010c KOMUNIKUJEME? Komunikace je n\u00e1stroj porozum\u011bn\u00ed a sd\u00edlen\u00ed na\u0161ich individu\u00e1ln\u00edch sv\u011bt\u016f. N\u00e1stroj vz\u00e1jemn\u00e9 spolupr\u00e1ce. JAK KOMUNIKUJEME? Styl na\u0161\u00ed komunikace ur\u010duje, zda bude n\u00e1strojem sbli\u017euj\u00edc\u00edm \u010di \u0161\u00edpem otravuj\u00edc\u00edm up\u0159\u00edmnost, na\u0161e vztahy i chu\u0165 se spolu dohodnout. Leckdy si ani neuv\u011bdomujeme, jak neprosp\u011b\u0161n\u011b hovo\u0159\u00edme i sami se sebou. Vytvo\u0159it komunikac\u00ed skute\u010dn\u00e9 porozum\u011bn\u00ed se pak m\u016f\u017ee st\u00e1t o\u0159\u00ed\u0161kem. Nev\u011bdom\u011b komunikac\u00ed bohu\u017eel snadno sklouz\u00e1v\u00e1me cestou zbyte\u010dn\u011b zra\u0148uj\u00edc\u00edch nedorozum\u011bn\u00ed. A tak z\u016fst\u00e1v\u00e1me v mnoh\u00e9m odd\u011bleni ve sv\u011bt\u011b vlastn\u00edch domn\u011bnek, ani\u017e bychom skute\u010dn\u011b porozum\u011bli tomu, co [&hellip;]","og_url":"https:\/\/www.komunikaciksobebliz.cz\/","og_site_name":"KOMUNIKAC\u00cd K SOB\u011a BL\u00cd\u017d","article_modified_time":"2025-08-31T14:54:44+00:00","og_image":[{"width":1322,"height":402,"url":"https:\/\/www.komunikaciksobebliz.cz\/wp-content\/uploads\/2023\/01\/ToonCamera.jpg","type":"image\/jpeg"}],"twitter_card":"summary_large_image","twitter_misc":{"Est. reading time":"3 minutes"},"schema":{"@context":"https:\/\/schema.org","@graph":[{"@type":"WebPage","@id":"https:\/\/www.komunikaciksobebliz.cz\/","url":"https:\/\/www.komunikaciksobebliz.cz\/","name":"- KOMUNIKAC\u00cd K SOB\u011a BL\u00cd\u017d","isPartOf":{"@id":"http:\/\/www.komunikaciksobebliz.cz\/#website"},"primaryImageOfPage":{"@id":"https:\/\/www.komunikaciksobebliz.cz\/#primaryimage"},"image":{"@id":"https:\/\/www.komunikaciksobebliz.cz\/#primaryimage"},"thumbnailUrl":"https:\/\/www.komunikaciksobebliz.cz\/wp-content\/uploads\/2023\/01\/ToonCamera.jpg","datePublished":"2022-06-12T15:23:35+00:00","dateModified":"2025-08-31T14:54:44+00:00","inLanguage":"en-US","potentialAction":[{"@type":"ReadAction","target":["https:\/\/www.komunikaciksobebliz.cz\/"]}]},{"@type":"ImageObject","inLanguage":"en-US","@id":"https:\/\/www.komunikaciksobebliz.cz\/#primaryimage","url":"https:\/\/www.komunikaciksobebliz.cz\/wp-content\/uploads\/2023\/01\/ToonCamera.jpg","contentUrl":"https:\/\/www.komunikaciksobebliz.cz\/wp-content\/uploads\/2023\/01\/ToonCamera.jpg","width":1322,"height":402},{"@type":"WebSite","@id":"http:\/\/www.komunikaciksobebliz.cz\/#website","url":"http:\/\/www.komunikaciksobebliz.cz\/","name":"KOMUNIKAC\u00cd K SOB\u011a BL\u00cd\u017d","description":"","potentialAction":[{"@type":"SearchAction","target":{"@type":"EntryPoint","urlTemplate":"http:\/\/www.komunikaciksobebliz.cz\/?s={search_term_string}"},"query-input":{"@type":"PropertyValueSpecification","valueRequired":true,"valueName":"search_term_string"}}],"inLanguage":"en-US"}]}},"_links":{"self":[{"href":"https:\/\/www.komunikaciksobebliz.cz\/index.php?rest_route=\/wp\/v2\/pages\/979","targetHints":{"allow":["GET"]}}],"collection":[{"href":"https:\/\/www.komunikaciksobebliz.cz\/index.php?rest_route=\/wp\/v2\/pages"}],"about":[{"href":"https:\/\/www.komunikaciksobebliz.cz\/index.php?rest_route=\/wp\/v2\/types\/page"}],"author":[{"embeddable":true,"href":"https:\/\/www.komunikaciksobebliz.cz\/index.php?rest_route=\/wp\/v2\/users\/1"}],"replies":[{"embeddable":true,"href":"https:\/\/www.komunikaciksobebliz.cz\/index.php?rest_route=%2Fwp%2Fv2%2Fcomments&post=979"}],"version-history":[{"count":380,"href":"https:\/\/www.komunikaciksobebliz.cz\/index.php?rest_route=\/wp\/v2\/pages\/979\/revisions"}],"predecessor-version":[{"id":4682,"href":"https:\/\/www.komunikaciksobebliz.cz\/index.php?rest_route=\/wp\/v2\/pages\/979\/revisions\/4682"}],"wp:attachment":[{"href":"https:\/\/www.komunikaciksobebliz.cz\/index.php?rest_route=%2Fwp%2Fv2%2Fmedia&parent=979"}],"curies":[{"name":"wp","href":"https:\/\/api.w.org\/{rel}","templated":true}]}}