{"id":525,"date":"2022-05-10T20:50:41","date_gmt":"2022-05-10T20:50:41","guid":{"rendered":"http:\/\/35.237.3.110\/wordpress\/?page_id=525"},"modified":"2023-02-22T13:35:40","modified_gmt":"2023-02-22T13:35:40","slug":"soucasna-nabidka","status":"publish","type":"page","link":"https:\/\/www.komunikaciksobebliz.cz\/?page_id=525","title":{"rendered":"KURZ Z\u00c1KLADN\u00cdCH DOVEDNOST\u00cd"},"content":{"rendered":"\n<div class=\"wp-block-group alignwide has-text-color\" style=\"color:#451906c2;font-size:20px\"><div class=\"wp-block-group__inner-container is-layout-constrained wp-block-group-is-layout-constrained\">\n<div class=\"wp-block-columns is-layout-flex wp-container-core-columns-is-layout-9d6595d7 wp-block-columns-is-layout-flex\">\n<div class=\"wp-block-column is-layout-flow wp-block-column-is-layout-flow\" style=\"flex-basis:33.34%\"><\/div>\n\n\n\n<div class=\"wp-block-column is-layout-flow wp-block-column-is-layout-flow\" style=\"flex-basis:100%\">\n<p class=\"has-text-align-center has-text-color has-background\" style=\"color:#620101;background:radial-gradient(rgb(248,241,224) 0%,rgb(236,220,191) 54%,rgb(222,196,162) 100%);font-size:18px\"><strong>SBLI\u017dUJ\u00cdC\u00cd KOMUNIKACE<\/strong><\/p>\n<\/div>\n\n\n\n<div class=\"wp-block-column is-layout-flow wp-block-column-is-layout-flow\" style=\"flex-basis:33.33%\"><\/div>\n<\/div>\n\n\n\n<div style=\"height:18px\" aria-hidden=\"true\" class=\"wp-block-spacer\"><\/div>\n\n\n<div class=\"wp-block-image\">\n<figure class=\"alignright size-full is-resized\"><img loading=\"lazy\" decoding=\"async\" src=\"https:\/\/www.komunikaciksobebliz.cz\/wp-content\/uploads\/2022\/12\/komunikace-toon.jpg\" alt=\"\" class=\"wp-image-3732\" width=\"382\" height=\"154\"\/><\/figure>\n<\/div>\n\n\n<p class=\"has-text-color\" style=\"color:#451906c2;font-size:18px\">Kurz z\u00e1kladn\u00edch dovednost\u00ed v\u011bdom\u011b sbli\u017euj\u00edc\u00ed komunikace stav\u00ed na <strong>empatick\u00e9m porozum\u011bn\u00ed sob\u011b i druh\u00fdm lidem<\/strong>. Takov\u00e9 porozum\u011bn\u00ed prohlubuje n\u00e1\u0161 <strong>kontakt se sebou i s druh\u00fdmi<\/strong>. D\u00edky tomu sm\u011b\u0159ujeme touto komunikac\u00ed k <strong>vz\u00e1jemn\u011b<\/strong> <strong>motivuj\u00edc\u00edm <\/strong>dohod\u00e1m a <strong>up\u0159\u00edmn\u00e9 chuti<\/strong> ke <strong>spolupr\u00e1ci<\/strong> i n\u00e1sledn\u00e9 radosti z n\u00ed.<\/p>\n\n\n\n<p style=\"font-size:18px\">Pomoc\u00ed n\u00e1stroj\u016f v\u011bdom\u011b sbli\u017euj\u00edc\u00ed komunikace :<\/p>\n\n\n\n<div class=\"wp-block-columns is-layout-flex wp-container-core-columns-is-layout-9d6595d7 wp-block-columns-is-layout-flex\">\n<div class=\"wp-block-column is-layout-flow wp-block-column-is-layout-flow\" style=\"flex-basis:50%\"><div class=\"wp-block-image\">\n<figure class=\"alignright size-full is-resized\"><img loading=\"lazy\" decoding=\"async\" src=\"https:\/\/www.komunikaciksobebliz.cz\/wp-content\/uploads\/2023\/01\/ToonCamera7.jpg\" alt=\"\" class=\"wp-image-3938\" width=\"659\" height=\"207\"\/><\/figure>\n<\/div><\/div>\n\n\n\n<div class=\"wp-block-column is-layout-flow wp-block-column-is-layout-flow\" style=\"flex-basis:70%\">\n<ul class=\"wp-block-list\" style=\"font-size:20px\">\n<li>EMPATICK\u00dd KONTAKT<\/li>\n\n\n\n<li>OCE\u0147OV\u00c1N\u00cd P\u0158ISP\u00cdV\u00c1N\u00cd<\/li>\n\n\n\n<li>POJMENOV\u00c1N\u00cd A ROZ\u0160I\u0158OV\u00c1N\u00cd SPOLE\u010cN\u00c9 REALITY<\/li>\n\n\n\n<li>ZODPOV\u011aDNOST P\u00c9\u010cE O VLASTN\u00cd POT\u0158EBY<\/li>\n\n\n\n<li>PROSBA A RESPEKT K VOLB\u011a<\/li>\n\n\n\n<li>STRATEGIE Z V\u011aDOM\u00cd POT\u0158EB<\/li>\n<\/ul>\n<\/div>\n<\/div>\n\n\n\n<p style=\"font-size:18px\">si budeme osvojovat <strong>ozdravn\u00e9 <\/strong>a <strong>v\u011bdom\u00e9 <\/strong>zach\u00e1zen\u00ed s <strong>kl\u00ed\u010dov\u00fdmi<\/strong> prvky komunikace:<\/p>\n\n\n\n<div style=\"height:18px\" aria-hidden=\"true\" class=\"wp-block-spacer\"><\/div>\n\n\n\n<div class=\"wp-block-columns is-layout-flex wp-container-core-columns-is-layout-9d6595d7 wp-block-columns-is-layout-flex\">\n<div class=\"wp-block-column is-layout-flow wp-block-column-is-layout-flow\">\n<div class=\"wp-block-columns is-layout-flex wp-container-core-columns-is-layout-9d6595d7 wp-block-columns-is-layout-flex\">\n<div class=\"wp-block-column is-layout-flow wp-block-column-is-layout-flow\">\n<h2 class=\"alignwide has-text-align-center has-text-color has-background wp-block-heading\" style=\"color:#620101;background:radial-gradient(rgb(248,241,224) 0%,rgb(239,225,198) 44%,rgb(222,196,162) 100%);font-size:18px\"><strong>LIDSK\u00c9 POT\u0158EBY<\/strong><\/h2>\n<\/div>\n\n\n\n<div class=\"wp-block-column is-layout-flow wp-block-column-is-layout-flow\">\n<h2 class=\"alignwide has-text-align-center has-text-color has-background wp-block-heading\" style=\"color:#620101;background:radial-gradient(rgb(248,241,224) 0%,rgb(239,225,198) 44%,rgb(222,196,162) 100%);font-size:18px\"><strong>INTERPRETACE<\/strong><\/h2>\n<\/div>\n\n\n\n<div class=\"wp-block-column is-layout-flow wp-block-column-is-layout-flow\">\n<h2 class=\"alignwide has-text-align-center has-text-color has-background wp-block-heading\" style=\"color:#620101;background:radial-gradient(rgb(248,241,224) 0%,rgb(239,225,198) 44%,rgb(222,196,162) 100%);font-size:18px\"><strong>EMOCE<\/strong><\/h2>\n<\/div>\n<\/div>\n<\/div>\n\n\n\n<div class=\"wp-block-column is-layout-flow wp-block-column-is-layout-flow\" style=\"flex-basis:20%\">\n<h2 class=\"alignwide has-text-align-center has-text-color has-background wp-block-heading\" style=\"color:#620101;background:radial-gradient(rgb(248,241,224) 0%,rgb(239,225,198) 44%,rgb(222,196,162) 100%);font-size:18px\"><strong>KREATIVITA<\/strong> <strong>\u0158E\u0160EN\u00cd<\/strong><\/h2>\n<\/div>\n<\/div>\n\n\n\n<div class=\"wp-block-columns is-layout-flex wp-container-core-columns-is-layout-9d6595d7 wp-block-columns-is-layout-flex\">\n<div class=\"wp-block-column is-layout-flow wp-block-column-is-layout-flow\">\n<div class=\"wp-block-columns is-layout-flex wp-container-core-columns-is-layout-9d6595d7 wp-block-columns-is-layout-flex\">\n<div class=\"wp-block-column is-layout-flow wp-block-column-is-layout-flow\">\n<h2 class=\"alignwide has-text-align-center has-text-color has-background wp-block-heading\" style=\"color:#620101;background:radial-gradient(rgb(248,241,224) 0%,rgb(239,225,198) 44%,rgb(222,196,162) 100%);font-size:18px\"><strong>AKTIVN\u00cd KONTAKT<\/strong><\/h2>\n<\/div>\n\n\n\n<div class=\"wp-block-column is-layout-flow wp-block-column-is-layout-flow\">\n<h2 class=\"alignwide has-text-align-center has-text-color has-background wp-block-heading\" style=\"color:#620101;background:radial-gradient(rgb(248,241,224) 0%,rgb(239,225,198) 44%,rgb(222,196,162) 100%);font-size:18px\"><strong>NASLOUCH\u00c1N\u00cd<\/strong><\/h2>\n<\/div>\n\n\n\n<div class=\"wp-block-column is-layout-flow wp-block-column-is-layout-flow\">\n<h2 class=\"alignwide has-text-align-center has-text-color has-background wp-block-heading\" style=\"color:#620101;background:radial-gradient(rgb(248,241,224) 0%,rgb(239,225,198) 44%,rgb(222,196,162) 100%);font-size:18px\"><strong>SEBEVYJ\u00c1D\u0158EN\u00cd<\/strong><\/h2>\n<\/div>\n\n\n\n<div class=\"wp-block-column is-layout-flow wp-block-column-is-layout-flow\">\n<h2 class=\"alignwide has-text-align-center has-text-color has-background wp-block-heading\" style=\"color:#620101;background:radial-gradient(rgb(248,241,224) 0%,rgb(239,225,198) 44%,rgb(222,196,162) 100%);font-size:18px\"><strong>DIALOG<\/strong><\/h2>\n<\/div>\n<\/div>\n<\/div>\n<\/div>\n\n\n\n<div class=\"wp-block-columns are-vertically-aligned-center is-layout-flex wp-container-core-columns-is-layout-9d6595d7 wp-block-columns-is-layout-flex\">\n<div class=\"wp-block-column is-vertically-aligned-center is-layout-flow wp-block-column-is-layout-flow\" style=\"flex-basis:50%\">\n<p style=\"font-size:18px\">Absolvov\u00e1n\u00ed kurzu v\u00e1m poskytne profesion\u00e1ly vytvo\u0159enou a v\u00e1mi pro\u0161l\u00e1pnutou <strong>mapu s orientac\u00ed<\/strong>, kudy a kam m\u016f\u017eete r\u016fzn\u00fdmi <strong>cestami<\/strong> v komunikaci doj\u00edt.<\/p>\n<\/div>\n\n\n\n<div class=\"wp-block-column is-vertically-aligned-center is-layout-flow wp-block-column-is-layout-flow\" style=\"flex-basis:50%\"><div class=\"wp-block-image\">\n<figure class=\"aligncenter size-full is-resized\"><img loading=\"lazy\" decoding=\"async\" src=\"https:\/\/www.komunikaciksobebliz.cz\/wp-content\/uploads\/2022\/12\/mapa-kompas-1.png\" alt=\"\" class=\"wp-image-3672\" width=\"431\" height=\"204\"\/><\/figure>\n<\/div><\/div>\n<\/div>\n\n\n\n<p class=\"has-text-color\" style=\"color:#451906c2;font-size:18px\">Techniky a va\u0161e aktivn\u00ed <strong>\u00fa\u010dast <\/strong>v kurzu<strong> <\/strong>nav\u00fd\u0161\u00ed <strong>va\u0161\u00ed schopnost zdrav\u00e9 empatie, respektu <\/strong>a <strong>rozli\u0161ov\u00e1n\u00ed vlastn\u00ed hodnotov\u00e9 <\/strong>orientace. <\/p>\n\n\n\n<div class=\"wp-block-group\"><div class=\"wp-block-group__inner-container is-layout-constrained wp-block-group-is-layout-constrained\">\n<div class=\"wp-block-columns is-layout-flex wp-container-core-columns-is-layout-9d6595d7 wp-block-columns-is-layout-flex\">\n<div class=\"wp-block-column picture-column is-layout-flow wp-block-column-is-layout-flow\" style=\"flex-basis:27.03%\"><div class=\"wp-block-image\">\n<figure class=\"aligncenter size-full is-resized\"><img loading=\"lazy\" decoding=\"async\" src=\"https:\/\/www.komunikaciksobebliz.cz\/wp-content\/uploads\/2023\/01\/LOGO-1-1.png\" alt=\"\" class=\"wp-image-4318\" width=\"117\" height=\"96\"\/><\/figure>\n<\/div>\n\n\n<div style=\"height:6px\" aria-hidden=\"true\" class=\"wp-block-spacer\"><\/div>\n\n\n<div class=\"wp-block-image\">\n<figure class=\"aligncenter size-full is-resized\"><img loading=\"lazy\" decoding=\"async\" src=\"https:\/\/www.komunikaciksobebliz.cz\/wp-content\/uploads\/2022\/12\/LOGO-2.png\" alt=\"\" class=\"wp-image-3592\" width=\"110\" height=\"94\"\/><\/figure>\n<\/div>\n\n\n<div style=\"height:25px\" aria-hidden=\"true\" class=\"wp-block-spacer\"><\/div>\n\n\n<div class=\"wp-block-image\">\n<figure class=\"aligncenter size-full\"><img loading=\"lazy\" decoding=\"async\" width=\"1321\" height=\"643\" src=\"https:\/\/www.komunikaciksobebliz.cz\/wp-content\/uploads\/2022\/12\/ToonCamera2-3.jpg\" alt=\"\" class=\"wp-image-3670\"\/><\/figure>\n<\/div><\/div>\n\n\n\n<div class=\"wp-block-column is-layout-flow wp-block-column-is-layout-flow\" style=\"flex-basis:72.97%\">\n<div class=\"wp-block-group\" style=\"font-size:18px\"><div class=\"wp-block-group__inner-container is-layout-constrained wp-block-group-is-layout-constrained\">\n<ul class=\"wp-block-list\" style=\"font-size:18px\">\n<li>U\u017e v pr\u016fb\u011bhu kurzu tak <strong>prohloub\u00edte vztah a porozum\u011bn\u00ed <\/strong>sami se sebou i s druh\u00fdmi lidmi.<\/li>\n<\/ul>\n\n\n\n<ul class=\"wp-block-list\" style=\"font-size:18px\">\n<li>Prohloub\u00edte kontakt s lidsk\u00fdmi <strong>pot\u0159ebami<\/strong> a jejich hodnotou. <\/li>\n<\/ul>\n\n\n\n<ul class=\"wp-block-list\" style=\"font-size:18px\">\n<li>Obohat\u00edte svoje schopnosti <strong>p\u00e9\u010de<\/strong> o vlastn\u00ed pot\u0159eby. <\/li>\n<\/ul>\n\n\n\n<ul class=\"wp-block-list\" style=\"font-size:18px\">\n<li>Zv\u011bdom\u00edte si rozd\u00edly mezi komunikac\u00ed <strong>vnit\u0159n\u00ed a vn\u011bj\u0161\u00ed<\/strong><\/li>\n<\/ul>\n\n\n\n<ul class=\"wp-block-list\" style=\"font-size:18px\">\n<li>Nav\u00fd\u0161\u00edte svoji kapacitu naslouch\u00e1n\u00ed pro r\u016fst vz\u00e1jemnosti, <strong>bl\u00edzkosti<\/strong> a <strong>motivovan\u00e9 spolupr\u00e1ce<\/strong> ve vztaz\u00edch, na kter\u00fdch v\u00e1m z\u00e1le\u017e\u00ed.  <\/li>\n<\/ul>\n\n\n\n<ul class=\"wp-block-list\" style=\"font-size:18px\">\n<li>Roz\u0161\u00ed\u0159\u00edte <strong>mo\u017enosti svoj\u00ed volby<\/strong> na komunika\u010dn\u00edch k\u0159i\u017eovatk\u00e1ch.<\/li>\n<\/ul>\n\n\n\n<ul class=\"wp-block-list\">\n<li>Nau\u010d\u00edte se <strong>\u017e\u00e1dat s respektem<\/strong> k sob\u011b i k ostatn\u00edm.<\/li>\n<\/ul>\n\n\n\n<ul class=\"wp-block-list\" style=\"font-size:18px\">\n<li>Vyzkou\u0161\u00edte si, jak vytv\u00e1\u0159et <strong>dohody<\/strong>, kter\u00e9 <strong>respektuj\u00ed<\/strong> va\u0161e <strong>pot\u0159eby<\/strong> i pot\u0159eby ostatn\u00edch a podporuj\u00ed tak <strong>z\u00e1jem <\/strong>a <strong>zdrav\u00fd r\u016fst <\/strong>v\u0161ech z\u00fa\u010dastn\u011bn\u00fdch. <\/li>\n<\/ul>\n<\/div><\/div>\n<\/div>\n<\/div>\n<\/div><\/div>\n\n\n\n<div style=\"height:23px\" aria-hidden=\"true\" class=\"wp-block-spacer\"><\/div>\n\n\n<div class=\"wp-block-image is-style-default\">\n<figure class=\"aligncenter size-full is-resized\"><img loading=\"lazy\" decoding=\"async\" src=\"https:\/\/www.komunikaciksobebliz.cz\/wp-content\/uploads\/2023\/01\/ToonCamera-1.jpg\" alt=\"\" class=\"wp-image-3956\" width=\"654\" height=\"254\"\/><\/figure>\n<\/div>\n\n\n<div style=\"height:23px\" aria-hidden=\"true\" class=\"wp-block-spacer\"><\/div>\n\n\n\n<p class=\"has-text-align-center has-text-color\" style=\"color:#451906c2;font-size:18px\">Zaujaly V\u00e1\u0161 <strong>p\u0159\u00ednosy kurzu<\/strong>?<\/p>\n\n\n\n<div style=\"height:14px\" aria-hidden=\"true\" class=\"wp-block-spacer\"><\/div>\n\n\n\n<div style=\"height:35px\" aria-hidden=\"true\" class=\"wp-block-spacer\"><\/div>\n\n\n\n<div class=\"wp-block-columns is-layout-flex wp-container-core-columns-is-layout-9d6595d7 wp-block-columns-is-layout-flex\">\n<div class=\"wp-block-column is-layout-flow wp-block-column-is-layout-flow\" style=\"flex-basis:100%\">\n<div class=\"wp-block-buttons is-content-justification-right is-layout-flex wp-container-core-buttons-is-layout-765c4724 wp-block-buttons-is-layout-flex\">\n<div class=\"wp-block-button has-custom-font-size is-style-outline is-style-outline--1\" style=\"font-size:22px\"><a class=\"wp-block-button__link has-text-color has-background wp-element-button\" href=\"http:\/\/www.komunikaciksobebliz.cz\/?page_id=3909\" style=\"color:#620101;background:radial-gradient(rgb(248,241,224) 14%,rgb(230,210,179) 47%,rgb(209,184,154) 100%)\">PROHL\u00c9DN\u011aTE SI DETAILY<\/a><\/div>\n<\/div>\n<\/div>\n\n\n\n<div class=\"wp-block-column is-layout-flow wp-block-column-is-layout-flow\" style=\"flex-basis:100px\">\n<div style=\"height:3px\" aria-hidden=\"true\" class=\"wp-block-spacer\"><\/div>\n\n\n\n<p class=\"has-text-align-center has-larger-font-size\">&amp;<\/p>\n<\/div>\n\n\n\n<div class=\"wp-block-column is-layout-flow wp-block-column-is-layout-flow\" style=\"flex-basis:100%\">\n<div class=\"wp-block-buttons is-layout-flex wp-block-buttons-is-layout-flex\">\n<div class=\"wp-block-button has-custom-font-size is-style-outline is-style-outline--2\" style=\"font-size:22px\"><a class=\"wp-block-button__link has-text-color has-background wp-element-button\" href=\"http:\/\/www.komunikaciksobebliz.cz\/?page_id=3920\" style=\"color:#620101;background:radial-gradient(rgb(248,241,224) 0%,rgb(230,210,179) 45%,rgb(209,184,154) 100%)\">DEJTE MI V\u011aD\u011aT O SV\u00c9M Z\u00c1JMU<\/a><\/div>\n<\/div>\n<\/div>\n<\/div>\n<\/div><\/div>\n\n\n\n<div style=\"height:20px\" aria-hidden=\"true\" class=\"wp-block-spacer\"><\/div>\n\n\n\n<hr class=\"wp-block-separator has-alpha-channel-opacity is-style-wide\"\/>\n\n\n\n<p class=\"has-text-align-center has-text-color has-regular-font-size\" style=\"color:#451906c2\">Je mo\u017en\u00e9 se domluvit i na <strong>individu\u00e1ln\u00edch tr\u00e9ninc\u00edch<\/strong> v\u011bdom\u00e9 komunikace. M\u00e1te-li o tyto z\u00e1jem, pokra\u010dujte pros\u00edm <a href=\"http:\/\/www.komunikaciksobebliz.cz\/?page_id=4110\">zde<\/a>.<\/p>\n","protected":false},"excerpt":{"rendered":"<p>SBLI\u017dUJ\u00cdC\u00cd KOMUNIKACE Kurz z\u00e1kladn\u00edch dovednost\u00ed v\u011bdom\u011b sbli\u017euj\u00edc\u00ed komunikace stav\u00ed na empatick\u00e9m porozum\u011bn\u00ed sob\u011b i druh\u00fdm lidem. Takov\u00e9 porozum\u011bn\u00ed prohlubuje n\u00e1\u0161 kontakt se sebou i s druh\u00fdmi. D\u00edky tomu sm\u011b\u0159ujeme touto komunikac\u00ed k vz\u00e1jemn\u011b motivuj\u00edc\u00edm dohod\u00e1m a up\u0159\u00edmn\u00e9 chuti ke spolupr\u00e1ci i n\u00e1sledn\u00e9 radosti z n\u00ed. Pomoc\u00ed n\u00e1stroj\u016f v\u011bdom\u011b sbli\u017euj\u00edc\u00ed komunikace : si budeme osvojovat ozdravn\u00e9 a v\u011bdom\u00e9 zach\u00e1zen\u00ed s kl\u00ed\u010dov\u00fdmi prvky komunikace: LIDSK\u00c9 POT\u0158EBY INTERPRETACE EMOCE KREATIVITA \u0158E\u0160EN\u00cd AKTIVN\u00cd KONTAKT NASLOUCH\u00c1N\u00cd SEBEVYJ\u00c1D\u0158EN\u00cd DIALOG Absolvov\u00e1n\u00ed kurzu v\u00e1m poskytne profesion\u00e1ly vytvo\u0159enou a [&hellip;]<\/p>\n","protected":false},"author":1,"featured_media":0,"parent":0,"menu_order":0,"comment_status":"closed","ping_status":"closed","template":"","meta":{"footnotes":""},"class_list":["post-525","page","type-page","status-publish","hentry"],"yoast_head":"<!-- This site is optimized with the Yoast SEO plugin v23.7 - https:\/\/yoast.com\/wordpress\/plugins\/seo\/ -->\n<title>KURZ Z\u00c1KLADN\u00cdCH DOVEDNOST\u00cd - KOMUNIKAC\u00cd K SOB\u011a BL\u00cd\u017d<\/title>\n<meta name=\"robots\" content=\"index, follow, max-snippet:-1, max-image-preview:large, max-video-preview:-1\" \/>\n<link rel=\"canonical\" href=\"https:\/\/www.komunikaciksobebliz.cz\/?page_id=525\" \/>\n<meta property=\"og:locale\" content=\"en_US\" \/>\n<meta property=\"og:type\" content=\"article\" \/>\n<meta property=\"og:title\" content=\"KURZ Z\u00c1KLADN\u00cdCH DOVEDNOST\u00cd - KOMUNIKAC\u00cd K SOB\u011a BL\u00cd\u017d\" \/>\n<meta property=\"og:description\" content=\"SBLI\u017dUJ\u00cdC\u00cd KOMUNIKACE Kurz z\u00e1kladn\u00edch dovednost\u00ed v\u011bdom\u011b sbli\u017euj\u00edc\u00ed komunikace stav\u00ed na empatick\u00e9m porozum\u011bn\u00ed sob\u011b i druh\u00fdm lidem. Takov\u00e9 porozum\u011bn\u00ed prohlubuje n\u00e1\u0161 kontakt se sebou i s druh\u00fdmi. D\u00edky tomu sm\u011b\u0159ujeme touto komunikac\u00ed k vz\u00e1jemn\u011b motivuj\u00edc\u00edm dohod\u00e1m a up\u0159\u00edmn\u00e9 chuti ke spolupr\u00e1ci i n\u00e1sledn\u00e9 radosti z n\u00ed. Pomoc\u00ed n\u00e1stroj\u016f v\u011bdom\u011b sbli\u017euj\u00edc\u00ed komunikace : si budeme osvojovat ozdravn\u00e9 a v\u011bdom\u00e9 zach\u00e1zen\u00ed s kl\u00ed\u010dov\u00fdmi prvky komunikace: LIDSK\u00c9 POT\u0158EBY INTERPRETACE EMOCE KREATIVITA \u0158E\u0160EN\u00cd AKTIVN\u00cd KONTAKT NASLOUCH\u00c1N\u00cd SEBEVYJ\u00c1D\u0158EN\u00cd DIALOG Absolvov\u00e1n\u00ed kurzu v\u00e1m poskytne profesion\u00e1ly vytvo\u0159enou a [&hellip;]\" \/>\n<meta property=\"og:url\" content=\"https:\/\/www.komunikaciksobebliz.cz\/?page_id=525\" \/>\n<meta property=\"og:site_name\" content=\"KOMUNIKAC\u00cd K SOB\u011a BL\u00cd\u017d\" \/>\n<meta property=\"article:modified_time\" content=\"2023-02-22T13:35:40+00:00\" \/>\n<meta property=\"og:image\" content=\"https:\/\/www.komunikaciksobebliz.cz\/wp-content\/uploads\/2022\/12\/komunikace-toon.jpg\" \/>\n<meta name=\"twitter:card\" content=\"summary_large_image\" \/>\n<meta name=\"twitter:label1\" content=\"Est. reading time\" \/>\n\t<meta name=\"twitter:data1\" content=\"2 minutes\" \/>\n<script type=\"application\/ld+json\" class=\"yoast-schema-graph\">{\"@context\":\"https:\/\/schema.org\",\"@graph\":[{\"@type\":\"WebPage\",\"@id\":\"https:\/\/www.komunikaciksobebliz.cz\/?page_id=525\",\"url\":\"https:\/\/www.komunikaciksobebliz.cz\/?page_id=525\",\"name\":\"KURZ Z\u00c1KLADN\u00cdCH DOVEDNOST\u00cd - KOMUNIKAC\u00cd K SOB\u011a BL\u00cd\u017d\",\"isPartOf\":{\"@id\":\"http:\/\/www.komunikaciksobebliz.cz\/#website\"},\"primaryImageOfPage\":{\"@id\":\"https:\/\/www.komunikaciksobebliz.cz\/?page_id=525#primaryimage\"},\"image\":{\"@id\":\"https:\/\/www.komunikaciksobebliz.cz\/?page_id=525#primaryimage\"},\"thumbnailUrl\":\"https:\/\/www.komunikaciksobebliz.cz\/wp-content\/uploads\/2022\/12\/komunikace-toon.jpg\",\"datePublished\":\"2022-05-10T20:50:41+00:00\",\"dateModified\":\"2023-02-22T13:35:40+00:00\",\"breadcrumb\":{\"@id\":\"https:\/\/www.komunikaciksobebliz.cz\/?page_id=525#breadcrumb\"},\"inLanguage\":\"en-US\",\"potentialAction\":[{\"@type\":\"ReadAction\",\"target\":[\"https:\/\/www.komunikaciksobebliz.cz\/?page_id=525\"]}]},{\"@type\":\"ImageObject\",\"inLanguage\":\"en-US\",\"@id\":\"https:\/\/www.komunikaciksobebliz.cz\/?page_id=525#primaryimage\",\"url\":\"https:\/\/www.komunikaciksobebliz.cz\/wp-content\/uploads\/2022\/12\/komunikace-toon.jpg\",\"contentUrl\":\"https:\/\/www.komunikaciksobebliz.cz\/wp-content\/uploads\/2022\/12\/komunikace-toon.jpg\",\"width\":1188,\"height\":479},{\"@type\":\"BreadcrumbList\",\"@id\":\"https:\/\/www.komunikaciksobebliz.cz\/?page_id=525#breadcrumb\",\"itemListElement\":[{\"@type\":\"ListItem\",\"position\":1,\"name\":\"Home\",\"item\":\"https:\/\/www.komunikaciksobebliz.cz\/\"},{\"@type\":\"ListItem\",\"position\":2,\"name\":\"KURZ Z\u00c1KLADN\u00cdCH DOVEDNOST\u00cd\"}]},{\"@type\":\"WebSite\",\"@id\":\"http:\/\/www.komunikaciksobebliz.cz\/#website\",\"url\":\"http:\/\/www.komunikaciksobebliz.cz\/\",\"name\":\"KOMUNIKAC\u00cd K SOB\u011a BL\u00cd\u017d\",\"description\":\"\",\"potentialAction\":[{\"@type\":\"SearchAction\",\"target\":{\"@type\":\"EntryPoint\",\"urlTemplate\":\"http:\/\/www.komunikaciksobebliz.cz\/?s={search_term_string}\"},\"query-input\":{\"@type\":\"PropertyValueSpecification\",\"valueRequired\":true,\"valueName\":\"search_term_string\"}}],\"inLanguage\":\"en-US\"}]}<\/script>\n<!-- \/ Yoast SEO plugin. -->","yoast_head_json":{"title":"KURZ Z\u00c1KLADN\u00cdCH DOVEDNOST\u00cd - KOMUNIKAC\u00cd K SOB\u011a BL\u00cd\u017d","robots":{"index":"index","follow":"follow","max-snippet":"max-snippet:-1","max-image-preview":"max-image-preview:large","max-video-preview":"max-video-preview:-1"},"canonical":"https:\/\/www.komunikaciksobebliz.cz\/?page_id=525","og_locale":"en_US","og_type":"article","og_title":"KURZ Z\u00c1KLADN\u00cdCH DOVEDNOST\u00cd - KOMUNIKAC\u00cd K SOB\u011a BL\u00cd\u017d","og_description":"SBLI\u017dUJ\u00cdC\u00cd KOMUNIKACE Kurz z\u00e1kladn\u00edch dovednost\u00ed v\u011bdom\u011b sbli\u017euj\u00edc\u00ed komunikace stav\u00ed na empatick\u00e9m porozum\u011bn\u00ed sob\u011b i druh\u00fdm lidem. Takov\u00e9 porozum\u011bn\u00ed prohlubuje n\u00e1\u0161 kontakt se sebou i s druh\u00fdmi. D\u00edky tomu sm\u011b\u0159ujeme touto komunikac\u00ed k vz\u00e1jemn\u011b motivuj\u00edc\u00edm dohod\u00e1m a up\u0159\u00edmn\u00e9 chuti ke spolupr\u00e1ci i n\u00e1sledn\u00e9 radosti z n\u00ed. Pomoc\u00ed n\u00e1stroj\u016f v\u011bdom\u011b sbli\u017euj\u00edc\u00ed komunikace : si budeme osvojovat ozdravn\u00e9 a v\u011bdom\u00e9 zach\u00e1zen\u00ed s kl\u00ed\u010dov\u00fdmi prvky komunikace: LIDSK\u00c9 POT\u0158EBY INTERPRETACE EMOCE KREATIVITA \u0158E\u0160EN\u00cd AKTIVN\u00cd KONTAKT NASLOUCH\u00c1N\u00cd SEBEVYJ\u00c1D\u0158EN\u00cd DIALOG Absolvov\u00e1n\u00ed kurzu v\u00e1m poskytne profesion\u00e1ly vytvo\u0159enou a [&hellip;]","og_url":"https:\/\/www.komunikaciksobebliz.cz\/?page_id=525","og_site_name":"KOMUNIKAC\u00cd K SOB\u011a BL\u00cd\u017d","article_modified_time":"2023-02-22T13:35:40+00:00","og_image":[{"url":"https:\/\/www.komunikaciksobebliz.cz\/wp-content\/uploads\/2022\/12\/komunikace-toon.jpg"}],"twitter_card":"summary_large_image","twitter_misc":{"Est. reading time":"2 minutes"},"schema":{"@context":"https:\/\/schema.org","@graph":[{"@type":"WebPage","@id":"https:\/\/www.komunikaciksobebliz.cz\/?page_id=525","url":"https:\/\/www.komunikaciksobebliz.cz\/?page_id=525","name":"KURZ Z\u00c1KLADN\u00cdCH DOVEDNOST\u00cd - KOMUNIKAC\u00cd K SOB\u011a BL\u00cd\u017d","isPartOf":{"@id":"http:\/\/www.komunikaciksobebliz.cz\/#website"},"primaryImageOfPage":{"@id":"https:\/\/www.komunikaciksobebliz.cz\/?page_id=525#primaryimage"},"image":{"@id":"https:\/\/www.komunikaciksobebliz.cz\/?page_id=525#primaryimage"},"thumbnailUrl":"https:\/\/www.komunikaciksobebliz.cz\/wp-content\/uploads\/2022\/12\/komunikace-toon.jpg","datePublished":"2022-05-10T20:50:41+00:00","dateModified":"2023-02-22T13:35:40+00:00","breadcrumb":{"@id":"https:\/\/www.komunikaciksobebliz.cz\/?page_id=525#breadcrumb"},"inLanguage":"en-US","potentialAction":[{"@type":"ReadAction","target":["https:\/\/www.komunikaciksobebliz.cz\/?page_id=525"]}]},{"@type":"ImageObject","inLanguage":"en-US","@id":"https:\/\/www.komunikaciksobebliz.cz\/?page_id=525#primaryimage","url":"https:\/\/www.komunikaciksobebliz.cz\/wp-content\/uploads\/2022\/12\/komunikace-toon.jpg","contentUrl":"https:\/\/www.komunikaciksobebliz.cz\/wp-content\/uploads\/2022\/12\/komunikace-toon.jpg","width":1188,"height":479},{"@type":"BreadcrumbList","@id":"https:\/\/www.komunikaciksobebliz.cz\/?page_id=525#breadcrumb","itemListElement":[{"@type":"ListItem","position":1,"name":"Home","item":"https:\/\/www.komunikaciksobebliz.cz\/"},{"@type":"ListItem","position":2,"name":"KURZ Z\u00c1KLADN\u00cdCH DOVEDNOST\u00cd"}]},{"@type":"WebSite","@id":"http:\/\/www.komunikaciksobebliz.cz\/#website","url":"http:\/\/www.komunikaciksobebliz.cz\/","name":"KOMUNIKAC\u00cd K SOB\u011a BL\u00cd\u017d","description":"","potentialAction":[{"@type":"SearchAction","target":{"@type":"EntryPoint","urlTemplate":"http:\/\/www.komunikaciksobebliz.cz\/?s={search_term_string}"},"query-input":{"@type":"PropertyValueSpecification","valueRequired":true,"valueName":"search_term_string"}}],"inLanguage":"en-US"}]}},"_links":{"self":[{"href":"https:\/\/www.komunikaciksobebliz.cz\/index.php?rest_route=\/wp\/v2\/pages\/525","targetHints":{"allow":["GET"]}}],"collection":[{"href":"https:\/\/www.komunikaciksobebliz.cz\/index.php?rest_route=\/wp\/v2\/pages"}],"about":[{"href":"https:\/\/www.komunikaciksobebliz.cz\/index.php?rest_route=\/wp\/v2\/types\/page"}],"author":[{"embeddable":true,"href":"https:\/\/www.komunikaciksobebliz.cz\/index.php?rest_route=\/wp\/v2\/users\/1"}],"replies":[{"embeddable":true,"href":"https:\/\/www.komunikaciksobebliz.cz\/index.php?rest_route=%2Fwp%2Fv2%2Fcomments&post=525"}],"version-history":[{"count":425,"href":"https:\/\/www.komunikaciksobebliz.cz\/index.php?rest_route=\/wp\/v2\/pages\/525\/revisions"}],"predecessor-version":[{"id":4629,"href":"https:\/\/www.komunikaciksobebliz.cz\/index.php?rest_route=\/wp\/v2\/pages\/525\/revisions\/4629"}],"wp:attachment":[{"href":"https:\/\/www.komunikaciksobebliz.cz\/index.php?rest_route=%2Fwp%2Fv2%2Fmedia&parent=525"}],"curies":[{"name":"wp","href":"https:\/\/api.w.org\/{rel}","templated":true}]}}