{"id":4421,"date":"2023-01-26T17:35:58","date_gmt":"2023-01-26T17:35:58","guid":{"rendered":"https:\/\/www.komunikaciksobebliz.cz\/?page_id=4421"},"modified":"2025-08-31T15:07:12","modified_gmt":"2025-08-31T15:07:12","slug":"workshop-chceme-si-porozumet","status":"publish","type":"page","link":"https:\/\/www.komunikaciksobebliz.cz\/?page_id=4421","title":{"rendered":"WORKSHOP CHCEME SI POROZUM\u011aT !?"},"content":{"rendered":"\n<p class=\"has-text-color\" style=\"color:#451906c2;font-size:18px\">Jste partner, rodi\u010d, u\u010ditel, \u0161\u00e9f, l\u00e9ka\u0159, student, pacient, kolega, zam\u011bstnanec pod\u0159\u00edzen\u00fd \u010di nad\u0159\u00edzen\u00fd a vn\u00edm\u00e1te, \u017ee <strong>komunikace v\u00fdznamn\u011b ovliv\u0148uje kvalitu<\/strong> va\u0161ich vztah\u016f, spolupr\u00e1ce i <strong>v\u00fdsledk\u016f va\u0161eho \u00fasil\u00ed<\/strong>?<\/p>\n\n\n\n<p class=\"has-text-align-center has-text-color\" style=\"color:#451906c2;font-size:18px\"><strong>Chcete<\/strong> odhalit komunika\u010dn\u00ed <strong>kl\u00ed\u010d k porozum\u011bn\u00ed<\/strong>? <\/p>\n\n\n\n<p class=\"has-text-color\" style=\"color:#451906c2;font-size:18px\">Chcete zn\u00e1t prvn\u00ed a <strong>hlavn\u00ed krok<\/strong>, kter\u00fd v\u00e1m v komunikaci v\u017edy <strong>pom\u016f\u017ee<\/strong> <strong>posunout se k sob\u011b o krok bl\u00ed\u017e?<\/strong><\/p>\n\n\n\n<p class=\"has-text-align-center has-text-color\" style=\"color:#451906c2;font-size:20px\">Pr\u00e1v\u011b pro v\u00e1s je <strong>ochutn\u00e1vkov\u00fd workshop<\/strong> v\u011bdom\u011b sbli\u017euj\u00edc\u00ed komunikace:<\/p>\n\n\n\n<div class=\"wp-block-columns is-layout-flex wp-container-core-columns-is-layout-9d6595d7 wp-block-columns-is-layout-flex\">\n<div class=\"wp-block-column is-layout-flow wp-block-column-is-layout-flow\" style=\"flex-basis:10%\"><\/div>\n\n\n\n<div class=\"wp-block-column is-layout-flow wp-block-column-is-layout-flow\" style=\"flex-basis:100%\">\n<p class=\"has-text-align-center has-text-color has-background\" style=\"color:#620101;background:radial-gradient(rgb(248,241,224) 0%,rgb(236,220,191) 54%,rgb(222,196,162) 100%);font-size:20px\"><strong> <\/strong><strong>JAK SI POROZUM\u011aT aneb KONTAKT V KOMUNIKACI<\/strong><\/p>\n<\/div>\n\n\n\n<div class=\"wp-block-column is-layout-flow wp-block-column-is-layout-flow\" style=\"flex-basis:10%\"><\/div>\n<\/div>\n\n\n\n<p class=\"has-text-color\" style=\"color:#451906c2;font-size:18px\">kde si ut\u0159\u00edd\u00edte:<\/p>\n\n\n\n<ul style=\"color:#451906c2;font-size:18px\" class=\"wp-block-list has-text-color\">\n<li>jak\u00fd <strong>typ<\/strong> <strong>komunikace<\/strong> ve sv\u00fdch rol\u00edch b\u011b\u017en\u011b <strong>vol\u00edte<\/strong><\/li>\n\n\n\n<li>jak jednotliv\u00e9 typy komunikace <strong>p\u0159isp\u00edvaj\u00ed \u010di nep\u0159isp\u00edvaj\u00ed<\/strong> vz\u00e1jemn\u00e9mu <strong>porozum\u011bn\u00ed<\/strong><\/li>\n\n\n\n<li>jak se projevuje <strong>neporozum\u011bn\u00ed <\/strong>v komunikaci a jak\u00e9 jsou <strong>dopady <\/strong>ne\u0159e\u0161en\u00fdch neporozum\u011bn\u00ed<\/li>\n\n\n\n<li>kudy vede cesta o krok <strong>bl\u00ed\u017e <\/strong>a jak\u00e9 jsou jej\u00ed <strong>p\u0159\u00ednosy<\/strong><\/li>\n\n\n\n<li>jak za\u010d\u00edt takovou cestu <strong>pro\u0161lap\u00e1vat<\/strong><\/li>\n<\/ul>\n\n\n<div class=\"wp-block-image\">\n<figure class=\"aligncenter size-full is-resized\"><img loading=\"lazy\" decoding=\"async\" width=\"1328\" height=\"455\" src=\"http:\/\/www.komunikaciksobebliz.cz\/wp-content\/uploads\/2023\/01\/ToonCamera2-1.jpg\" alt=\"\" class=\"wp-image-3969\" style=\"width:664px;height:228px\"\/><\/figure>\n<\/div>\n\n\n<p class=\"has-text-color\" style=\"color:#451906c2;font-size:18px\">Srde\u010dn\u011b v\u00e1s zvu na <strong>spole\u010dn\u00e9 setk\u00e1n\u00ed,<\/strong> kde<\/p>\n\n\n\n<ul style=\"color:#451906c2;font-size:18px\" class=\"wp-block-list has-text-color\">\n<li>V \u00favodu v\u00e1s sezn\u00e1m\u00edm s nezbytnou teorii, a popov\u00edd\u00e1me si o tom, jak j\u00ed <strong>rozum\u00edte<\/strong> vy.<\/li>\n\n\n\n<li>Sehrajeme si <strong>uk\u00e1zky<\/strong> r\u016fzn\u00fdch typ\u016f komunikace.<\/li>\n\n\n\n<li>Spole\u010dn\u011b <strong>sd\u00edl\u00edme<\/strong>, v jak\u00fdch situac\u00edch nej\u010dast\u011bji pou\u017e\u00edv\u00e1me tyto typy komunikace a co se p\u0159i nich a po nich d\u011bje, pro\u010d jsou pro n\u00e1s l\u00e1kav\u00e9 a co n\u00e1s jejich pou\u017eit\u00ed stoj\u00ed.<\/li>\n\n\n\n<li> <strong>Vyzkou\u0161\u00edte si <\/strong>z\u00e1kladn\u00ed kroky v\u011bdom\u00e9 komunikace.<\/li>\n\n\n\n<li><strong>Odnesete si <\/strong>podn\u011bty na tr\u00e9nink dovednost\u00ed sm\u011b\u0159uj\u00edc\u00edch k porozum\u011bn\u00ed. <\/li>\n\n\n\n<li>Ut\u0159\u00edd\u00edte si, do kter\u00fdch dovednosti m\u00e1te <strong>chu\u0165 se pustit a vyt\u011b\u017eit<\/strong> zku\u0161enosti z workshopu do vlastn\u00edho \u017eivota. <\/li>\n<\/ul>\n\n\n\n<div style=\"height:45px\" aria-hidden=\"true\" class=\"wp-block-spacer\"><\/div>\n\n\n\n<div class=\"wp-block-columns is-layout-flex wp-container-core-columns-is-layout-9d6595d7 wp-block-columns-is-layout-flex\">\n<div class=\"wp-block-column is-layout-flow wp-block-column-is-layout-flow\" style=\"flex-basis:20%\"><\/div>\n\n\n\n<div class=\"wp-block-column is-layout-flow wp-block-column-is-layout-flow\" style=\"flex-basis:45%\">\n<p class=\"has-text-align-center has-text-color has-background\" style=\"color:#620101;background:radial-gradient(rgb(248,241,224) 0%,rgb(236,220,191) 54%,rgb(222,196,162) 100%);font-size:22px\"><strong> AKTU\u00c1LN\u00cd TERM\u00cdN, FORMA A CENA<strong> <\/strong><\/strong><\/p>\n<\/div>\n\n\n\n<div class=\"wp-block-column is-layout-flow wp-block-column-is-layout-flow\" style=\"flex-basis:100%\">\n<div style=\"height:4px\" aria-hidden=\"true\" class=\"wp-block-spacer\"><\/div>\n\n\n\n<ul style=\"color:#451906c2;font-size:18px\" class=\"wp-block-list has-text-color\">\n<li><strong>5. b\u0159ezna 2023<\/strong>, ned\u011ble;<strong> 14:00-18:00<\/strong><\/li>\n\n\n\n<li>On-line <\/li>\n\n\n\n<li><strong>800-1200K\u010d<\/strong>, dle va\u0161ich mo\u017enost\u00ed <\/li>\n<\/ul>\n<\/div>\n<\/div>\n\n\n\n<div style=\"height:45px\" aria-hidden=\"true\" class=\"wp-block-spacer\"><\/div>\n\n\n<div class=\"wp-block-image\">\n<figure class=\"aligncenter size-full is-resized\"><img loading=\"lazy\" decoding=\"async\" width=\"1308\" height=\"507\" src=\"http:\/\/www.komunikaciksobebliz.cz\/wp-content\/uploads\/2023\/01\/ToonCamera-1.jpg\" alt=\"\" class=\"wp-image-3956\" style=\"width:654px;height:254px\"\/><\/figure>\n<\/div>\n\n\n<div style=\"height:45px\" aria-hidden=\"true\" class=\"wp-block-spacer\"><\/div>\n\n\n\n<div class=\"wp-block-columns is-layout-flex wp-container-core-columns-is-layout-9d6595d7 wp-block-columns-is-layout-flex\">\n<div class=\"wp-block-column is-layout-flow wp-block-column-is-layout-flow\" style=\"flex-basis:100%\">\n<div class=\"wp-block-buttons is-content-justification-right is-layout-flex wp-container-core-buttons-is-layout-765c4724 wp-block-buttons-is-layout-flex\">\n<div class=\"wp-block-button is-style-outline is-style-outline--1\"><a class=\"wp-block-button__link has-text-color has-background has-custom-font-size wp-element-button\" href=\"http:\/\/www.komunikaciksobebliz.cz\/?page_id=2911\" style=\"border-radius:100px;color:#620101;background:radial-gradient(rgb(248,241,224) 6%,rgb(236,220,191) 33%,rgb(230,210,179) 50%,rgb(222,196,162) 70%,rgb(209,184,154) 100%);font-size:22px\">PROHL\u00c9DN\u011aTE SI DETAILY<\/a><\/div>\n<\/div>\n<\/div>\n\n\n\n<div class=\"wp-block-column is-layout-flow wp-block-column-is-layout-flow\" style=\"flex-basis:10%\">\n<div style=\"height:4px\" aria-hidden=\"true\" class=\"wp-block-spacer\"><\/div>\n\n\n\n<p class=\"has-text-align-center has-text-color has-larger-font-size\" style=\"color:#583124\">&amp;<\/p>\n<\/div>\n\n\n\n<div class=\"wp-block-column is-layout-flow wp-block-column-is-layout-flow\" style=\"flex-basis:100%\">\n<div class=\"wp-block-buttons is-content-justification-left is-layout-flex wp-container-core-buttons-is-layout-fdcfc74e wp-block-buttons-is-layout-flex\">\n<div class=\"wp-block-button is-style-outline is-style-outline--2\"><a class=\"wp-block-button__link has-text-color has-background has-custom-font-size wp-element-button\" href=\"http:\/\/www.komunikaciksobebliz.cz\/?page_id=4212\" style=\"color:#620101;background:radial-gradient(rgb(248,241,224) 14%,rgb(230,210,179) 47%,rgb(209,184,154) 100%);font-size:22px\">DEJTE MI V\u011aD\u011aT O SV\u00c9M Z\u00c1JMU<\/a><\/div>\n<\/div>\n<\/div>\n<\/div>\n\n\n\n<p><\/p>\n","protected":false},"excerpt":{"rendered":"<p>Jste partner, rodi\u010d, u\u010ditel, \u0161\u00e9f, l\u00e9ka\u0159, student, pacient, kolega, zam\u011bstnanec pod\u0159\u00edzen\u00fd \u010di nad\u0159\u00edzen\u00fd a vn\u00edm\u00e1te, \u017ee komunikace v\u00fdznamn\u011b ovliv\u0148uje kvalitu va\u0161ich vztah\u016f, spolupr\u00e1ce i v\u00fdsledk\u016f va\u0161eho \u00fasil\u00ed? Chcete odhalit komunika\u010dn\u00ed kl\u00ed\u010d k porozum\u011bn\u00ed? Chcete zn\u00e1t prvn\u00ed a hlavn\u00ed krok, kter\u00fd v\u00e1m v komunikaci v\u017edy pom\u016f\u017ee posunout se k sob\u011b o krok bl\u00ed\u017e? Pr\u00e1v\u011b pro v\u00e1s je ochutn\u00e1vkov\u00fd workshop v\u011bdom\u011b sbli\u017euj\u00edc\u00ed komunikace: JAK SI POROZUM\u011aT aneb KONTAKT V KOMUNIKACI kde si ut\u0159\u00edd\u00edte: Srde\u010dn\u011b v\u00e1s zvu na spole\u010dn\u00e9 setk\u00e1n\u00ed, kde AKTU\u00c1LN\u00cd TERM\u00cdN, [&hellip;]<\/p>\n","protected":false},"author":1,"featured_media":0,"parent":0,"menu_order":0,"comment_status":"closed","ping_status":"closed","template":"","meta":{"footnotes":""},"class_list":["post-4421","page","type-page","status-publish","hentry"],"yoast_head":"<!-- This site is optimized with the Yoast SEO plugin v23.7 - https:\/\/yoast.com\/wordpress\/plugins\/seo\/ -->\n<title>WORKSHOP CHCEME SI POROZUM\u011aT !? - KOMUNIKAC\u00cd K SOB\u011a BL\u00cd\u017d<\/title>\n<meta name=\"robots\" content=\"index, follow, max-snippet:-1, max-image-preview:large, max-video-preview:-1\" \/>\n<link rel=\"canonical\" href=\"https:\/\/www.komunikaciksobebliz.cz\/?page_id=4421\" \/>\n<meta property=\"og:locale\" content=\"en_US\" \/>\n<meta property=\"og:type\" content=\"article\" \/>\n<meta property=\"og:title\" content=\"WORKSHOP CHCEME SI POROZUM\u011aT !? - KOMUNIKAC\u00cd K SOB\u011a BL\u00cd\u017d\" \/>\n<meta property=\"og:description\" content=\"Jste partner, rodi\u010d, u\u010ditel, \u0161\u00e9f, l\u00e9ka\u0159, student, pacient, kolega, zam\u011bstnanec pod\u0159\u00edzen\u00fd \u010di nad\u0159\u00edzen\u00fd a vn\u00edm\u00e1te, \u017ee komunikace v\u00fdznamn\u011b ovliv\u0148uje kvalitu va\u0161ich vztah\u016f, spolupr\u00e1ce i v\u00fdsledk\u016f va\u0161eho \u00fasil\u00ed? Chcete odhalit komunika\u010dn\u00ed kl\u00ed\u010d k porozum\u011bn\u00ed? Chcete zn\u00e1t prvn\u00ed a hlavn\u00ed krok, kter\u00fd v\u00e1m v komunikaci v\u017edy pom\u016f\u017ee posunout se k sob\u011b o krok bl\u00ed\u017e? Pr\u00e1v\u011b pro v\u00e1s je ochutn\u00e1vkov\u00fd workshop v\u011bdom\u011b sbli\u017euj\u00edc\u00ed komunikace: JAK SI POROZUM\u011aT aneb KONTAKT V KOMUNIKACI kde si ut\u0159\u00edd\u00edte: Srde\u010dn\u011b v\u00e1s zvu na spole\u010dn\u00e9 setk\u00e1n\u00ed, kde AKTU\u00c1LN\u00cd TERM\u00cdN, [&hellip;]\" \/>\n<meta property=\"og:url\" content=\"https:\/\/www.komunikaciksobebliz.cz\/?page_id=4421\" \/>\n<meta property=\"og:site_name\" content=\"KOMUNIKAC\u00cd K SOB\u011a BL\u00cd\u017d\" \/>\n<meta property=\"article:modified_time\" content=\"2025-08-31T15:07:12+00:00\" \/>\n<meta property=\"og:image\" content=\"https:\/\/www.komunikaciksobebliz.cz\/wp-content\/uploads\/2023\/01\/ToonCamera2-1.jpg\" \/>\n\t<meta property=\"og:image:width\" content=\"1328\" \/>\n\t<meta property=\"og:image:height\" content=\"455\" \/>\n\t<meta property=\"og:image:type\" content=\"image\/jpeg\" \/>\n<meta name=\"twitter:card\" content=\"summary_large_image\" \/>\n<meta name=\"twitter:label1\" content=\"Est. reading time\" \/>\n\t<meta name=\"twitter:data1\" content=\"2 minutes\" \/>\n<script type=\"application\/ld+json\" class=\"yoast-schema-graph\">{\"@context\":\"https:\/\/schema.org\",\"@graph\":[{\"@type\":\"WebPage\",\"@id\":\"https:\/\/www.komunikaciksobebliz.cz\/?page_id=4421\",\"url\":\"https:\/\/www.komunikaciksobebliz.cz\/?page_id=4421\",\"name\":\"WORKSHOP CHCEME SI POROZUM\u011aT !? - KOMUNIKAC\u00cd K SOB\u011a BL\u00cd\u017d\",\"isPartOf\":{\"@id\":\"http:\/\/www.komunikaciksobebliz.cz\/#website\"},\"primaryImageOfPage\":{\"@id\":\"https:\/\/www.komunikaciksobebliz.cz\/?page_id=4421#primaryimage\"},\"image\":{\"@id\":\"https:\/\/www.komunikaciksobebliz.cz\/?page_id=4421#primaryimage\"},\"thumbnailUrl\":\"http:\/\/www.komunikaciksobebliz.cz\/wp-content\/uploads\/2023\/01\/ToonCamera2-1.jpg\",\"datePublished\":\"2023-01-26T17:35:58+00:00\",\"dateModified\":\"2025-08-31T15:07:12+00:00\",\"breadcrumb\":{\"@id\":\"https:\/\/www.komunikaciksobebliz.cz\/?page_id=4421#breadcrumb\"},\"inLanguage\":\"en-US\",\"potentialAction\":[{\"@type\":\"ReadAction\",\"target\":[\"https:\/\/www.komunikaciksobebliz.cz\/?page_id=4421\"]}]},{\"@type\":\"ImageObject\",\"inLanguage\":\"en-US\",\"@id\":\"https:\/\/www.komunikaciksobebliz.cz\/?page_id=4421#primaryimage\",\"url\":\"https:\/\/www.komunikaciksobebliz.cz\/wp-content\/uploads\/2023\/01\/ToonCamera2-1.jpg\",\"contentUrl\":\"https:\/\/www.komunikaciksobebliz.cz\/wp-content\/uploads\/2023\/01\/ToonCamera2-1.jpg\",\"width\":1328,\"height\":455},{\"@type\":\"BreadcrumbList\",\"@id\":\"https:\/\/www.komunikaciksobebliz.cz\/?page_id=4421#breadcrumb\",\"itemListElement\":[{\"@type\":\"ListItem\",\"position\":1,\"name\":\"Home\",\"item\":\"https:\/\/www.komunikaciksobebliz.cz\/\"},{\"@type\":\"ListItem\",\"position\":2,\"name\":\"WORKSHOP CHCEME SI POROZUM\u011aT !?\"}]},{\"@type\":\"WebSite\",\"@id\":\"http:\/\/www.komunikaciksobebliz.cz\/#website\",\"url\":\"http:\/\/www.komunikaciksobebliz.cz\/\",\"name\":\"KOMUNIKAC\u00cd K SOB\u011a BL\u00cd\u017d\",\"description\":\"\",\"potentialAction\":[{\"@type\":\"SearchAction\",\"target\":{\"@type\":\"EntryPoint\",\"urlTemplate\":\"http:\/\/www.komunikaciksobebliz.cz\/?s={search_term_string}\"},\"query-input\":{\"@type\":\"PropertyValueSpecification\",\"valueRequired\":true,\"valueName\":\"search_term_string\"}}],\"inLanguage\":\"en-US\"}]}<\/script>\n<!-- \/ Yoast SEO plugin. -->","yoast_head_json":{"title":"WORKSHOP CHCEME SI POROZUM\u011aT !? - KOMUNIKAC\u00cd K SOB\u011a BL\u00cd\u017d","robots":{"index":"index","follow":"follow","max-snippet":"max-snippet:-1","max-image-preview":"max-image-preview:large","max-video-preview":"max-video-preview:-1"},"canonical":"https:\/\/www.komunikaciksobebliz.cz\/?page_id=4421","og_locale":"en_US","og_type":"article","og_title":"WORKSHOP CHCEME SI POROZUM\u011aT !? - KOMUNIKAC\u00cd K SOB\u011a BL\u00cd\u017d","og_description":"Jste partner, rodi\u010d, u\u010ditel, \u0161\u00e9f, l\u00e9ka\u0159, student, pacient, kolega, zam\u011bstnanec pod\u0159\u00edzen\u00fd \u010di nad\u0159\u00edzen\u00fd a vn\u00edm\u00e1te, \u017ee komunikace v\u00fdznamn\u011b ovliv\u0148uje kvalitu va\u0161ich vztah\u016f, spolupr\u00e1ce i v\u00fdsledk\u016f va\u0161eho \u00fasil\u00ed? Chcete odhalit komunika\u010dn\u00ed kl\u00ed\u010d k porozum\u011bn\u00ed? Chcete zn\u00e1t prvn\u00ed a hlavn\u00ed krok, kter\u00fd v\u00e1m v komunikaci v\u017edy pom\u016f\u017ee posunout se k sob\u011b o krok bl\u00ed\u017e? Pr\u00e1v\u011b pro v\u00e1s je ochutn\u00e1vkov\u00fd workshop v\u011bdom\u011b sbli\u017euj\u00edc\u00ed komunikace: JAK SI POROZUM\u011aT aneb KONTAKT V KOMUNIKACI kde si ut\u0159\u00edd\u00edte: Srde\u010dn\u011b v\u00e1s zvu na spole\u010dn\u00e9 setk\u00e1n\u00ed, kde AKTU\u00c1LN\u00cd TERM\u00cdN, [&hellip;]","og_url":"https:\/\/www.komunikaciksobebliz.cz\/?page_id=4421","og_site_name":"KOMUNIKAC\u00cd K SOB\u011a BL\u00cd\u017d","article_modified_time":"2025-08-31T15:07:12+00:00","og_image":[{"width":1328,"height":455,"url":"https:\/\/www.komunikaciksobebliz.cz\/wp-content\/uploads\/2023\/01\/ToonCamera2-1.jpg","type":"image\/jpeg"}],"twitter_card":"summary_large_image","twitter_misc":{"Est. reading time":"2 minutes"},"schema":{"@context":"https:\/\/schema.org","@graph":[{"@type":"WebPage","@id":"https:\/\/www.komunikaciksobebliz.cz\/?page_id=4421","url":"https:\/\/www.komunikaciksobebliz.cz\/?page_id=4421","name":"WORKSHOP CHCEME SI POROZUM\u011aT !? - KOMUNIKAC\u00cd K SOB\u011a BL\u00cd\u017d","isPartOf":{"@id":"http:\/\/www.komunikaciksobebliz.cz\/#website"},"primaryImageOfPage":{"@id":"https:\/\/www.komunikaciksobebliz.cz\/?page_id=4421#primaryimage"},"image":{"@id":"https:\/\/www.komunikaciksobebliz.cz\/?page_id=4421#primaryimage"},"thumbnailUrl":"http:\/\/www.komunikaciksobebliz.cz\/wp-content\/uploads\/2023\/01\/ToonCamera2-1.jpg","datePublished":"2023-01-26T17:35:58+00:00","dateModified":"2025-08-31T15:07:12+00:00","breadcrumb":{"@id":"https:\/\/www.komunikaciksobebliz.cz\/?page_id=4421#breadcrumb"},"inLanguage":"en-US","potentialAction":[{"@type":"ReadAction","target":["https:\/\/www.komunikaciksobebliz.cz\/?page_id=4421"]}]},{"@type":"ImageObject","inLanguage":"en-US","@id":"https:\/\/www.komunikaciksobebliz.cz\/?page_id=4421#primaryimage","url":"https:\/\/www.komunikaciksobebliz.cz\/wp-content\/uploads\/2023\/01\/ToonCamera2-1.jpg","contentUrl":"https:\/\/www.komunikaciksobebliz.cz\/wp-content\/uploads\/2023\/01\/ToonCamera2-1.jpg","width":1328,"height":455},{"@type":"BreadcrumbList","@id":"https:\/\/www.komunikaciksobebliz.cz\/?page_id=4421#breadcrumb","itemListElement":[{"@type":"ListItem","position":1,"name":"Home","item":"https:\/\/www.komunikaciksobebliz.cz\/"},{"@type":"ListItem","position":2,"name":"WORKSHOP CHCEME SI POROZUM\u011aT !?"}]},{"@type":"WebSite","@id":"http:\/\/www.komunikaciksobebliz.cz\/#website","url":"http:\/\/www.komunikaciksobebliz.cz\/","name":"KOMUNIKAC\u00cd K SOB\u011a BL\u00cd\u017d","description":"","potentialAction":[{"@type":"SearchAction","target":{"@type":"EntryPoint","urlTemplate":"http:\/\/www.komunikaciksobebliz.cz\/?s={search_term_string}"},"query-input":{"@type":"PropertyValueSpecification","valueRequired":true,"valueName":"search_term_string"}}],"inLanguage":"en-US"}]}},"_links":{"self":[{"href":"https:\/\/www.komunikaciksobebliz.cz\/index.php?rest_route=\/wp\/v2\/pages\/4421","targetHints":{"allow":["GET"]}}],"collection":[{"href":"https:\/\/www.komunikaciksobebliz.cz\/index.php?rest_route=\/wp\/v2\/pages"}],"about":[{"href":"https:\/\/www.komunikaciksobebliz.cz\/index.php?rest_route=\/wp\/v2\/types\/page"}],"author":[{"embeddable":true,"href":"https:\/\/www.komunikaciksobebliz.cz\/index.php?rest_route=\/wp\/v2\/users\/1"}],"replies":[{"embeddable":true,"href":"https:\/\/www.komunikaciksobebliz.cz\/index.php?rest_route=%2Fwp%2Fv2%2Fcomments&post=4421"}],"version-history":[{"count":32,"href":"https:\/\/www.komunikaciksobebliz.cz\/index.php?rest_route=\/wp\/v2\/pages\/4421\/revisions"}],"predecessor-version":[{"id":4686,"href":"https:\/\/www.komunikaciksobebliz.cz\/index.php?rest_route=\/wp\/v2\/pages\/4421\/revisions\/4686"}],"wp:attachment":[{"href":"https:\/\/www.komunikaciksobebliz.cz\/index.php?rest_route=%2Fwp%2Fv2%2Fmedia&parent=4421"}],"curies":[{"name":"wp","href":"https:\/\/api.w.org\/{rel}","templated":true}]}}