{"id":4215,"date":"2023-01-11T20:04:13","date_gmt":"2023-01-11T20:04:13","guid":{"rendered":"http:\/\/www.komunikaciksobebliz.cz\/?page_id=4215"},"modified":"2023-02-22T13:42:59","modified_gmt":"2023-02-22T13:42:59","slug":"4215-2","status":"publish","type":"page","link":"https:\/\/www.komunikaciksobebliz.cz\/?page_id=4215","title":{"rendered":""},"content":{"rendered":"\n<p class=\"has-text-color\" style=\"color:#451906c2;font-size:18px\">V n\u00e1vaznosti na V\u00e1mi projeven\u00fd z\u00e1jem skrze formul\u00e1\u0159 V\u00e1s budu <strong>kontaktovat<\/strong>, abychom si vyjasnili <strong>Va\u0161e pot\u0159eby a o\u010dek\u00e1v\u00e1n\u00ed a moje mo\u017enosti.<\/strong> <\/p>\n\n\n\n<p class=\"has-text-color\" style=\"color:#451906c2;font-size:18px\">Teprve na z\u00e1klad\u011b tohoto rozhovoru V\u00e1m p\u0159\u00edpadn\u011b za\u0161lu <strong>konkr\u00e9tn\u00ed n\u00e1vrh<\/strong> s podrobnostmi o setk\u00e1n\u00ed, v\u010detn\u011b domluven\u00e9ho <strong>m\u00edsta, formy i ceny<\/strong>. <\/p>\n\n\n\n\n<div class=\"wp-block-image\">\n<figure class=\"aligncenter size-full is-resized\"><img loading=\"lazy\" decoding=\"async\" src=\"https:\/\/www.komunikaciksobebliz.cz\/wp-content\/uploads\/2023\/01\/ToonCamera-1.jpg\" alt=\"\" class=\"wp-image-3956\" width=\"654\" height=\"254\"\/><\/figure>\n<\/div>","protected":false},"excerpt":{"rendered":"<p>V n\u00e1vaznosti na V\u00e1mi projeven\u00fd z\u00e1jem skrze formul\u00e1\u0159 V\u00e1s budu kontaktovat, abychom si vyjasnili Va\u0161e pot\u0159eby a o\u010dek\u00e1v\u00e1n\u00ed a moje mo\u017enosti. Teprve na z\u00e1klad\u011b tohoto rozhovoru V\u00e1m p\u0159\u00edpadn\u011b za\u0161lu konkr\u00e9tn\u00ed n\u00e1vrh s podrobnostmi o setk\u00e1n\u00ed, v\u010detn\u011b domluven\u00e9ho m\u00edsta, formy i ceny.<\/p>\n","protected":false},"author":1,"featured_media":0,"parent":0,"menu_order":0,"comment_status":"closed","ping_status":"closed","template":"","meta":{"footnotes":""},"class_list":["post-4215","page","type-page","status-publish","hentry"],"yoast_head":"<!-- This site is optimized with the Yoast SEO plugin v23.7 - https:\/\/yoast.com\/wordpress\/plugins\/seo\/ -->\n<title>- KOMUNIKAC\u00cd K SOB\u011a BL\u00cd\u017d<\/title>\n<meta name=\"robots\" content=\"index, follow, max-snippet:-1, max-image-preview:large, max-video-preview:-1\" \/>\n<link rel=\"canonical\" href=\"https:\/\/www.komunikaciksobebliz.cz\/?page_id=4215\" \/>\n<meta property=\"og:locale\" content=\"en_US\" \/>\n<meta property=\"og:type\" content=\"article\" \/>\n<meta property=\"og:title\" content=\"- KOMUNIKAC\u00cd K SOB\u011a BL\u00cd\u017d\" \/>\n<meta property=\"og:description\" content=\"V n\u00e1vaznosti na V\u00e1mi projeven\u00fd z\u00e1jem skrze formul\u00e1\u0159 V\u00e1s budu kontaktovat, abychom si vyjasnili Va\u0161e pot\u0159eby a o\u010dek\u00e1v\u00e1n\u00ed a moje mo\u017enosti. Teprve na z\u00e1klad\u011b tohoto rozhovoru V\u00e1m p\u0159\u00edpadn\u011b za\u0161lu konkr\u00e9tn\u00ed n\u00e1vrh s podrobnostmi o setk\u00e1n\u00ed, v\u010detn\u011b domluven\u00e9ho m\u00edsta, formy i ceny.\" \/>\n<meta property=\"og:url\" content=\"https:\/\/www.komunikaciksobebliz.cz\/?page_id=4215\" \/>\n<meta property=\"og:site_name\" content=\"KOMUNIKAC\u00cd K SOB\u011a BL\u00cd\u017d\" \/>\n<meta property=\"article:modified_time\" content=\"2023-02-22T13:42:59+00:00\" \/>\n<meta property=\"og:image\" content=\"https:\/\/www.komunikaciksobebliz.cz\/wp-content\/uploads\/2023\/01\/ToonCamera-1.jpg\" \/>\n<meta name=\"twitter:card\" content=\"summary_large_image\" \/>\n<script type=\"application\/ld+json\" class=\"yoast-schema-graph\">{\"@context\":\"https:\/\/schema.org\",\"@graph\":[{\"@type\":\"WebPage\",\"@id\":\"https:\/\/www.komunikaciksobebliz.cz\/?page_id=4215\",\"url\":\"https:\/\/www.komunikaciksobebliz.cz\/?page_id=4215\",\"name\":\"- KOMUNIKAC\u00cd K SOB\u011a BL\u00cd\u017d\",\"isPartOf\":{\"@id\":\"http:\/\/www.komunikaciksobebliz.cz\/#website\"},\"primaryImageOfPage\":{\"@id\":\"https:\/\/www.komunikaciksobebliz.cz\/?page_id=4215#primaryimage\"},\"image\":{\"@id\":\"https:\/\/www.komunikaciksobebliz.cz\/?page_id=4215#primaryimage\"},\"thumbnailUrl\":\"https:\/\/www.komunikaciksobebliz.cz\/wp-content\/uploads\/2023\/01\/ToonCamera-1.jpg\",\"datePublished\":\"2023-01-11T20:04:13+00:00\",\"dateModified\":\"2023-02-22T13:42:59+00:00\",\"inLanguage\":\"en-US\",\"potentialAction\":[{\"@type\":\"ReadAction\",\"target\":[\"https:\/\/www.komunikaciksobebliz.cz\/?page_id=4215\"]}]},{\"@type\":\"ImageObject\",\"inLanguage\":\"en-US\",\"@id\":\"https:\/\/www.komunikaciksobebliz.cz\/?page_id=4215#primaryimage\",\"url\":\"https:\/\/www.komunikaciksobebliz.cz\/wp-content\/uploads\/2023\/01\/ToonCamera-1.jpg\",\"contentUrl\":\"https:\/\/www.komunikaciksobebliz.cz\/wp-content\/uploads\/2023\/01\/ToonCamera-1.jpg\",\"width\":1308,\"height\":507},{\"@type\":\"WebSite\",\"@id\":\"http:\/\/www.komunikaciksobebliz.cz\/#website\",\"url\":\"http:\/\/www.komunikaciksobebliz.cz\/\",\"name\":\"KOMUNIKAC\u00cd K SOB\u011a BL\u00cd\u017d\",\"description\":\"\",\"potentialAction\":[{\"@type\":\"SearchAction\",\"target\":{\"@type\":\"EntryPoint\",\"urlTemplate\":\"http:\/\/www.komunikaciksobebliz.cz\/?s={search_term_string}\"},\"query-input\":{\"@type\":\"PropertyValueSpecification\",\"valueRequired\":true,\"valueName\":\"search_term_string\"}}],\"inLanguage\":\"en-US\"}]}<\/script>\n<!-- \/ Yoast SEO plugin. -->","yoast_head_json":{"title":"- KOMUNIKAC\u00cd K SOB\u011a BL\u00cd\u017d","robots":{"index":"index","follow":"follow","max-snippet":"max-snippet:-1","max-image-preview":"max-image-preview:large","max-video-preview":"max-video-preview:-1"},"canonical":"https:\/\/www.komunikaciksobebliz.cz\/?page_id=4215","og_locale":"en_US","og_type":"article","og_title":"- KOMUNIKAC\u00cd K SOB\u011a BL\u00cd\u017d","og_description":"V n\u00e1vaznosti na V\u00e1mi projeven\u00fd z\u00e1jem skrze formul\u00e1\u0159 V\u00e1s budu kontaktovat, abychom si vyjasnili Va\u0161e pot\u0159eby a o\u010dek\u00e1v\u00e1n\u00ed a moje mo\u017enosti. Teprve na z\u00e1klad\u011b tohoto rozhovoru V\u00e1m p\u0159\u00edpadn\u011b za\u0161lu konkr\u00e9tn\u00ed n\u00e1vrh s podrobnostmi o setk\u00e1n\u00ed, v\u010detn\u011b domluven\u00e9ho m\u00edsta, formy i ceny.","og_url":"https:\/\/www.komunikaciksobebliz.cz\/?page_id=4215","og_site_name":"KOMUNIKAC\u00cd K SOB\u011a BL\u00cd\u017d","article_modified_time":"2023-02-22T13:42:59+00:00","og_image":[{"url":"https:\/\/www.komunikaciksobebliz.cz\/wp-content\/uploads\/2023\/01\/ToonCamera-1.jpg"}],"twitter_card":"summary_large_image","schema":{"@context":"https:\/\/schema.org","@graph":[{"@type":"WebPage","@id":"https:\/\/www.komunikaciksobebliz.cz\/?page_id=4215","url":"https:\/\/www.komunikaciksobebliz.cz\/?page_id=4215","name":"- KOMUNIKAC\u00cd K SOB\u011a BL\u00cd\u017d","isPartOf":{"@id":"http:\/\/www.komunikaciksobebliz.cz\/#website"},"primaryImageOfPage":{"@id":"https:\/\/www.komunikaciksobebliz.cz\/?page_id=4215#primaryimage"},"image":{"@id":"https:\/\/www.komunikaciksobebliz.cz\/?page_id=4215#primaryimage"},"thumbnailUrl":"https:\/\/www.komunikaciksobebliz.cz\/wp-content\/uploads\/2023\/01\/ToonCamera-1.jpg","datePublished":"2023-01-11T20:04:13+00:00","dateModified":"2023-02-22T13:42:59+00:00","inLanguage":"en-US","potentialAction":[{"@type":"ReadAction","target":["https:\/\/www.komunikaciksobebliz.cz\/?page_id=4215"]}]},{"@type":"ImageObject","inLanguage":"en-US","@id":"https:\/\/www.komunikaciksobebliz.cz\/?page_id=4215#primaryimage","url":"https:\/\/www.komunikaciksobebliz.cz\/wp-content\/uploads\/2023\/01\/ToonCamera-1.jpg","contentUrl":"https:\/\/www.komunikaciksobebliz.cz\/wp-content\/uploads\/2023\/01\/ToonCamera-1.jpg","width":1308,"height":507},{"@type":"WebSite","@id":"http:\/\/www.komunikaciksobebliz.cz\/#website","url":"http:\/\/www.komunikaciksobebliz.cz\/","name":"KOMUNIKAC\u00cd K SOB\u011a BL\u00cd\u017d","description":"","potentialAction":[{"@type":"SearchAction","target":{"@type":"EntryPoint","urlTemplate":"http:\/\/www.komunikaciksobebliz.cz\/?s={search_term_string}"},"query-input":{"@type":"PropertyValueSpecification","valueRequired":true,"valueName":"search_term_string"}}],"inLanguage":"en-US"}]}},"_links":{"self":[{"href":"https:\/\/www.komunikaciksobebliz.cz\/index.php?rest_route=\/wp\/v2\/pages\/4215","targetHints":{"allow":["GET"]}}],"collection":[{"href":"https:\/\/www.komunikaciksobebliz.cz\/index.php?rest_route=\/wp\/v2\/pages"}],"about":[{"href":"https:\/\/www.komunikaciksobebliz.cz\/index.php?rest_route=\/wp\/v2\/types\/page"}],"author":[{"embeddable":true,"href":"https:\/\/www.komunikaciksobebliz.cz\/index.php?rest_route=\/wp\/v2\/users\/1"}],"replies":[{"embeddable":true,"href":"https:\/\/www.komunikaciksobebliz.cz\/index.php?rest_route=%2Fwp%2Fv2%2Fcomments&post=4215"}],"version-history":[{"count":3,"href":"https:\/\/www.komunikaciksobebliz.cz\/index.php?rest_route=\/wp\/v2\/pages\/4215\/revisions"}],"predecessor-version":[{"id":4638,"href":"https:\/\/www.komunikaciksobebliz.cz\/index.php?rest_route=\/wp\/v2\/pages\/4215\/revisions\/4638"}],"wp:attachment":[{"href":"https:\/\/www.komunikaciksobebliz.cz\/index.php?rest_route=%2Fwp%2Fv2%2Fmedia&parent=4215"}],"curies":[{"name":"wp","href":"https:\/\/api.w.org\/{rel}","templated":true}]}}