{"id":4110,"date":"2023-01-11T17:56:36","date_gmt":"2023-01-11T17:56:36","guid":{"rendered":"http:\/\/www.komunikaciksobebliz.cz\/?page_id=4110"},"modified":"2023-02-22T13:43:39","modified_gmt":"2023-02-22T13:43:39","slug":"individualni-lekce","status":"publish","type":"page","link":"https:\/\/www.komunikaciksobebliz.cz\/?page_id=4110","title":{"rendered":"<strong>INDIVIDU\u00c1LN\u00cd LEKCE<\/strong>"},"content":{"rendered":"\n<div class=\"wp-block-columns is-layout-flex wp-container-core-columns-is-layout-9d6595d7 wp-block-columns-is-layout-flex\">\n<div class=\"wp-block-column is-vertically-aligned-center is-layout-flow wp-block-column-is-layout-flow\" style=\"flex-basis:100%\">\n<div class=\"wp-block-columns is-layout-flex wp-container-core-columns-is-layout-9d6595d7 wp-block-columns-is-layout-flex\">\n<div class=\"wp-block-column is-layout-flow wp-block-column-is-layout-flow\" style=\"flex-basis:10%\"><\/div>\n\n\n\n<div class=\"wp-block-column is-layout-flow wp-block-column-is-layout-flow\" style=\"flex-basis:100%\">\n<p class=\"has-text-align-center has-text-color has-background\" style=\"color:#620101;background:radial-gradient(rgb(248,241,224) 0%,rgb(236,220,191) 54%,rgb(222,196,162) 100%);font-size:22px\"><strong>INDIVIDU\u00c1LN\u00cd TR\u00c9NINKY <\/strong><\/p>\n<\/div>\n\n\n\n<div class=\"wp-block-column is-layout-flow wp-block-column-is-layout-flow\" style=\"flex-basis:10%\"><\/div>\n<\/div>\n<\/div>\n<\/div>\n\n\n\n<div class=\"wp-block-columns has-text-color is-layout-flex wp-container-core-columns-is-layout-9d6595d7 wp-block-columns-is-layout-flex\" style=\"color:#451906c2\">\n<div class=\"wp-block-column is-layout-flow wp-block-column-is-layout-flow\" style=\"flex-basis:100%\">\n<div class=\"wp-block-columns is-layout-flex wp-container-core-columns-is-layout-9d6595d7 wp-block-columns-is-layout-flex\">\n<div class=\"wp-block-column is-layout-flow wp-block-column-is-layout-flow\" style=\"flex-basis:100%\">\n<p class=\"has-text-color\" style=\"color:#451906c2;font-size:18px\">Individu\u00e1ln\u00ed tr\u00e9ninky zahrnuj\u00ed <strong>lekce, kou\u010ding a tr\u00e9ninky<\/strong> nakombinovan\u00e9 podle va\u0161ich <strong>pot\u0159eb<\/strong>, <strong>z\u00e1m\u011bru<\/strong> a <strong>c\u00edle<\/strong>, na kter\u00e9m se spole\u010dn\u011b dohodneme. Jsou vhodn\u00e9 pro v\u00e1s, kte\u0159\u00ed si chcete osvojit dovednosti v\u011bdom\u00e9 komunikace, ale pro v\u011bt\u0161\u00ed <strong>osobn\u00ed efektivitu <\/strong>chcete podm\u00ednky setk\u00e1n\u00ed a spolupr\u00e1ce <strong>p\u0159izp\u016fsobit na m\u00edru pro sebe<\/strong> v\u00edce ne\u017e je mo\u017en\u00e9 v kapacit\u00e1ch kurzu. M\u00e1te zde tedy:<\/p>\n<\/div>\n<\/div>\n<\/div>\n<\/div>\n\n\n\n<div class=\"wp-block-columns has-text-color is-layout-flex wp-container-core-columns-is-layout-9d6595d7 wp-block-columns-is-layout-flex\" style=\"color:#451906c2\">\n<div class=\"wp-block-column is-layout-flow wp-block-column-is-layout-flow\" style=\"flex-basis:25%\">\n<figure class=\"wp-block-image size-full is-resized\"><img loading=\"lazy\" decoding=\"async\" src=\"https:\/\/www.komunikaciksobebliz.cz\/wp-content\/uploads\/2022\/12\/mapa-kompas-1.png\" alt=\"\" class=\"wp-image-3672\" width=\"998\" height=\"473\"\/><\/figure>\n<\/div>\n\n\n\n<div class=\"wp-block-column is-layout-flow wp-block-column-is-layout-flow\" style=\"flex-basis:41.67%\">\n<ul class=\"wp-block-list\" style=\"font-size:18px\">\n<li>v\u011bt\u0161\u00ed <strong>podporu<\/strong> <\/li>\n\n\n\n<li>v\u00edce zac\u00edlen\u00ed na to, co je pro v\u00e1s aakut\u00e1ln\u011b <strong>nejd\u016fle\u017eit\u011bj\u0161\u00ed<\/strong><\/li>\n\n\n\n<li>v\u00edc <strong>prostoru pro va\u0161e ot\u00e1zky<\/strong><\/li>\n\n\n\n<li>\u0159e\u0161en\u00ed osobn\u00edch <strong>situac\u00ed<\/strong><\/li>\n\n\n\n<li>flexibilitu pro va\u0161e <strong>tempo <\/strong><\/li>\n\n\n\n<li>podporu pro va\u0161i <strong>integraci <\/strong><\/li>\n\n\n\n<li>p\u0159izp\u016fsoben\u00ed va\u0161im <strong>\u010dasov\u00fdm<\/strong> mo\u017enostem <\/li>\n<\/ul>\n<\/div>\n\n\n\n<div class=\"wp-block-column is-layout-flow wp-block-column-is-layout-flow\" style=\"flex-basis:33.33%\"><div class=\"wp-block-image\">\n<figure class=\"alignleft size-full is-resized\"><img loading=\"lazy\" decoding=\"async\" src=\"https:\/\/www.komunikaciksobebliz.cz\/wp-content\/uploads\/2022\/12\/ToonCamera2-3.jpg\" alt=\"\" class=\"wp-image-3670\" width=\"661\" height=\"322\"\/><\/figure>\n<\/div><\/div>\n<\/div>\n\n\n\n<div style=\"height:34px\" aria-hidden=\"true\" class=\"wp-block-spacer\"><\/div>\n\n\n\n<div class=\"wp-block-columns is-layout-flex wp-container-core-columns-is-layout-9d6595d7 wp-block-columns-is-layout-flex\">\n<div class=\"wp-block-column is-layout-flow wp-block-column-is-layout-flow\" style=\"flex-basis:100%\">\n<div class=\"wp-block-buttons is-content-justification-right is-layout-flex wp-container-core-buttons-is-layout-765c4724 wp-block-buttons-is-layout-flex\">\n<div class=\"wp-block-button has-custom-font-size is-style-outline is-style-outline--1\" style=\"font-size:22px\"><a class=\"wp-block-button__link has-text-color has-background wp-element-button\" href=\"http:\/\/www.komunikaciksobebliz.cz\/?page_id=2892\" style=\"color:#620101;background:radial-gradient(rgb(248,241,224) 14%,rgb(230,210,179) 47%,rgb(209,184,154) 100%)\">PROHL\u00cdDN\u011aTE SI DETAILY<\/a><\/div>\n<\/div>\n<\/div>\n\n\n\n<div class=\"wp-block-column is-layout-flow wp-block-column-is-layout-flow\" style=\"flex-basis:100px\">\n<div style=\"height:3px\" aria-hidden=\"true\" class=\"wp-block-spacer\"><\/div>\n\n\n\n<p class=\"has-text-align-center has-text-color has-larger-font-size\" style=\"color:#451906c2\">&amp;<\/p>\n<\/div>\n\n\n\n<div class=\"wp-block-column is-layout-flow wp-block-column-is-layout-flow\" style=\"flex-basis:100%\">\n<div class=\"wp-block-buttons is-layout-flex wp-block-buttons-is-layout-flex\">\n<div class=\"wp-block-button has-custom-font-size is-style-outline is-style-outline--2\" style=\"font-size:22px\"><a class=\"wp-block-button__link has-text-color has-background wp-element-button\" href=\"http:\/\/www.komunikaciksobebliz.cz\/?page_id=4215\" style=\"color:#620101;background:radial-gradient(rgb(248,241,224) 0%,rgb(230,210,179) 45%,rgb(209,184,154) 100%)\">DEJTE MI V\u011aD\u011aT O SV\u00c9M Z\u00c1JMU<\/a><\/div>\n<\/div>\n<\/div>\n<\/div>\n","protected":false},"excerpt":{"rendered":"<p>INDIVIDU\u00c1LN\u00cd TR\u00c9NINKY Individu\u00e1ln\u00ed tr\u00e9ninky zahrnuj\u00ed lekce, kou\u010ding a tr\u00e9ninky nakombinovan\u00e9 podle va\u0161ich pot\u0159eb, z\u00e1m\u011bru a c\u00edle, na kter\u00e9m se spole\u010dn\u011b dohodneme. Jsou vhodn\u00e9 pro v\u00e1s, kte\u0159\u00ed si chcete osvojit dovednosti v\u011bdom\u00e9 komunikace, ale pro v\u011bt\u0161\u00ed osobn\u00ed efektivitu chcete podm\u00ednky setk\u00e1n\u00ed a spolupr\u00e1ce p\u0159izp\u016fsobit na m\u00edru pro sebe v\u00edce ne\u017e je mo\u017en\u00e9 v kapacit\u00e1ch kurzu. M\u00e1te zde tedy: &amp;<\/p>\n","protected":false},"author":1,"featured_media":0,"parent":0,"menu_order":0,"comment_status":"closed","ping_status":"closed","template":"","meta":{"footnotes":""},"class_list":["post-4110","page","type-page","status-publish","hentry"],"yoast_head":"<!-- This site is optimized with the Yoast SEO plugin v23.7 - https:\/\/yoast.com\/wordpress\/plugins\/seo\/ -->\n<title>INDIVIDU\u00c1LN\u00cd LEKCE - KOMUNIKAC\u00cd K SOB\u011a BL\u00cd\u017d<\/title>\n<meta name=\"robots\" content=\"index, follow, max-snippet:-1, max-image-preview:large, max-video-preview:-1\" \/>\n<link rel=\"canonical\" href=\"https:\/\/www.komunikaciksobebliz.cz\/?page_id=4110\" \/>\n<meta property=\"og:locale\" content=\"en_US\" \/>\n<meta property=\"og:type\" content=\"article\" \/>\n<meta property=\"og:title\" content=\"INDIVIDU\u00c1LN\u00cd LEKCE - KOMUNIKAC\u00cd K SOB\u011a BL\u00cd\u017d\" \/>\n<meta property=\"og:description\" content=\"INDIVIDU\u00c1LN\u00cd TR\u00c9NINKY Individu\u00e1ln\u00ed tr\u00e9ninky zahrnuj\u00ed lekce, kou\u010ding a tr\u00e9ninky nakombinovan\u00e9 podle va\u0161ich pot\u0159eb, z\u00e1m\u011bru a c\u00edle, na kter\u00e9m se spole\u010dn\u011b dohodneme. Jsou vhodn\u00e9 pro v\u00e1s, kte\u0159\u00ed si chcete osvojit dovednosti v\u011bdom\u00e9 komunikace, ale pro v\u011bt\u0161\u00ed osobn\u00ed efektivitu chcete podm\u00ednky setk\u00e1n\u00ed a spolupr\u00e1ce p\u0159izp\u016fsobit na m\u00edru pro sebe v\u00edce ne\u017e je mo\u017en\u00e9 v kapacit\u00e1ch kurzu. M\u00e1te zde tedy: &amp;\" \/>\n<meta property=\"og:url\" content=\"https:\/\/www.komunikaciksobebliz.cz\/?page_id=4110\" \/>\n<meta property=\"og:site_name\" content=\"KOMUNIKAC\u00cd K SOB\u011a BL\u00cd\u017d\" \/>\n<meta property=\"article:modified_time\" content=\"2023-02-22T13:43:39+00:00\" \/>\n<meta property=\"og:image\" content=\"https:\/\/www.komunikaciksobebliz.cz\/wp-content\/uploads\/2022\/12\/mapa-kompas-1.png\" \/>\n<meta name=\"twitter:card\" content=\"summary_large_image\" \/>\n<meta name=\"twitter:label1\" content=\"Est. reading time\" \/>\n\t<meta name=\"twitter:data1\" content=\"1 minute\" \/>\n<script type=\"application\/ld+json\" class=\"yoast-schema-graph\">{\"@context\":\"https:\/\/schema.org\",\"@graph\":[{\"@type\":\"WebPage\",\"@id\":\"https:\/\/www.komunikaciksobebliz.cz\/?page_id=4110\",\"url\":\"https:\/\/www.komunikaciksobebliz.cz\/?page_id=4110\",\"name\":\"INDIVIDU\u00c1LN\u00cd LEKCE - KOMUNIKAC\u00cd K SOB\u011a BL\u00cd\u017d\",\"isPartOf\":{\"@id\":\"http:\/\/www.komunikaciksobebliz.cz\/#website\"},\"primaryImageOfPage\":{\"@id\":\"https:\/\/www.komunikaciksobebliz.cz\/?page_id=4110#primaryimage\"},\"image\":{\"@id\":\"https:\/\/www.komunikaciksobebliz.cz\/?page_id=4110#primaryimage\"},\"thumbnailUrl\":\"https:\/\/www.komunikaciksobebliz.cz\/wp-content\/uploads\/2022\/12\/mapa-kompas-1.png\",\"datePublished\":\"2023-01-11T17:56:36+00:00\",\"dateModified\":\"2023-02-22T13:43:39+00:00\",\"breadcrumb\":{\"@id\":\"https:\/\/www.komunikaciksobebliz.cz\/?page_id=4110#breadcrumb\"},\"inLanguage\":\"en-US\",\"potentialAction\":[{\"@type\":\"ReadAction\",\"target\":[\"https:\/\/www.komunikaciksobebliz.cz\/?page_id=4110\"]}]},{\"@type\":\"ImageObject\",\"inLanguage\":\"en-US\",\"@id\":\"https:\/\/www.komunikaciksobebliz.cz\/?page_id=4110#primaryimage\",\"url\":\"https:\/\/www.komunikaciksobebliz.cz\/wp-content\/uploads\/2022\/12\/mapa-kompas-1.png\",\"contentUrl\":\"https:\/\/www.komunikaciksobebliz.cz\/wp-content\/uploads\/2022\/12\/mapa-kompas-1.png\",\"width\":1995,\"height\":945},{\"@type\":\"BreadcrumbList\",\"@id\":\"https:\/\/www.komunikaciksobebliz.cz\/?page_id=4110#breadcrumb\",\"itemListElement\":[{\"@type\":\"ListItem\",\"position\":1,\"name\":\"Home\",\"item\":\"https:\/\/www.komunikaciksobebliz.cz\/\"},{\"@type\":\"ListItem\",\"position\":2,\"name\":\"INDIVIDU\u00c1LN\u00cd LEKCE\"}]},{\"@type\":\"WebSite\",\"@id\":\"http:\/\/www.komunikaciksobebliz.cz\/#website\",\"url\":\"http:\/\/www.komunikaciksobebliz.cz\/\",\"name\":\"KOMUNIKAC\u00cd K SOB\u011a BL\u00cd\u017d\",\"description\":\"\",\"potentialAction\":[{\"@type\":\"SearchAction\",\"target\":{\"@type\":\"EntryPoint\",\"urlTemplate\":\"http:\/\/www.komunikaciksobebliz.cz\/?s={search_term_string}\"},\"query-input\":{\"@type\":\"PropertyValueSpecification\",\"valueRequired\":true,\"valueName\":\"search_term_string\"}}],\"inLanguage\":\"en-US\"}]}<\/script>\n<!-- \/ Yoast SEO plugin. -->","yoast_head_json":{"title":"INDIVIDU\u00c1LN\u00cd LEKCE - KOMUNIKAC\u00cd K SOB\u011a BL\u00cd\u017d","robots":{"index":"index","follow":"follow","max-snippet":"max-snippet:-1","max-image-preview":"max-image-preview:large","max-video-preview":"max-video-preview:-1"},"canonical":"https:\/\/www.komunikaciksobebliz.cz\/?page_id=4110","og_locale":"en_US","og_type":"article","og_title":"INDIVIDU\u00c1LN\u00cd LEKCE - KOMUNIKAC\u00cd K SOB\u011a BL\u00cd\u017d","og_description":"INDIVIDU\u00c1LN\u00cd TR\u00c9NINKY Individu\u00e1ln\u00ed tr\u00e9ninky zahrnuj\u00ed lekce, kou\u010ding a tr\u00e9ninky nakombinovan\u00e9 podle va\u0161ich pot\u0159eb, z\u00e1m\u011bru a c\u00edle, na kter\u00e9m se spole\u010dn\u011b dohodneme. Jsou vhodn\u00e9 pro v\u00e1s, kte\u0159\u00ed si chcete osvojit dovednosti v\u011bdom\u00e9 komunikace, ale pro v\u011bt\u0161\u00ed osobn\u00ed efektivitu chcete podm\u00ednky setk\u00e1n\u00ed a spolupr\u00e1ce p\u0159izp\u016fsobit na m\u00edru pro sebe v\u00edce ne\u017e je mo\u017en\u00e9 v kapacit\u00e1ch kurzu. M\u00e1te zde tedy: &amp;","og_url":"https:\/\/www.komunikaciksobebliz.cz\/?page_id=4110","og_site_name":"KOMUNIKAC\u00cd K SOB\u011a BL\u00cd\u017d","article_modified_time":"2023-02-22T13:43:39+00:00","og_image":[{"url":"https:\/\/www.komunikaciksobebliz.cz\/wp-content\/uploads\/2022\/12\/mapa-kompas-1.png"}],"twitter_card":"summary_large_image","twitter_misc":{"Est. reading time":"1 minute"},"schema":{"@context":"https:\/\/schema.org","@graph":[{"@type":"WebPage","@id":"https:\/\/www.komunikaciksobebliz.cz\/?page_id=4110","url":"https:\/\/www.komunikaciksobebliz.cz\/?page_id=4110","name":"INDIVIDU\u00c1LN\u00cd LEKCE - KOMUNIKAC\u00cd K SOB\u011a BL\u00cd\u017d","isPartOf":{"@id":"http:\/\/www.komunikaciksobebliz.cz\/#website"},"primaryImageOfPage":{"@id":"https:\/\/www.komunikaciksobebliz.cz\/?page_id=4110#primaryimage"},"image":{"@id":"https:\/\/www.komunikaciksobebliz.cz\/?page_id=4110#primaryimage"},"thumbnailUrl":"https:\/\/www.komunikaciksobebliz.cz\/wp-content\/uploads\/2022\/12\/mapa-kompas-1.png","datePublished":"2023-01-11T17:56:36+00:00","dateModified":"2023-02-22T13:43:39+00:00","breadcrumb":{"@id":"https:\/\/www.komunikaciksobebliz.cz\/?page_id=4110#breadcrumb"},"inLanguage":"en-US","potentialAction":[{"@type":"ReadAction","target":["https:\/\/www.komunikaciksobebliz.cz\/?page_id=4110"]}]},{"@type":"ImageObject","inLanguage":"en-US","@id":"https:\/\/www.komunikaciksobebliz.cz\/?page_id=4110#primaryimage","url":"https:\/\/www.komunikaciksobebliz.cz\/wp-content\/uploads\/2022\/12\/mapa-kompas-1.png","contentUrl":"https:\/\/www.komunikaciksobebliz.cz\/wp-content\/uploads\/2022\/12\/mapa-kompas-1.png","width":1995,"height":945},{"@type":"BreadcrumbList","@id":"https:\/\/www.komunikaciksobebliz.cz\/?page_id=4110#breadcrumb","itemListElement":[{"@type":"ListItem","position":1,"name":"Home","item":"https:\/\/www.komunikaciksobebliz.cz\/"},{"@type":"ListItem","position":2,"name":"INDIVIDU\u00c1LN\u00cd LEKCE"}]},{"@type":"WebSite","@id":"http:\/\/www.komunikaciksobebliz.cz\/#website","url":"http:\/\/www.komunikaciksobebliz.cz\/","name":"KOMUNIKAC\u00cd K SOB\u011a BL\u00cd\u017d","description":"","potentialAction":[{"@type":"SearchAction","target":{"@type":"EntryPoint","urlTemplate":"http:\/\/www.komunikaciksobebliz.cz\/?s={search_term_string}"},"query-input":{"@type":"PropertyValueSpecification","valueRequired":true,"valueName":"search_term_string"}}],"inLanguage":"en-US"}]}},"_links":{"self":[{"href":"https:\/\/www.komunikaciksobebliz.cz\/index.php?rest_route=\/wp\/v2\/pages\/4110","targetHints":{"allow":["GET"]}}],"collection":[{"href":"https:\/\/www.komunikaciksobebliz.cz\/index.php?rest_route=\/wp\/v2\/pages"}],"about":[{"href":"https:\/\/www.komunikaciksobebliz.cz\/index.php?rest_route=\/wp\/v2\/types\/page"}],"author":[{"embeddable":true,"href":"https:\/\/www.komunikaciksobebliz.cz\/index.php?rest_route=\/wp\/v2\/users\/1"}],"replies":[{"embeddable":true,"href":"https:\/\/www.komunikaciksobebliz.cz\/index.php?rest_route=%2Fwp%2Fv2%2Fcomments&post=4110"}],"version-history":[{"count":12,"href":"https:\/\/www.komunikaciksobebliz.cz\/index.php?rest_route=\/wp\/v2\/pages\/4110\/revisions"}],"predecessor-version":[{"id":4639,"href":"https:\/\/www.komunikaciksobebliz.cz\/index.php?rest_route=\/wp\/v2\/pages\/4110\/revisions\/4639"}],"wp:attachment":[{"href":"https:\/\/www.komunikaciksobebliz.cz\/index.php?rest_route=%2Fwp%2Fv2%2Fmedia&parent=4110"}],"curies":[{"name":"wp","href":"https:\/\/api.w.org\/{rel}","templated":true}]}}