{"id":3909,"date":"2023-01-08T14:12:16","date_gmt":"2023-01-08T14:12:16","guid":{"rendered":"http:\/\/www.komunikaciksobebliz.cz\/?page_id=3909"},"modified":"2025-08-31T14:38:37","modified_gmt":"2025-08-31T14:38:37","slug":"3909-2","status":"publish","type":"page","link":"https:\/\/www.komunikaciksobebliz.cz\/?page_id=3909","title":{"rendered":"kruz detail"},"content":{"rendered":"\n<div class=\"wp-block-columns is-layout-flex wp-container-core-columns-is-layout-9d6595d7 wp-block-columns-is-layout-flex\">\n<div class=\"wp-block-column is-layout-flow wp-block-column-is-layout-flow\" style=\"flex-basis:25%\">\n<div style=\"height:4px\" aria-hidden=\"true\" class=\"wp-block-spacer\"><\/div>\n\n\n\n<div style=\"height:11px\" aria-hidden=\"true\" class=\"wp-block-spacer\"><\/div>\n\n\n\n<h2 class=\"wp-block-heading alignwide has-text-align-center has-text-color has-background\" style=\"color:#620101;background:radial-gradient(rgb(248,241,224) 0%,rgb(239,225,198) 44%,rgb(222,196,162) 100%);font-size:20px\"><strong>KOMU<\/strong>                  <\/h2>\n<\/div>\n\n\n\n<div class=\"wp-block-column has-white-background-color has-background is-layout-flow wp-block-column-is-layout-flow\" style=\"flex-basis:75%\">\n<p class=\"has-text-color\" style=\"color:#451906c2;font-size:18px\">Kurz je ur\u010den pro lidi, kte\u0159\u00ed si ve sv\u00fdch vztaz\u00edch, rol\u00edch a komunikaci p\u0159ej\u00ed <strong>prosp\u00edvat<\/strong> <strong>SPOLU<\/strong> (s partnery, kolegy, d\u011btmi, studenty, pacienty, rodi\u010di, \u0161\u00e9fy, klienty, pod\u0159\u00edzen\u00fdmi, u\u010diteli, &#8230;)<\/p>\n\n\n\n<p class=\"has-text-color\" style=\"color:#451906c2;font-size:18px\">Pro lidi, kte\u0159\u00ed si cht\u011bj\u00ed vytv\u00e1\u0159et pomoc\u00ed <strong>komunikace podp\u016frn\u011b r\u016fstov\u00e9 prost\u0159ed\u00ed<\/strong>, nebo\u0165 si uv\u011bdomuj\u00ed <strong>vliv <\/strong>ciz\u00edch slov<strong> <\/strong>na svoji spokojenost i <strong>vliv<\/strong> sv\u00fdch slov na druh\u00e9 lidi. <\/p>\n<\/div>\n<\/div>\n\n\n\n<div class=\"wp-block-group\"><div class=\"wp-block-group__inner-container is-layout-constrained wp-block-group-is-layout-constrained\">\n<div style=\"height:21px\" aria-hidden=\"true\" class=\"wp-block-spacer\"><\/div>\n\n\n\n<hr class=\"wp-block-separator has-text-color has-alpha-channel-opacity has-background is-style-default\" style=\"background-color:#efe1c6;color:#efe1c6\"\/>\n\n\n\n<div style=\"height:25px\" aria-hidden=\"true\" class=\"wp-block-spacer\"><\/div>\n<\/div><\/div>\n\n\n\n<div class=\"wp-block-columns is-layout-flex wp-container-core-columns-is-layout-9d6595d7 wp-block-columns-is-layout-flex\">\n<div class=\"wp-block-column is-layout-flow wp-block-column-is-layout-flow\" style=\"flex-basis:25%\">\n<h2 class=\"wp-block-heading alignwide has-text-align-center has-text-color has-background\" style=\"color:#620101;background:radial-gradient(rgb(248,241,224) 0%,rgb(239,225,198) 44%,rgb(222,196,162) 100%);font-size:20px\"><strong>ROZSAH<\/strong><\/h2>\n<\/div>\n\n\n\n<div class=\"wp-block-column is-layout-flow wp-block-column-is-layout-flow\" style=\"flex-basis:75%\">\n<p><\/p>\n\n\n\n<p class=\"has-text-color\" style=\"color:#451906c2;font-size:18px\">Kurz je v rozsahu <strong>osmi setk\u00e1n\u00ed<\/strong> v d\u00e9lce <strong>150 minut ka\u017ed\u00e9.<\/strong><\/p>\n<\/div>\n\n\n\n<div class=\"wp-block-column is-layout-flow wp-block-column-is-layout-flow\"><\/div>\n<\/div>\n\n\n\n<div class=\"wp-block-group\"><div class=\"wp-block-group__inner-container is-layout-constrained wp-block-group-is-layout-constrained\">\n<div style=\"height:21px\" aria-hidden=\"true\" class=\"wp-block-spacer\"><\/div>\n\n\n\n<hr class=\"wp-block-separator has-text-color has-alpha-channel-opacity has-background is-style-default\" style=\"background-color:#efe1c6;color:#efe1c6\"\/>\n\n\n\n<div style=\"height:25px\" aria-hidden=\"true\" class=\"wp-block-spacer\"><\/div>\n<\/div><\/div>\n\n\n\n<div style=\"height:7px\" aria-hidden=\"true\" class=\"wp-block-spacer\"><\/div>\n\n\n\n<div class=\"wp-block-columns is-layout-flex wp-container-core-columns-is-layout-9d6595d7 wp-block-columns-is-layout-flex\">\n<div class=\"wp-block-column is-layout-flow wp-block-column-is-layout-flow\" style=\"flex-basis:25%\">\n<div style=\"height:35px\" aria-hidden=\"true\" class=\"wp-block-spacer\"><\/div>\n\n\n\n<h2 class=\"wp-block-heading alignwide has-text-align-center has-text-color has-background\" style=\"color:#620101;background:radial-gradient(rgb(248,241,224) 0%,rgb(239,225,198) 44%,rgb(222,196,162) 100%);font-size:20px\"><strong>PR\u016eB\u011aH<\/strong><\/h2>\n<\/div>\n\n\n\n<div class=\"wp-block-column is-layout-flow wp-block-column-is-layout-flow\" style=\"flex-basis:75%\">\n<p class=\"has-text-color\" style=\"color:#451906c2;font-size:18px\">Na za\u010d\u00e1tku se <strong>zp\u0159\u00edtomn\u00edme<\/strong> kontaktem se sebou a prostorem. Sd\u00edl\u00edme, jak se n\u00e1m da\u0159\u00ed.<\/p>\n\n\n\n<p class=\"has-text-color\" style=\"color:#451906c2;font-size:18px\">N\u00e1sledovat bude nezbytn\u00e1 <strong>teorie<\/strong> k&nbsp;obsahu setk\u00e1n\u00ed a vyjasn\u011bn\u00ed va\u0161eho porozum\u011bn\u00ed.<\/p>\n\n\n\n<p class=\"has-text-color\" style=\"color:#451906c2;font-size:18px\">Pot\u00e9 se pust\u00edme do <strong>tr\u00e9nov\u00e1n\u00ed<\/strong> nov\u00fdch <strong>dovednost\u00ed<\/strong>.<\/p>\n\n\n\n<p class=\"has-text-color\" style=\"color:#451906c2;font-size:18px\">Na z\u00e1v\u011br je prostor pro <strong>dotazy<\/strong>, sd\u00edlen\u00ed <strong>p\u0159\u00ednos\u016f<\/strong>, <strong>v\u00fdzev<\/strong> a podn\u011bty k&nbsp;<strong>dom\u00e1c\u00edmu tr\u00e9ninku<\/strong>.<\/p>\n<\/div>\n\n\n\n<div class=\"wp-block-column is-layout-flow wp-block-column-is-layout-flow\"><\/div>\n<\/div>\n\n\n\n<div class=\"wp-block-group\"><div class=\"wp-block-group__inner-container is-layout-constrained wp-block-group-is-layout-constrained\">\n<div style=\"height:21px\" aria-hidden=\"true\" class=\"wp-block-spacer\"><\/div>\n\n\n\n<hr class=\"wp-block-separator has-text-color has-alpha-channel-opacity has-background is-style-default\" style=\"background-color:#efe1c6;color:#efe1c6\"\/>\n\n\n\n<div style=\"height:25px\" aria-hidden=\"true\" class=\"wp-block-spacer\"><\/div>\n<\/div><\/div>\n\n\n\n<div class=\"wp-block-columns is-layout-flex wp-container-core-columns-is-layout-9d6595d7 wp-block-columns-is-layout-flex\">\n<div class=\"wp-block-column is-layout-flow wp-block-column-is-layout-flow\" style=\"flex-basis:25%\">\n<h2 class=\"wp-block-heading alignwide has-text-align-center has-text-color has-background\" style=\"color:#620101;background:radial-gradient(rgb(248,241,224) 0%,rgb(239,225,198) 44%,rgb(222,196,162) 100%);font-size:20px\"><strong>SKUPINA<\/strong><\/h2>\n<\/div>\n\n\n\n<div class=\"wp-block-column is-layout-flow wp-block-column-is-layout-flow\" style=\"flex-basis:75%\">\n<p><\/p>\n\n\n\n<p class=\"has-text-color\" style=\"color:#451906c2;font-size:18px\">Kurzy prob\u00edhaj\u00ed v\u00a0<strong>mal\u00fdch skupink\u00e1ch<\/strong> 6-12 lid\u00ed.<\/p>\n<\/div>\n\n\n\n<div class=\"wp-block-column is-layout-flow wp-block-column-is-layout-flow\"><\/div>\n<\/div>\n\n\n\n<div class=\"wp-block-group\"><div class=\"wp-block-group__inner-container is-layout-constrained wp-block-group-is-layout-constrained\">\n<div style=\"height:21px\" aria-hidden=\"true\" class=\"wp-block-spacer\"><\/div>\n\n\n\n<hr class=\"wp-block-separator has-text-color has-alpha-channel-opacity has-background is-style-default\" style=\"background-color:#efe1c6;color:#efe1c6\"\/>\n\n\n\n<div style=\"height:25px\" aria-hidden=\"true\" class=\"wp-block-spacer\"><\/div>\n<\/div><\/div>\n\n\n\n<div style=\"height:7px\" aria-hidden=\"true\" class=\"wp-block-spacer\"><\/div>\n\n\n\n<div class=\"wp-block-columns is-layout-flex wp-container-core-columns-is-layout-9d6595d7 wp-block-columns-is-layout-flex\">\n<div class=\"wp-block-column is-layout-flow wp-block-column-is-layout-flow\" style=\"flex-basis:25%\">\n<div style=\"height:22px\" aria-hidden=\"true\" class=\"wp-block-spacer\"><\/div>\n\n\n\n<h2 class=\"wp-block-heading alignwide has-text-align-center has-text-color has-background\" style=\"color:#620101;background:radial-gradient(rgb(248,241,224) 0%,rgb(239,225,198) 44%,rgb(222,196,162) 100%);font-size:20px\"><strong>M\u00cdSTO<\/strong><\/h2>\n<\/div>\n\n\n\n<div class=\"wp-block-column is-layout-flow wp-block-column-is-layout-flow\" style=\"flex-basis:75%\">\n<p class=\"has-text-color\" style=\"color:#451906c2;font-size:18px\">Kurzy se konaj\u00ed <strong>on-line i osobn\u011b<\/strong>.<\/p>\n\n\n\n<p class=\"has-text-color\" style=\"color:#451906c2;font-size:18px\">On-line forma umo\u017e\u0148uje vyu\u017e\u00edt <strong>pohodl\u00ed domova<\/strong> bez nutnosti cestov\u00e1n\u00ed a v\u011bt\u0161\u00ed soukrom\u00ed. Pot\u0159ebujete si pro tato setk\u00e1n\u00ed zajistit neru\u0161en\u00fd \u010das pro sebe, po\u010d\u00edta\u010d s <strong>p\u0159ipojen\u00edm k internetu<\/strong> a alespo\u0148 <strong>metr prostoru<\/strong> kolem sebe pro fyzick\u00e1 cvi\u010den\u00ed.&nbsp;<\/p>\n\n\n\n<p class=\"has-text-color\" style=\"color:#451906c2;font-size:18px\">Osobn\u00ed setk\u00e1n\u00ed prob\u00edhaj\u00ed zat\u00edm p\u0159ev\u00e1\u017en\u011b v&nbsp;<strong>Praze a bl\u00edzk\u00e9m okol\u00ed.<\/strong>&nbsp;<\/p>\n<\/div>\n\n\n\n<div class=\"wp-block-column is-layout-flow wp-block-column-is-layout-flow\"><\/div>\n<\/div>\n\n\n\n<div class=\"wp-block-group\"><div class=\"wp-block-group__inner-container is-layout-constrained wp-block-group-is-layout-constrained\">\n<div style=\"height:21px\" aria-hidden=\"true\" class=\"wp-block-spacer\"><\/div>\n\n\n\n<hr class=\"wp-block-separator has-text-color has-alpha-channel-opacity has-background is-style-default\" style=\"background-color:#efe1c6;color:#efe1c6\"\/>\n\n\n\n<div style=\"height:25px\" aria-hidden=\"true\" class=\"wp-block-spacer\"><\/div>\n<\/div><\/div>\n\n\n\n<div style=\"height:7px\" aria-hidden=\"true\" class=\"wp-block-spacer\"><\/div>\n\n\n\n<div class=\"wp-block-columns is-layout-flex wp-container-core-columns-is-layout-9d6595d7 wp-block-columns-is-layout-flex\">\n<div class=\"wp-block-column is-layout-flow wp-block-column-is-layout-flow\" style=\"flex-basis:25%\">\n<h2 class=\"wp-block-heading alignwide has-text-align-center has-text-color has-background\" style=\"color:#620101;background:radial-gradient(rgb(248,241,224) 0%,rgb(239,225,198) 44%,rgb(222,196,162) 100%);font-size:20px\"><strong>P\u0158EDPOKLAD<\/strong><\/h2>\n<\/div>\n\n\n\n<div class=\"wp-block-column is-layout-flow wp-block-column-is-layout-flow\" style=\"flex-basis:75%\">\n<p class=\"has-text-color\" style=\"color:#451906c2;font-size:18px\">Z\u00e1kladn\u00ed p\u0159edpoklad pro u\u017eitek z kurzu je <strong>zv\u00eddavost<\/strong>, <strong>chu\u0165 objevovat<\/strong> a <strong>zkou\u0161et<\/strong> nov\u00e9 alternativy, jak si vz\u00e1jemn\u011b l\u00e9pe porozum\u011bt. <strong>Ochota b\u00fdt v kontaktu <\/strong>se sebou i s druh\u00fdmi formou <strong>naslouch\u00e1n\u00ed <\/strong>a schopnost si uv\u011bdomit, \u017ee n\u011bco <strong>c\u00edt\u00edme<\/strong>, <strong>mysl\u00edme<\/strong>. Kurz nen\u00ed vhodn\u00fd pro lidi s psychick\u00fdm onemocn\u011bn\u00edm. <\/p>\n<\/div>\n\n\n\n<div class=\"wp-block-column is-layout-flow wp-block-column-is-layout-flow\"><\/div>\n<\/div>\n\n\n\n<div class=\"wp-block-group\"><div class=\"wp-block-group__inner-container is-layout-constrained wp-block-group-is-layout-constrained\">\n<div style=\"height:21px\" aria-hidden=\"true\" class=\"wp-block-spacer\"><\/div>\n\n\n\n<hr class=\"wp-block-separator has-text-color has-alpha-channel-opacity has-background is-style-default\" style=\"background-color:#efe1c6;color:#efe1c6\"\/>\n\n\n\n<div style=\"height:25px\" aria-hidden=\"true\" class=\"wp-block-spacer\"><\/div>\n<\/div><\/div>\n\n\n\n<div style=\"height:7px\" aria-hidden=\"true\" class=\"wp-block-spacer\"><\/div>\n\n\n\n<div class=\"wp-block-columns is-layout-flex wp-container-core-columns-is-layout-9d6595d7 wp-block-columns-is-layout-flex\">\n<div class=\"wp-block-column is-layout-flow wp-block-column-is-layout-flow\" style=\"flex-basis:25%\">\n<h2 class=\"wp-block-heading alignwide has-text-align-center has-text-color has-background\" style=\"color:#620101;background:radial-gradient(rgb(248,241,224) 0%,rgb(239,225,198) 44%,rgb(222,196,162) 100%);font-size:20px\"><strong>TERM\u00cdNY<\/strong><\/h2>\n<\/div>\n\n\n\n<div class=\"wp-block-column is-layout-flow wp-block-column-is-layout-flow\" style=\"flex-basis:75%\">\n<p class=\"has-text-color\" style=\"color:#451906c2;font-size:18px\">Aktu\u00e1ln\u00ed term\u00edn ON-LINE kurzu je <strong>b\u0159ezen &#8211; \u010derven 2023<\/strong>: term\u00edny 15.3., 29.3., 12.4., 26.4, 10.5., 17.5., 7.6., 21.6., <strong>st\u0159eda<\/strong> v \u010dase <strong>17:30 &#8211; 20:00.<\/strong><\/p>\n<\/div>\n\n\n\n<div class=\"wp-block-column is-layout-flow wp-block-column-is-layout-flow\"><\/div>\n<\/div>\n\n\n\n<div class=\"wp-block-group\"><div class=\"wp-block-group__inner-container is-layout-constrained wp-block-group-is-layout-constrained\">\n<div style=\"height:21px\" aria-hidden=\"true\" class=\"wp-block-spacer\"><\/div>\n\n\n\n<hr class=\"wp-block-separator has-text-color has-alpha-channel-opacity has-background is-style-default\" style=\"background-color:#efe1c6;color:#efe1c6\"\/>\n\n\n\n<div style=\"height:25px\" aria-hidden=\"true\" class=\"wp-block-spacer\"><\/div>\n<\/div><\/div>\n\n\n\n<div class=\"wp-block-columns is-layout-flex wp-container-core-columns-is-layout-9d6595d7 wp-block-columns-is-layout-flex\">\n<div class=\"wp-block-column is-layout-flow wp-block-column-is-layout-flow\" style=\"font-size:18px;flex-basis:25%\">\n<div style=\"height:9px\" aria-hidden=\"true\" class=\"wp-block-spacer\"><\/div>\n\n\n\n<div style=\"height:0px\" aria-hidden=\"true\" class=\"wp-block-spacer\"><\/div>\n\n\n\n<div style=\"height:18px\" aria-hidden=\"true\" class=\"wp-block-spacer\"><\/div>\n\n\n\n<h2 class=\"wp-block-heading alignwide has-text-align-center has-text-color has-background\" style=\"color:#620101;background:radial-gradient(rgb(248,241,224) 0%,rgb(239,225,198) 44%,rgb(222,196,162) 100%);font-size:20px\"><strong>CENA<\/strong><\/h2>\n<\/div>\n\n\n\n<div class=\"wp-block-column is-layout-flow wp-block-column-is-layout-flow\" style=\"font-size:18px;flex-basis:75%\">\n<p class=\"has-text-color\" style=\"color:#451906c2;font-size:18px\">Z\u00e1kladn\u00ed cena je <strong>6 000 K\u010d<\/strong> za \u00fa\u010dastn\u00edka.<\/p>\n\n\n\n<p class=\"has-text-color\" style=\"color:#451906c2\">Nach\u00e1z\u00edte-li se ve finan\u010dn\u00ed t\u00edsni, napi\u0161te mi o slevu do v\u00fd\u0161e 20%. R\u00e1da v\u00e1m vyjdu vst\u0159\u00edc.<\/p>\n\n\n\n<p class=\"has-text-color\" style=\"color:#451906c2\">Pokud si naopak m\u016f\u017eete dovolit <strong>p\u0159isp\u011bt v\u00edc<\/strong>, budu v\u00e1m&nbsp;<strong>vd\u011b\u010dn\u00e1<\/strong>&nbsp;za va\u0161i podporu pro lidi, kte\u0159\u00ed by se jinak kurzu \u00fa\u010dastnit nemohli. <strong>Srde\u010dn\u00e9 d\u00edky!<\/strong><\/p>\n<\/div>\n\n\n\n<div class=\"wp-block-column is-layout-flow wp-block-column-is-layout-flow\"><\/div>\n<\/div>\n\n\n\n<div class=\"wp-block-group\"><div class=\"wp-block-group__inner-container is-layout-constrained wp-block-group-is-layout-constrained\">\n<div style=\"height:21px\" aria-hidden=\"true\" class=\"wp-block-spacer\"><\/div>\n\n\n\n<div style=\"height:25px\" aria-hidden=\"true\" class=\"wp-block-spacer\"><\/div>\n<\/div><\/div>\n\n\n<div class=\"wp-block-image\">\n<figure class=\"aligncenter size-full is-resized\"><img loading=\"lazy\" decoding=\"async\" width=\"1995\" height=\"945\" src=\"https:\/\/www.komunikaciksobebliz.cz\/wp-content\/uploads\/2022\/12\/KOMUNIKACE-DOHODA.png\" alt=\"\" class=\"wp-image-3750\" style=\"width:499px;height:236px\"\/><\/figure>\n<\/div>\n\n\n<div style=\"height:31px\" aria-hidden=\"true\" class=\"wp-block-spacer\"><\/div>\n\n\n\n<div class=\"wp-block-buttons is-content-justification-center is-layout-flex wp-container-core-buttons-is-layout-16018d1d wp-block-buttons-is-layout-flex\">\n<div class=\"wp-block-button is-style-outline is-style-outline--1\"><a class=\"wp-block-button__link has-text-color has-background has-custom-font-size wp-element-button\" href=\"http:\/\/www.komunikaciksobebliz.cz\/?page_id=3920\" style=\"color:#620101;background:radial-gradient(rgb(248,241,224) 0%,rgb(230,210,179) 45%,rgb(209,184,154) 100%);font-size:22px\">M\u00c1M Z\u00c1JEM O KURZ<\/a><\/div>\n<\/div>\n","protected":false},"excerpt":{"rendered":"<p>KOMU Kurz je ur\u010den pro lidi, kte\u0159\u00ed si ve sv\u00fdch vztaz\u00edch, rol\u00edch a komunikaci p\u0159ej\u00ed prosp\u00edvat SPOLU (s partnery, kolegy, d\u011btmi, studenty, pacienty, rodi\u010di, \u0161\u00e9fy, klienty, pod\u0159\u00edzen\u00fdmi, u\u010diteli, &#8230;) Pro lidi, kte\u0159\u00ed si cht\u011bj\u00ed vytv\u00e1\u0159et pomoc\u00ed komunikace podp\u016frn\u011b r\u016fstov\u00e9 prost\u0159ed\u00ed, nebo\u0165 si uv\u011bdomuj\u00ed vliv ciz\u00edch slov na svoji spokojenost i vliv sv\u00fdch slov na druh\u00e9 lidi. ROZSAH Kurz je v rozsahu osmi setk\u00e1n\u00ed v d\u00e9lce 150 minut ka\u017ed\u00e9. PR\u016eB\u011aH Na za\u010d\u00e1tku se zp\u0159\u00edtomn\u00edme kontaktem se sebou a prostorem. Sd\u00edl\u00edme, jak [&hellip;]<\/p>\n","protected":false},"author":1,"featured_media":0,"parent":0,"menu_order":0,"comment_status":"closed","ping_status":"closed","template":"","meta":{"footnotes":""},"class_list":["post-3909","page","type-page","status-publish","hentry"],"yoast_head":"<!-- This site is optimized with the Yoast SEO plugin v23.7 - https:\/\/yoast.com\/wordpress\/plugins\/seo\/ -->\n<title>kruz detail - KOMUNIKAC\u00cd K SOB\u011a BL\u00cd\u017d<\/title>\n<meta name=\"robots\" content=\"index, follow, max-snippet:-1, max-image-preview:large, max-video-preview:-1\" \/>\n<link rel=\"canonical\" href=\"https:\/\/www.komunikaciksobebliz.cz\/?page_id=3909\" \/>\n<meta property=\"og:locale\" content=\"en_US\" \/>\n<meta property=\"og:type\" content=\"article\" \/>\n<meta property=\"og:title\" content=\"kruz detail - KOMUNIKAC\u00cd K SOB\u011a BL\u00cd\u017d\" \/>\n<meta property=\"og:description\" content=\"KOMU Kurz je ur\u010den pro lidi, kte\u0159\u00ed si ve sv\u00fdch vztaz\u00edch, rol\u00edch a komunikaci p\u0159ej\u00ed prosp\u00edvat SPOLU (s partnery, kolegy, d\u011btmi, studenty, pacienty, rodi\u010di, \u0161\u00e9fy, klienty, pod\u0159\u00edzen\u00fdmi, u\u010diteli, &#8230;) Pro lidi, kte\u0159\u00ed si cht\u011bj\u00ed vytv\u00e1\u0159et pomoc\u00ed komunikace podp\u016frn\u011b r\u016fstov\u00e9 prost\u0159ed\u00ed, nebo\u0165 si uv\u011bdomuj\u00ed vliv ciz\u00edch slov na svoji spokojenost i vliv sv\u00fdch slov na druh\u00e9 lidi. ROZSAH Kurz je v rozsahu osmi setk\u00e1n\u00ed v d\u00e9lce 150 minut ka\u017ed\u00e9. PR\u016eB\u011aH Na za\u010d\u00e1tku se zp\u0159\u00edtomn\u00edme kontaktem se sebou a prostorem. Sd\u00edl\u00edme, jak [&hellip;]\" \/>\n<meta property=\"og:url\" content=\"https:\/\/www.komunikaciksobebliz.cz\/?page_id=3909\" \/>\n<meta property=\"og:site_name\" content=\"KOMUNIKAC\u00cd K SOB\u011a BL\u00cd\u017d\" \/>\n<meta property=\"article:modified_time\" content=\"2025-08-31T14:38:37+00:00\" \/>\n<meta property=\"og:image\" content=\"https:\/\/www.komunikaciksobebliz.cz\/wp-content\/uploads\/2022\/12\/KOMUNIKACE-DOHODA.png\" \/>\n\t<meta property=\"og:image:width\" content=\"1995\" \/>\n\t<meta property=\"og:image:height\" content=\"945\" \/>\n\t<meta property=\"og:image:type\" content=\"image\/png\" \/>\n<meta name=\"twitter:card\" content=\"summary_large_image\" \/>\n<meta name=\"twitter:label1\" content=\"Est. reading time\" \/>\n\t<meta name=\"twitter:data1\" content=\"2 minutes\" \/>\n<script type=\"application\/ld+json\" class=\"yoast-schema-graph\">{\"@context\":\"https:\/\/schema.org\",\"@graph\":[{\"@type\":\"WebPage\",\"@id\":\"https:\/\/www.komunikaciksobebliz.cz\/?page_id=3909\",\"url\":\"https:\/\/www.komunikaciksobebliz.cz\/?page_id=3909\",\"name\":\"kruz detail - KOMUNIKAC\u00cd K SOB\u011a BL\u00cd\u017d\",\"isPartOf\":{\"@id\":\"http:\/\/www.komunikaciksobebliz.cz\/#website\"},\"primaryImageOfPage\":{\"@id\":\"https:\/\/www.komunikaciksobebliz.cz\/?page_id=3909#primaryimage\"},\"image\":{\"@id\":\"https:\/\/www.komunikaciksobebliz.cz\/?page_id=3909#primaryimage\"},\"thumbnailUrl\":\"https:\/\/www.komunikaciksobebliz.cz\/wp-content\/uploads\/2022\/12\/KOMUNIKACE-DOHODA.png\",\"datePublished\":\"2023-01-08T14:12:16+00:00\",\"dateModified\":\"2025-08-31T14:38:37+00:00\",\"breadcrumb\":{\"@id\":\"https:\/\/www.komunikaciksobebliz.cz\/?page_id=3909#breadcrumb\"},\"inLanguage\":\"en-US\",\"potentialAction\":[{\"@type\":\"ReadAction\",\"target\":[\"https:\/\/www.komunikaciksobebliz.cz\/?page_id=3909\"]}]},{\"@type\":\"ImageObject\",\"inLanguage\":\"en-US\",\"@id\":\"https:\/\/www.komunikaciksobebliz.cz\/?page_id=3909#primaryimage\",\"url\":\"https:\/\/www.komunikaciksobebliz.cz\/wp-content\/uploads\/2022\/12\/KOMUNIKACE-DOHODA.png\",\"contentUrl\":\"https:\/\/www.komunikaciksobebliz.cz\/wp-content\/uploads\/2022\/12\/KOMUNIKACE-DOHODA.png\",\"width\":1995,\"height\":945},{\"@type\":\"BreadcrumbList\",\"@id\":\"https:\/\/www.komunikaciksobebliz.cz\/?page_id=3909#breadcrumb\",\"itemListElement\":[{\"@type\":\"ListItem\",\"position\":1,\"name\":\"Home\",\"item\":\"https:\/\/www.komunikaciksobebliz.cz\/\"},{\"@type\":\"ListItem\",\"position\":2,\"name\":\"kruz detail\"}]},{\"@type\":\"WebSite\",\"@id\":\"http:\/\/www.komunikaciksobebliz.cz\/#website\",\"url\":\"http:\/\/www.komunikaciksobebliz.cz\/\",\"name\":\"KOMUNIKAC\u00cd K SOB\u011a BL\u00cd\u017d\",\"description\":\"\",\"potentialAction\":[{\"@type\":\"SearchAction\",\"target\":{\"@type\":\"EntryPoint\",\"urlTemplate\":\"http:\/\/www.komunikaciksobebliz.cz\/?s={search_term_string}\"},\"query-input\":{\"@type\":\"PropertyValueSpecification\",\"valueRequired\":true,\"valueName\":\"search_term_string\"}}],\"inLanguage\":\"en-US\"}]}<\/script>\n<!-- \/ Yoast SEO plugin. -->","yoast_head_json":{"title":"kruz detail - KOMUNIKAC\u00cd K SOB\u011a BL\u00cd\u017d","robots":{"index":"index","follow":"follow","max-snippet":"max-snippet:-1","max-image-preview":"max-image-preview:large","max-video-preview":"max-video-preview:-1"},"canonical":"https:\/\/www.komunikaciksobebliz.cz\/?page_id=3909","og_locale":"en_US","og_type":"article","og_title":"kruz detail - KOMUNIKAC\u00cd K SOB\u011a BL\u00cd\u017d","og_description":"KOMU Kurz je ur\u010den pro lidi, kte\u0159\u00ed si ve sv\u00fdch vztaz\u00edch, rol\u00edch a komunikaci p\u0159ej\u00ed prosp\u00edvat SPOLU (s partnery, kolegy, d\u011btmi, studenty, pacienty, rodi\u010di, \u0161\u00e9fy, klienty, pod\u0159\u00edzen\u00fdmi, u\u010diteli, &#8230;) Pro lidi, kte\u0159\u00ed si cht\u011bj\u00ed vytv\u00e1\u0159et pomoc\u00ed komunikace podp\u016frn\u011b r\u016fstov\u00e9 prost\u0159ed\u00ed, nebo\u0165 si uv\u011bdomuj\u00ed vliv ciz\u00edch slov na svoji spokojenost i vliv sv\u00fdch slov na druh\u00e9 lidi. ROZSAH Kurz je v rozsahu osmi setk\u00e1n\u00ed v d\u00e9lce 150 minut ka\u017ed\u00e9. PR\u016eB\u011aH Na za\u010d\u00e1tku se zp\u0159\u00edtomn\u00edme kontaktem se sebou a prostorem. Sd\u00edl\u00edme, jak [&hellip;]","og_url":"https:\/\/www.komunikaciksobebliz.cz\/?page_id=3909","og_site_name":"KOMUNIKAC\u00cd K SOB\u011a BL\u00cd\u017d","article_modified_time":"2025-08-31T14:38:37+00:00","og_image":[{"width":1995,"height":945,"url":"https:\/\/www.komunikaciksobebliz.cz\/wp-content\/uploads\/2022\/12\/KOMUNIKACE-DOHODA.png","type":"image\/png"}],"twitter_card":"summary_large_image","twitter_misc":{"Est. reading time":"2 minutes"},"schema":{"@context":"https:\/\/schema.org","@graph":[{"@type":"WebPage","@id":"https:\/\/www.komunikaciksobebliz.cz\/?page_id=3909","url":"https:\/\/www.komunikaciksobebliz.cz\/?page_id=3909","name":"kruz detail - KOMUNIKAC\u00cd K SOB\u011a BL\u00cd\u017d","isPartOf":{"@id":"http:\/\/www.komunikaciksobebliz.cz\/#website"},"primaryImageOfPage":{"@id":"https:\/\/www.komunikaciksobebliz.cz\/?page_id=3909#primaryimage"},"image":{"@id":"https:\/\/www.komunikaciksobebliz.cz\/?page_id=3909#primaryimage"},"thumbnailUrl":"https:\/\/www.komunikaciksobebliz.cz\/wp-content\/uploads\/2022\/12\/KOMUNIKACE-DOHODA.png","datePublished":"2023-01-08T14:12:16+00:00","dateModified":"2025-08-31T14:38:37+00:00","breadcrumb":{"@id":"https:\/\/www.komunikaciksobebliz.cz\/?page_id=3909#breadcrumb"},"inLanguage":"en-US","potentialAction":[{"@type":"ReadAction","target":["https:\/\/www.komunikaciksobebliz.cz\/?page_id=3909"]}]},{"@type":"ImageObject","inLanguage":"en-US","@id":"https:\/\/www.komunikaciksobebliz.cz\/?page_id=3909#primaryimage","url":"https:\/\/www.komunikaciksobebliz.cz\/wp-content\/uploads\/2022\/12\/KOMUNIKACE-DOHODA.png","contentUrl":"https:\/\/www.komunikaciksobebliz.cz\/wp-content\/uploads\/2022\/12\/KOMUNIKACE-DOHODA.png","width":1995,"height":945},{"@type":"BreadcrumbList","@id":"https:\/\/www.komunikaciksobebliz.cz\/?page_id=3909#breadcrumb","itemListElement":[{"@type":"ListItem","position":1,"name":"Home","item":"https:\/\/www.komunikaciksobebliz.cz\/"},{"@type":"ListItem","position":2,"name":"kruz detail"}]},{"@type":"WebSite","@id":"http:\/\/www.komunikaciksobebliz.cz\/#website","url":"http:\/\/www.komunikaciksobebliz.cz\/","name":"KOMUNIKAC\u00cd K SOB\u011a BL\u00cd\u017d","description":"","potentialAction":[{"@type":"SearchAction","target":{"@type":"EntryPoint","urlTemplate":"http:\/\/www.komunikaciksobebliz.cz\/?s={search_term_string}"},"query-input":{"@type":"PropertyValueSpecification","valueRequired":true,"valueName":"search_term_string"}}],"inLanguage":"en-US"}]}},"_links":{"self":[{"href":"https:\/\/www.komunikaciksobebliz.cz\/index.php?rest_route=\/wp\/v2\/pages\/3909","targetHints":{"allow":["GET"]}}],"collection":[{"href":"https:\/\/www.komunikaciksobebliz.cz\/index.php?rest_route=\/wp\/v2\/pages"}],"about":[{"href":"https:\/\/www.komunikaciksobebliz.cz\/index.php?rest_route=\/wp\/v2\/types\/page"}],"author":[{"embeddable":true,"href":"https:\/\/www.komunikaciksobebliz.cz\/index.php?rest_route=\/wp\/v2\/users\/1"}],"replies":[{"embeddable":true,"href":"https:\/\/www.komunikaciksobebliz.cz\/index.php?rest_route=%2Fwp%2Fv2%2Fcomments&post=3909"}],"version-history":[{"count":34,"href":"https:\/\/www.komunikaciksobebliz.cz\/index.php?rest_route=\/wp\/v2\/pages\/3909\/revisions"}],"predecessor-version":[{"id":4676,"href":"https:\/\/www.komunikaciksobebliz.cz\/index.php?rest_route=\/wp\/v2\/pages\/3909\/revisions\/4676"}],"wp:attachment":[{"href":"https:\/\/www.komunikaciksobebliz.cz\/index.php?rest_route=%2Fwp%2Fv2%2Fmedia&parent=3909"}],"curies":[{"name":"wp","href":"https:\/\/api.w.org\/{rel}","templated":true}]}}