{"id":2911,"date":"2022-12-05T21:48:01","date_gmt":"2022-12-05T21:48:01","guid":{"rendered":"http:\/\/www.komunikaciksobebliz.cz\/?page_id=2911"},"modified":"2025-08-31T15:06:06","modified_gmt":"2025-08-31T15:06:06","slug":"2911-2","status":"publish","type":"page","link":"https:\/\/www.komunikaciksobebliz.cz\/?page_id=2911","title":{"rendered":"workshop detail"},"content":{"rendered":"\n<div class=\"wp-block-columns is-layout-flex wp-container-core-columns-is-layout-9d6595d7 wp-block-columns-is-layout-flex\">\n<div class=\"wp-block-column is-layout-flow wp-block-column-is-layout-flow\" style=\"flex-basis:25%\">\n<h2 class=\"wp-block-heading alignwide has-text-align-center has-text-color has-background\" style=\"color:#620101;background:radial-gradient(rgb(248,241,224) 0%,rgb(239,225,198) 44%,rgb(222,196,162) 100%);font-size:20px\"><strong>KOMU<\/strong>                  <\/h2>\n<\/div>\n\n\n\n<div class=\"wp-block-column has-white-background-color has-background is-layout-flow wp-block-column-is-layout-flow\" style=\"flex-basis:75%\">\n<p class=\"has-text-color\" style=\"color:#451906c2;font-size:18px\">Workshopy jsou ur\u010deny pro lidi, kte\u0159\u00ed si ve sv\u00fdch vztaz\u00edch, rol\u00edch a komunikaci p\u0159ej\u00ed <strong>prosp\u00edvat<\/strong> <strong>SPOLU<\/strong> (s partnery, kolegy, d\u011btmi, studenty, pacienty, rodi\u010di, \u0161\u00e9fy, klienty, pod\u0159\u00edzen\u00fdmi, u\u010diteli, &#8230;)<\/p>\n<\/div>\n<\/div>\n\n\n\n<div class=\"wp-block-group\"><div class=\"wp-block-group__inner-container is-layout-constrained wp-block-group-is-layout-constrained\">\n<div style=\"height:21px\" aria-hidden=\"true\" class=\"wp-block-spacer\"><\/div>\n\n\n\n<hr class=\"wp-block-separator has-text-color has-alpha-channel-opacity has-background is-style-default\" style=\"background-color:#efe1c6;color:#efe1c6\"\/>\n\n\n\n<div style=\"height:25px\" aria-hidden=\"true\" class=\"wp-block-spacer\"><\/div>\n<\/div><\/div>\n\n\n\n<div class=\"wp-block-columns is-layout-flex wp-container-core-columns-is-layout-9d6595d7 wp-block-columns-is-layout-flex\">\n<div class=\"wp-block-column is-layout-flow wp-block-column-is-layout-flow\" style=\"flex-basis:25%\">\n<h2 class=\"wp-block-heading alignwide has-text-align-center has-text-color has-background\" style=\"color:#620101;background:radial-gradient(rgb(248,241,224) 0%,rgb(239,225,198) 44%,rgb(222,196,162) 100%);font-size:20px\"><strong>ROZSAH<\/strong><\/h2>\n<\/div>\n\n\n\n<div class=\"wp-block-column is-layout-flow wp-block-column-is-layout-flow\" style=\"flex-basis:75%\">\n<p><\/p>\n\n\n\n<p class=\"has-text-color\" style=\"color:#451906c2;font-size:18px\">Workshopy jsou v rozsahu \u010dty\u0159 a\u017e osmi hodin.<\/p>\n<\/div>\n\n\n\n<div class=\"wp-block-column is-layout-flow wp-block-column-is-layout-flow\"><\/div>\n<\/div>\n\n\n\n<div class=\"wp-block-group\"><div class=\"wp-block-group__inner-container is-layout-constrained wp-block-group-is-layout-constrained\">\n<div style=\"height:21px\" aria-hidden=\"true\" class=\"wp-block-spacer\"><\/div>\n\n\n\n<hr class=\"wp-block-separator has-text-color has-alpha-channel-opacity has-background is-style-default\" style=\"background-color:#efe1c6;color:#efe1c6\"\/>\n\n\n\n<div style=\"height:25px\" aria-hidden=\"true\" class=\"wp-block-spacer\"><\/div>\n<\/div><\/div>\n\n\n\n<div class=\"wp-block-columns is-layout-flex wp-container-core-columns-is-layout-9d6595d7 wp-block-columns-is-layout-flex\">\n<div class=\"wp-block-column is-layout-flow wp-block-column-is-layout-flow\" style=\"flex-basis:25%\">\n<h2 class=\"wp-block-heading alignwide has-text-align-center has-text-color has-background\" style=\"color:#620101;background:radial-gradient(rgb(248,241,224) 0%,rgb(239,225,198) 44%,rgb(222,196,162) 100%);font-size:20px\"><strong>SKUPINA<\/strong><\/h2>\n<\/div>\n\n\n\n<div class=\"wp-block-column is-layout-flow wp-block-column-is-layout-flow\" style=\"flex-basis:75%\">\n<p><\/p>\n\n\n\n<p class=\"has-text-color\" style=\"color:#451906c2;font-size:18px\">Workshopy prob\u00edhaj\u00ed v\u00a0<strong>mal\u00fdch skupink\u00e1ch<\/strong> 8-12 lid\u00ed.<\/p>\n<\/div>\n\n\n\n<div class=\"wp-block-column is-layout-flow wp-block-column-is-layout-flow\"><\/div>\n<\/div>\n\n\n\n<div class=\"wp-block-group\"><div class=\"wp-block-group__inner-container is-layout-constrained wp-block-group-is-layout-constrained\">\n<div style=\"height:21px\" aria-hidden=\"true\" class=\"wp-block-spacer\"><\/div>\n\n\n\n<hr class=\"wp-block-separator has-text-color has-alpha-channel-opacity has-background is-style-default\" style=\"background-color:#efe1c6;color:#efe1c6\"\/>\n\n\n\n<div style=\"height:25px\" aria-hidden=\"true\" class=\"wp-block-spacer\"><\/div>\n<\/div><\/div>\n\n\n\n<div class=\"wp-block-columns is-layout-flex wp-container-core-columns-is-layout-9d6595d7 wp-block-columns-is-layout-flex\">\n<div class=\"wp-block-column is-layout-flow wp-block-column-is-layout-flow\" style=\"flex-basis:25%\">\n<div style=\"height:42px\" aria-hidden=\"true\" class=\"wp-block-spacer\"><\/div>\n\n\n\n<h2 class=\"wp-block-heading alignwide has-text-align-center has-text-color has-background\" style=\"color:#620101;background:radial-gradient(rgb(248,241,224) 0%,rgb(239,225,198) 44%,rgb(222,196,162) 100%);font-size:20px\"><strong>M\u00cdSTO<\/strong><\/h2>\n<\/div>\n\n\n\n<div class=\"wp-block-column is-layout-flow wp-block-column-is-layout-flow\" style=\"flex-basis:75%\">\n<p class=\"has-text-color\" style=\"color:#451906c2;font-size:18px\">Wokshopy se konaj\u00ed <strong>on-line i osobn\u011b<\/strong>.<\/p>\n\n\n\n<p class=\"has-text-color\" style=\"color:#451906c2;font-size:18px\">On-line forma umo\u017e\u0148uje vyu\u017e\u00edt pohodl\u00ed domova bez nutnosti cestov\u00e1n\u00ed a v\u011bt\u0161\u00ed soukrom\u00ed. Pot\u0159ebujete si pro tato setk\u00e1n\u00ed zajistit neru\u0161en\u00fd \u010das pro sebe, po\u010d\u00edta\u010d s p\u0159ipojen\u00edm k internetu a alespo\u0148 metr prostoru kolem sebe pro p\u0159\u00edpadn\u00e1 fyzick\u00e1 cvi\u010den\u00ed.&nbsp;<\/p>\n\n\n\n<p class=\"has-text-color\" style=\"color:#451906c2;font-size:18px\">Osobn\u00ed setk\u00e1n\u00ed prob\u00edhaj\u00ed zat\u00edm p\u0159ev\u00e1\u017en\u011b v&nbsp;<strong>Praze a bl\u00edzk\u00e9m okol\u00ed.<\/strong>&nbsp;<\/p>\n<\/div>\n\n\n\n<div class=\"wp-block-column is-layout-flow wp-block-column-is-layout-flow\"><\/div>\n<\/div>\n\n\n\n<div class=\"wp-block-group\"><div class=\"wp-block-group__inner-container is-layout-constrained wp-block-group-is-layout-constrained\">\n<div style=\"height:21px\" aria-hidden=\"true\" class=\"wp-block-spacer\"><\/div>\n\n\n\n<hr class=\"wp-block-separator has-text-color has-alpha-channel-opacity has-background is-style-default\" style=\"background-color:#efe1c6;color:#efe1c6\"\/>\n\n\n\n<div style=\"height:25px\" aria-hidden=\"true\" class=\"wp-block-spacer\"><\/div>\n<\/div><\/div>\n\n\n\n<div class=\"wp-block-columns is-layout-flex wp-container-core-columns-is-layout-9d6595d7 wp-block-columns-is-layout-flex\">\n<div class=\"wp-block-column is-layout-flow wp-block-column-is-layout-flow\" style=\"flex-basis:25%\">\n<h2 class=\"wp-block-heading alignwide has-text-align-center has-text-color has-background\" style=\"color:#620101;background:radial-gradient(rgb(248,241,224) 0%,rgb(239,225,198) 44%,rgb(222,196,162) 100%);font-size:20px\"><strong>P\u0158EDPOKLAD<\/strong><\/h2>\n<\/div>\n\n\n\n<div class=\"wp-block-column is-layout-flow wp-block-column-is-layout-flow\" style=\"flex-basis:75%\">\n<p class=\"has-text-color\" style=\"color:#451906c2;font-size:18px\">Z\u00e1kladn\u00ed p\u0159edpoklad pro u\u017eitek z kurzu je <strong>zv\u00eddavost<\/strong>, <strong>chu\u0165 zkou\u0161et a objevovat<\/strong> nov\u00e9 alternativy, jak si vz\u00e1jemn\u011b l\u00e9pe porozum\u011bt. <strong>Ochota b\u00fdt v kontaktu <\/strong>se sebou i s druh\u00fdmi formou <strong>naslouch\u00e1n\u00ed <\/strong>i uv\u011bdomovat si, \u017ee n\u011bco <strong>c\u00edt\u00edme<\/strong>, <strong>mysl\u00edme<\/strong>.<\/p>\n<\/div>\n\n\n\n<div class=\"wp-block-column is-layout-flow wp-block-column-is-layout-flow\"><\/div>\n<\/div>\n\n\n\n<div style=\"height:25px\" aria-hidden=\"true\" class=\"wp-block-spacer\"><\/div>\n\n\n<div class=\"wp-block-image\">\n<figure class=\"aligncenter size-full is-resized\"><img loading=\"lazy\" decoding=\"async\" width=\"1328\" height=\"455\" src=\"https:\/\/www.komunikaciksobebliz.cz\/wp-content\/uploads\/2023\/01\/ToonCamera2.jpg\" alt=\"\" class=\"wp-image-3937\" style=\"width:664px;height:228px\"\/><\/figure>\n<\/div>\n\n\n<div style=\"height:25px\" aria-hidden=\"true\" class=\"wp-block-spacer\"><\/div>\n\n\n\n<div style=\"height:31px\" aria-hidden=\"true\" class=\"wp-block-spacer\"><\/div>\n\n\n\n<div class=\"wp-block-buttons is-content-justification-center is-layout-flex wp-container-core-buttons-is-layout-16018d1d wp-block-buttons-is-layout-flex\">\n<div class=\"wp-block-button is-style-outline is-style-outline--1\"><a class=\"wp-block-button__link has-text-color has-background has-custom-font-size wp-element-button\" href=\"http:\/\/www.komunikaciksobebliz.cz\/?page_id=4212\" style=\"color:#620101;background:radial-gradient(rgb(248,241,224) 0%,rgb(230,210,179) 45%,rgb(209,184,154) 100%);font-size:22px\">M\u00c1M Z\u00c1JEM O WORKSHOP<\/a><\/div>\n<\/div>\n","protected":false},"excerpt":{"rendered":"<p>KOMU Workshopy jsou ur\u010deny pro lidi, kte\u0159\u00ed si ve sv\u00fdch vztaz\u00edch, rol\u00edch a komunikaci p\u0159ej\u00ed prosp\u00edvat SPOLU (s partnery, kolegy, d\u011btmi, studenty, pacienty, rodi\u010di, \u0161\u00e9fy, klienty, pod\u0159\u00edzen\u00fdmi, u\u010diteli, &#8230;) ROZSAH Workshopy jsou v rozsahu \u010dty\u0159 a\u017e osmi hodin. SKUPINA Workshopy prob\u00edhaj\u00ed v\u00a0mal\u00fdch skupink\u00e1ch 8-12 lid\u00ed. M\u00cdSTO Wokshopy se konaj\u00ed on-line i osobn\u011b. On-line forma umo\u017e\u0148uje vyu\u017e\u00edt pohodl\u00ed domova bez nutnosti cestov\u00e1n\u00ed a v\u011bt\u0161\u00ed soukrom\u00ed. Pot\u0159ebujete si pro tato setk\u00e1n\u00ed zajistit neru\u0161en\u00fd \u010das pro sebe, po\u010d\u00edta\u010d s p\u0159ipojen\u00edm k internetu a [&hellip;]<\/p>\n","protected":false},"author":1,"featured_media":0,"parent":0,"menu_order":0,"comment_status":"closed","ping_status":"closed","template":"","meta":{"footnotes":""},"class_list":["post-2911","page","type-page","status-publish","hentry"],"yoast_head":"<!-- This site is optimized with the Yoast SEO plugin v23.7 - https:\/\/yoast.com\/wordpress\/plugins\/seo\/ -->\n<title>workshop detail - KOMUNIKAC\u00cd K SOB\u011a BL\u00cd\u017d<\/title>\n<meta name=\"robots\" content=\"index, follow, max-snippet:-1, max-image-preview:large, max-video-preview:-1\" \/>\n<link rel=\"canonical\" href=\"https:\/\/www.komunikaciksobebliz.cz\/?page_id=2911\" \/>\n<meta property=\"og:locale\" content=\"en_US\" \/>\n<meta property=\"og:type\" content=\"article\" \/>\n<meta property=\"og:title\" content=\"workshop detail - KOMUNIKAC\u00cd K SOB\u011a BL\u00cd\u017d\" \/>\n<meta property=\"og:description\" content=\"KOMU Workshopy jsou ur\u010deny pro lidi, kte\u0159\u00ed si ve sv\u00fdch vztaz\u00edch, rol\u00edch a komunikaci p\u0159ej\u00ed prosp\u00edvat SPOLU (s partnery, kolegy, d\u011btmi, studenty, pacienty, rodi\u010di, \u0161\u00e9fy, klienty, pod\u0159\u00edzen\u00fdmi, u\u010diteli, &#8230;) ROZSAH Workshopy jsou v rozsahu \u010dty\u0159 a\u017e osmi hodin. SKUPINA Workshopy prob\u00edhaj\u00ed v\u00a0mal\u00fdch skupink\u00e1ch 8-12 lid\u00ed. M\u00cdSTO Wokshopy se konaj\u00ed on-line i osobn\u011b. On-line forma umo\u017e\u0148uje vyu\u017e\u00edt pohodl\u00ed domova bez nutnosti cestov\u00e1n\u00ed a v\u011bt\u0161\u00ed soukrom\u00ed. Pot\u0159ebujete si pro tato setk\u00e1n\u00ed zajistit neru\u0161en\u00fd \u010das pro sebe, po\u010d\u00edta\u010d s p\u0159ipojen\u00edm k internetu a [&hellip;]\" \/>\n<meta property=\"og:url\" content=\"https:\/\/www.komunikaciksobebliz.cz\/?page_id=2911\" \/>\n<meta property=\"og:site_name\" content=\"KOMUNIKAC\u00cd K SOB\u011a BL\u00cd\u017d\" \/>\n<meta property=\"article:modified_time\" content=\"2025-08-31T15:06:06+00:00\" \/>\n<meta property=\"og:image\" content=\"https:\/\/www.komunikaciksobebliz.cz\/wp-content\/uploads\/2023\/01\/ToonCamera2.jpg\" \/>\n\t<meta property=\"og:image:width\" content=\"1328\" \/>\n\t<meta property=\"og:image:height\" content=\"455\" \/>\n\t<meta property=\"og:image:type\" content=\"image\/jpeg\" \/>\n<meta name=\"twitter:card\" content=\"summary_large_image\" \/>\n<meta name=\"twitter:label1\" content=\"Est. reading time\" \/>\n\t<meta name=\"twitter:data1\" content=\"1 minute\" \/>\n<script type=\"application\/ld+json\" class=\"yoast-schema-graph\">{\"@context\":\"https:\/\/schema.org\",\"@graph\":[{\"@type\":\"WebPage\",\"@id\":\"https:\/\/www.komunikaciksobebliz.cz\/?page_id=2911\",\"url\":\"https:\/\/www.komunikaciksobebliz.cz\/?page_id=2911\",\"name\":\"workshop detail - KOMUNIKAC\u00cd K SOB\u011a BL\u00cd\u017d\",\"isPartOf\":{\"@id\":\"http:\/\/www.komunikaciksobebliz.cz\/#website\"},\"primaryImageOfPage\":{\"@id\":\"https:\/\/www.komunikaciksobebliz.cz\/?page_id=2911#primaryimage\"},\"image\":{\"@id\":\"https:\/\/www.komunikaciksobebliz.cz\/?page_id=2911#primaryimage\"},\"thumbnailUrl\":\"https:\/\/www.komunikaciksobebliz.cz\/wp-content\/uploads\/2023\/01\/ToonCamera2.jpg\",\"datePublished\":\"2022-12-05T21:48:01+00:00\",\"dateModified\":\"2025-08-31T15:06:06+00:00\",\"breadcrumb\":{\"@id\":\"https:\/\/www.komunikaciksobebliz.cz\/?page_id=2911#breadcrumb\"},\"inLanguage\":\"en-US\",\"potentialAction\":[{\"@type\":\"ReadAction\",\"target\":[\"https:\/\/www.komunikaciksobebliz.cz\/?page_id=2911\"]}]},{\"@type\":\"ImageObject\",\"inLanguage\":\"en-US\",\"@id\":\"https:\/\/www.komunikaciksobebliz.cz\/?page_id=2911#primaryimage\",\"url\":\"https:\/\/www.komunikaciksobebliz.cz\/wp-content\/uploads\/2023\/01\/ToonCamera2.jpg\",\"contentUrl\":\"https:\/\/www.komunikaciksobebliz.cz\/wp-content\/uploads\/2023\/01\/ToonCamera2.jpg\",\"width\":1328,\"height\":455},{\"@type\":\"BreadcrumbList\",\"@id\":\"https:\/\/www.komunikaciksobebliz.cz\/?page_id=2911#breadcrumb\",\"itemListElement\":[{\"@type\":\"ListItem\",\"position\":1,\"name\":\"Home\",\"item\":\"https:\/\/www.komunikaciksobebliz.cz\/\"},{\"@type\":\"ListItem\",\"position\":2,\"name\":\"workshop detail\"}]},{\"@type\":\"WebSite\",\"@id\":\"http:\/\/www.komunikaciksobebliz.cz\/#website\",\"url\":\"http:\/\/www.komunikaciksobebliz.cz\/\",\"name\":\"KOMUNIKAC\u00cd K SOB\u011a BL\u00cd\u017d\",\"description\":\"\",\"potentialAction\":[{\"@type\":\"SearchAction\",\"target\":{\"@type\":\"EntryPoint\",\"urlTemplate\":\"http:\/\/www.komunikaciksobebliz.cz\/?s={search_term_string}\"},\"query-input\":{\"@type\":\"PropertyValueSpecification\",\"valueRequired\":true,\"valueName\":\"search_term_string\"}}],\"inLanguage\":\"en-US\"}]}<\/script>\n<!-- \/ Yoast SEO plugin. -->","yoast_head_json":{"title":"workshop detail - KOMUNIKAC\u00cd K SOB\u011a BL\u00cd\u017d","robots":{"index":"index","follow":"follow","max-snippet":"max-snippet:-1","max-image-preview":"max-image-preview:large","max-video-preview":"max-video-preview:-1"},"canonical":"https:\/\/www.komunikaciksobebliz.cz\/?page_id=2911","og_locale":"en_US","og_type":"article","og_title":"workshop detail - KOMUNIKAC\u00cd K SOB\u011a BL\u00cd\u017d","og_description":"KOMU Workshopy jsou ur\u010deny pro lidi, kte\u0159\u00ed si ve sv\u00fdch vztaz\u00edch, rol\u00edch a komunikaci p\u0159ej\u00ed prosp\u00edvat SPOLU (s partnery, kolegy, d\u011btmi, studenty, pacienty, rodi\u010di, \u0161\u00e9fy, klienty, pod\u0159\u00edzen\u00fdmi, u\u010diteli, &#8230;) ROZSAH Workshopy jsou v rozsahu \u010dty\u0159 a\u017e osmi hodin. SKUPINA Workshopy prob\u00edhaj\u00ed v\u00a0mal\u00fdch skupink\u00e1ch 8-12 lid\u00ed. M\u00cdSTO Wokshopy se konaj\u00ed on-line i osobn\u011b. On-line forma umo\u017e\u0148uje vyu\u017e\u00edt pohodl\u00ed domova bez nutnosti cestov\u00e1n\u00ed a v\u011bt\u0161\u00ed soukrom\u00ed. Pot\u0159ebujete si pro tato setk\u00e1n\u00ed zajistit neru\u0161en\u00fd \u010das pro sebe, po\u010d\u00edta\u010d s p\u0159ipojen\u00edm k internetu a [&hellip;]","og_url":"https:\/\/www.komunikaciksobebliz.cz\/?page_id=2911","og_site_name":"KOMUNIKAC\u00cd K SOB\u011a BL\u00cd\u017d","article_modified_time":"2025-08-31T15:06:06+00:00","og_image":[{"width":1328,"height":455,"url":"https:\/\/www.komunikaciksobebliz.cz\/wp-content\/uploads\/2023\/01\/ToonCamera2.jpg","type":"image\/jpeg"}],"twitter_card":"summary_large_image","twitter_misc":{"Est. reading time":"1 minute"},"schema":{"@context":"https:\/\/schema.org","@graph":[{"@type":"WebPage","@id":"https:\/\/www.komunikaciksobebliz.cz\/?page_id=2911","url":"https:\/\/www.komunikaciksobebliz.cz\/?page_id=2911","name":"workshop detail - KOMUNIKAC\u00cd K SOB\u011a BL\u00cd\u017d","isPartOf":{"@id":"http:\/\/www.komunikaciksobebliz.cz\/#website"},"primaryImageOfPage":{"@id":"https:\/\/www.komunikaciksobebliz.cz\/?page_id=2911#primaryimage"},"image":{"@id":"https:\/\/www.komunikaciksobebliz.cz\/?page_id=2911#primaryimage"},"thumbnailUrl":"https:\/\/www.komunikaciksobebliz.cz\/wp-content\/uploads\/2023\/01\/ToonCamera2.jpg","datePublished":"2022-12-05T21:48:01+00:00","dateModified":"2025-08-31T15:06:06+00:00","breadcrumb":{"@id":"https:\/\/www.komunikaciksobebliz.cz\/?page_id=2911#breadcrumb"},"inLanguage":"en-US","potentialAction":[{"@type":"ReadAction","target":["https:\/\/www.komunikaciksobebliz.cz\/?page_id=2911"]}]},{"@type":"ImageObject","inLanguage":"en-US","@id":"https:\/\/www.komunikaciksobebliz.cz\/?page_id=2911#primaryimage","url":"https:\/\/www.komunikaciksobebliz.cz\/wp-content\/uploads\/2023\/01\/ToonCamera2.jpg","contentUrl":"https:\/\/www.komunikaciksobebliz.cz\/wp-content\/uploads\/2023\/01\/ToonCamera2.jpg","width":1328,"height":455},{"@type":"BreadcrumbList","@id":"https:\/\/www.komunikaciksobebliz.cz\/?page_id=2911#breadcrumb","itemListElement":[{"@type":"ListItem","position":1,"name":"Home","item":"https:\/\/www.komunikaciksobebliz.cz\/"},{"@type":"ListItem","position":2,"name":"workshop detail"}]},{"@type":"WebSite","@id":"http:\/\/www.komunikaciksobebliz.cz\/#website","url":"http:\/\/www.komunikaciksobebliz.cz\/","name":"KOMUNIKAC\u00cd K SOB\u011a BL\u00cd\u017d","description":"","potentialAction":[{"@type":"SearchAction","target":{"@type":"EntryPoint","urlTemplate":"http:\/\/www.komunikaciksobebliz.cz\/?s={search_term_string}"},"query-input":{"@type":"PropertyValueSpecification","valueRequired":true,"valueName":"search_term_string"}}],"inLanguage":"en-US"}]}},"_links":{"self":[{"href":"https:\/\/www.komunikaciksobebliz.cz\/index.php?rest_route=\/wp\/v2\/pages\/2911","targetHints":{"allow":["GET"]}}],"collection":[{"href":"https:\/\/www.komunikaciksobebliz.cz\/index.php?rest_route=\/wp\/v2\/pages"}],"about":[{"href":"https:\/\/www.komunikaciksobebliz.cz\/index.php?rest_route=\/wp\/v2\/types\/page"}],"author":[{"embeddable":true,"href":"https:\/\/www.komunikaciksobebliz.cz\/index.php?rest_route=\/wp\/v2\/users\/1"}],"replies":[{"embeddable":true,"href":"https:\/\/www.komunikaciksobebliz.cz\/index.php?rest_route=%2Fwp%2Fv2%2Fcomments&post=2911"}],"version-history":[{"count":27,"href":"https:\/\/www.komunikaciksobebliz.cz\/index.php?rest_route=\/wp\/v2\/pages\/2911\/revisions"}],"predecessor-version":[{"id":4677,"href":"https:\/\/www.komunikaciksobebliz.cz\/index.php?rest_route=\/wp\/v2\/pages\/2911\/revisions\/4677"}],"wp:attachment":[{"href":"https:\/\/www.komunikaciksobebliz.cz\/index.php?rest_route=%2Fwp%2Fv2%2Fmedia&parent=2911"}],"curies":[{"name":"wp","href":"https:\/\/api.w.org\/{rel}","templated":true}]}}