{"id":2566,"date":"2022-11-26T13:54:59","date_gmt":"2022-11-26T13:54:59","guid":{"rendered":"http:\/\/www.komunikaciksobebliz.cz\/?page_id=2566"},"modified":"2023-02-22T13:33:24","modified_gmt":"2023-02-22T13:33:24","slug":"nabidka-2","status":"publish","type":"page","link":"https:\/\/www.komunikaciksobebliz.cz\/?page_id=2566","title":{"rendered":"NAB\u00cdDKA"},"content":{"rendered":"\n<div class=\"wp-block-columns is-layout-flex wp-container-core-columns-is-layout-9d6595d7 wp-block-columns-is-layout-flex\">\n<div class=\"wp-block-column is-layout-flow wp-block-column-is-layout-flow\" style=\"flex-basis:33.34%\"><\/div>\n\n\n\n<div class=\"wp-block-column is-layout-flow wp-block-column-is-layout-flow\" style=\"flex-basis:100%\">\n<p class=\"has-text-align-center has-text-color has-background\" style=\"color:#620101;background:radial-gradient(rgb(248,241,224) 0%,rgb(236,220,191) 54%,rgb(222,196,162) 100%);font-size:22px\"><strong>CO V\u00c1M NAB\u00cdZ\u00cdM ?<\/strong><\/p>\n<\/div>\n\n\n\n<div class=\"wp-block-column is-layout-flow wp-block-column-is-layout-flow\" style=\"flex-basis:33.33%\"><\/div>\n<\/div>\n\n\n\n<div style=\"height:49px\" aria-hidden=\"true\" class=\"wp-block-spacer\"><\/div>\n\n\n\n<div class=\"wp-block-columns alignwide is-layout-flex wp-container-core-columns-is-layout-9d6595d7 wp-block-columns-is-layout-flex\">\n<div class=\"wp-block-column is-layout-flow wp-block-column-is-layout-flow\" style=\"flex-basis:39%\">\n<div class=\"wp-block-columns is-layout-flex wp-container-core-columns-is-layout-9d6595d7 wp-block-columns-is-layout-flex\">\n<div class=\"wp-block-column is-layout-flow wp-block-column-is-layout-flow\" style=\"flex-basis:50%\">\n<figure class=\"wp-block-image size-full\"><img loading=\"lazy\" decoding=\"async\" width=\"262\" height=\"216\" src=\"https:\/\/www.komunikaciksobebliz.cz\/wp-content\/uploads\/2023\/01\/LOGO-1-1.png\" alt=\"\" class=\"wp-image-4318\"\/><\/figure>\n\n\n\n<h3 class=\"has-text-align-center has-text-color wp-block-heading\" style=\"color:#620101;font-size:20px\"><strong>EMPATICK\u00c9 NASLOUCH\u00c1N\u00cd<\/strong><\/h3>\n\n\n\n<p style=\"font-size:18px\">Chcete l\u00e9pe porozum\u011bt druh\u00fdm lidem (partner\u016fm, d\u011btem, koleg\u016fm, klient\u016fm..)?<\/p>\n\n\n\n<p style=\"font-size:18px\">Poj\u010fte se nau\u010dit naslouchat se zv\u00eddavou otev\u0159enosti a vr\u00e1tit do sv\u00fdch vztah\u016f zdravou bl\u00edzkost!<\/p>\n<\/div>\n\n\n\n<div class=\"wp-block-column is-layout-flow wp-block-column-is-layout-flow\" style=\"flex-basis:3px\"><\/div>\n\n\n\n<div class=\"wp-block-column is-layout-flow wp-block-column-is-layout-flow\" style=\"flex-basis:55%\"><div class=\"wp-block-image\">\n<figure class=\"aligncenter size-full is-resized\"><img loading=\"lazy\" decoding=\"async\" src=\"https:\/\/www.komunikaciksobebliz.cz\/wp-content\/uploads\/2022\/12\/SEBEVYJADRENI.png\" alt=\"\" class=\"wp-image-3589\" width=\"132\" height=\"132\"\/><\/figure>\n<\/div>\n\n\n<h3 class=\"has-text-align-center has-text-color wp-block-heading\" style=\"color:#620101;font-size:20px\"><strong>UP\u0158\u00cdMN\u00c9 SEBEVYJ\u00c1D\u0158EN\u00cd<\/strong><\/h3>\n\n\n\n<p style=\"font-size:18px\">Chcete jasn\u011b a srozumiteln\u011b komunikovat, co chcete a pot\u0159ebujete?<\/p>\n\n\n\n<p style=\"font-size:18px\">Poj\u010fte se nau\u010dit, jak \u017e\u00e1dat s respektem k sob\u011b i druh\u00fdm!<\/p>\n<\/div>\n\n\n\n<div class=\"wp-block-column is-layout-flow wp-block-column-is-layout-flow\" style=\"flex-basis:3px\"><\/div>\n<\/div>\n<\/div>\n\n\n\n<div class=\"wp-block-column is-layout-flow wp-block-column-is-layout-flow\" style=\"flex-basis:17%\"><div class=\"wp-block-image\">\n<figure class=\"aligncenter size-full is-resized\"><img loading=\"lazy\" decoding=\"async\" src=\"https:\/\/www.komunikaciksobebliz.cz\/wp-content\/uploads\/2022\/12\/zarovka-konflikt.jpg\" alt=\"\" class=\"wp-image-3709\" width=\"89\" height=\"134\"\/><\/figure>\n<\/div>\n\n\n<h3 class=\"has-text-align-center has-text-color wp-block-heading\" style=\"color:#620101;font-size:20px\"><strong>VYJASN\u011aN\u00c1 NEDOROZUM\u011aN\u00cd<\/strong><\/h3>\n\n\n\n<p style=\"font-size:18px\">Chcete v\u00edce jasnosti ve vnit\u0159n\u00edch i mezilidsk\u00fdch konfliktech a nedorozum\u011bn\u00edch?<\/p>\n\n\n\n<p style=\"font-size:18px\">Poj\u010ft\u011b si na n\u011b posv\u00edtit a zu\u017eitkovaat je k vlastn\u00edmu r\u016fstu.<\/p>\n<\/div>\n\n\n\n<div class=\"wp-block-column is-layout-flow wp-block-column-is-layout-flow\" style=\"flex-basis:3px\"><\/div>\n\n\n\n<div class=\"wp-block-column is-layout-flow wp-block-column-is-layout-flow\">\n<div class=\"wp-block-columns is-layout-flex wp-container-core-columns-is-layout-9d6595d7 wp-block-columns-is-layout-flex\">\n<div class=\"wp-block-column is-layout-flow wp-block-column-is-layout-flow\">\n<figure class=\"wp-block-image size-full is-resized\"><img loading=\"lazy\" decoding=\"async\" src=\"https:\/\/www.komunikaciksobebliz.cz\/wp-content\/uploads\/2022\/12\/LOGO-2.png\" alt=\"\" class=\"wp-image-3592\" width=\"154\" height=\"131\"\/><\/figure>\n\n\n\n<div style=\"height:25px\" aria-hidden=\"true\" class=\"wp-block-spacer\"><\/div>\n\n\n\n<h3 class=\"has-text-align-center has-text-color wp-block-heading\" style=\"color:#620101;font-size:20px\"><strong>SEBE-EMPATIE<\/strong><\/h3>\n\n\n\n<p style=\"font-size:18px\">Chcete o sebe pe\u010dovat se z\u00e1jmem? S pochopen\u00edm a laskavost\u00ed integrovat svoje pot\u0159eby a hodnoty? <\/p>\n\n\n\n<p style=\"font-size:18px\">Poj\u010fte objevit svoji vnit\u0159n\u00ed s\u00edlu empatie. S p\u00e9\u010d\u00ed  napl\u0148ovat svoje pot\u0159eby a u\u017e\u00edvat si spokojenost z plod\u016f svoj\u00ed p\u00e9\u010de.<\/p>\n<\/div>\n\n\n\n<div class=\"wp-block-column is-layout-flow wp-block-column-is-layout-flow\"><div class=\"wp-block-image is-style-default\">\n<figure class=\"aligncenter size-full is-resized\"><img loading=\"lazy\" decoding=\"async\" src=\"https:\/\/www.komunikaciksobebliz.cz\/wp-content\/uploads\/2022\/12\/ToonCamera-3.jpg\" alt=\"\" class=\"wp-image-3595\" width=\"153\" height=\"126\"\/><\/figure>\n<\/div>\n\n\n<h3 class=\"has-text-align-center has-text-color wp-block-heading\" style=\"color:#620101;font-size:20px\"><strong>RESPEKTUJ\u00cdC\u00cd DOHODY<\/strong><\/h3>\n\n\n\n<p style=\"font-size:18px\">Chcete tvo\u0159it dialogy a dohody, na kter\u00fdch roste lidem chu\u0165 ke spolupr\u00e1ci?<\/p>\n\n\n\n<p style=\"font-size:18px\">Poj\u010fte objevit tajemstv\u00ed vz\u00e1jemn\u011b motivuj\u00edc\u00edch dohod, podporuj\u00edc\u00edch zdrav\u00fd r\u016fst i p\u0159edch\u00e1zen\u00ed konflikt\u016fm.<\/p>\n<\/div>\n<\/div>\n<\/div>\n<\/div>\n\n\n\n<div style=\"height:38px\" aria-hidden=\"true\" class=\"wp-block-spacer\"><\/div>\n\n\n<div class=\"wp-block-image\">\n<figure class=\"aligncenter size-full is-resized\"><img loading=\"lazy\" decoding=\"async\" src=\"https:\/\/www.komunikaciksobebliz.cz\/wp-content\/uploads\/2023\/01\/ToonCamera-1.jpg\" alt=\"\" class=\"wp-image-3956\" width=\"654\" height=\"254\"\/><\/figure>\n<\/div>\n\n\n<div style=\"height:109px\" aria-hidden=\"true\" class=\"wp-block-spacer\"><\/div>\n\n\n\n<div class=\"wp-block-columns alignfull is-layout-flex wp-container-core-columns-is-layout-9d6595d7 wp-block-columns-is-layout-flex\">\n<div class=\"wp-block-column is-layout-flow wp-block-column-is-layout-flow\" style=\"flex-basis:29.45%\">\n<div class=\"wp-block-buttons is-content-justification-center is-layout-flex wp-container-core-buttons-is-layout-16018d1d wp-block-buttons-is-layout-flex\">\n<div class=\"wp-block-button has-custom-font-size is-style-outline is-style-outline--1\" style=\"font-size:22px\"><a class=\"wp-block-button__link has-text-color has-background wp-element-button\" href=\"http:\/\/www.komunikaciksobebliz.cz\/?page_id=525\" style=\"color:#620101;background:radial-gradient(rgb(248,241,224) 0%,rgb(239,225,198) 53%,rgb(222,196,162) 100%)\">KURZ<\/a><\/div>\n<\/div>\n<\/div>\n\n\n\n<div class=\"wp-block-column is-layout-flow wp-block-column-is-layout-flow\" style=\"flex-basis:30%\">\n<div class=\"wp-block-buttons is-content-justification-center is-layout-flex wp-container-core-buttons-is-layout-16018d1d wp-block-buttons-is-layout-flex\">\n<div class=\"wp-block-button has-custom-font-size is-style-outline is-style-outline--2\" style=\"font-size:22px\"><a class=\"wp-block-button__link has-text-color has-background wp-element-button\" href=\"http:\/\/www.komunikaciksobebliz.cz\/?page_id=2271\" style=\"color:#620101;background:radial-gradient(rgb(248,241,224) 0%,rgb(239,225,198) 48%,rgb(222,196,162) 100%)\">WORKSHOPY<\/a><\/div>\n<\/div>\n<\/div>\n\n\n\n<div class=\"wp-block-column is-layout-flow wp-block-column-is-layout-flow\" style=\"flex-basis:50%\">\n<div class=\"wp-block-buttons alignwide is-content-justification-center is-layout-flex wp-container-core-buttons-is-layout-16018d1d wp-block-buttons-is-layout-flex\">\n<div class=\"wp-block-button has-custom-font-size is-style-outline is-style-outline--3\" style=\"font-size:22px\"><a class=\"wp-block-button__link has-text-color has-background wp-element-button\" href=\"http:\/\/www.komunikaciksobebliz.cz\/?page_id=33\" style=\"color:#620101;background:radial-gradient(rgb(248,241,224) 0%,rgb(239,225,198) 41%,rgb(222,196,162) 100%)\">INDIVIDU\u00c1LN\u00cd DOPROV\u00c1ZEN\u00cd<\/a><\/div>\n<\/div>\n<\/div>\n<\/div>\n","protected":false},"excerpt":{"rendered":"<p>CO V\u00c1M NAB\u00cdZ\u00cdM ? EMPATICK\u00c9 NASLOUCH\u00c1N\u00cd Chcete l\u00e9pe porozum\u011bt druh\u00fdm lidem (partner\u016fm, d\u011btem, koleg\u016fm, klient\u016fm..)? Poj\u010fte se nau\u010dit naslouchat se zv\u00eddavou otev\u0159enosti a vr\u00e1tit do sv\u00fdch vztah\u016f zdravou bl\u00edzkost! UP\u0158\u00cdMN\u00c9 SEBEVYJ\u00c1D\u0158EN\u00cd Chcete jasn\u011b a srozumiteln\u011b komunikovat, co chcete a pot\u0159ebujete? Poj\u010fte se nau\u010dit, jak \u017e\u00e1dat s respektem k sob\u011b i druh\u00fdm! VYJASN\u011aN\u00c1 NEDOROZUM\u011aN\u00cd Chcete v\u00edce jasnosti ve vnit\u0159n\u00edch i mezilidsk\u00fdch konfliktech a nedorozum\u011bn\u00edch? Poj\u010ft\u011b si na n\u011b posv\u00edtit a zu\u017eitkovaat je k vlastn\u00edmu r\u016fstu. SEBE-EMPATIE Chcete o sebe pe\u010dovat se [&hellip;]<\/p>\n","protected":false},"author":1,"featured_media":0,"parent":0,"menu_order":0,"comment_status":"closed","ping_status":"closed","template":"","meta":{"footnotes":""},"class_list":["post-2566","page","type-page","status-publish","hentry"],"yoast_head":"<!-- This site is optimized with the Yoast SEO plugin v23.7 - https:\/\/yoast.com\/wordpress\/plugins\/seo\/ -->\n<title>NAB\u00cdDKA - KOMUNIKAC\u00cd K SOB\u011a BL\u00cd\u017d<\/title>\n<meta name=\"robots\" content=\"index, follow, max-snippet:-1, max-image-preview:large, max-video-preview:-1\" \/>\n<link rel=\"canonical\" href=\"https:\/\/www.komunikaciksobebliz.cz\/?page_id=2566\" \/>\n<meta property=\"og:locale\" content=\"en_US\" \/>\n<meta property=\"og:type\" content=\"article\" \/>\n<meta property=\"og:title\" content=\"NAB\u00cdDKA - KOMUNIKAC\u00cd K SOB\u011a BL\u00cd\u017d\" \/>\n<meta property=\"og:description\" content=\"CO V\u00c1M NAB\u00cdZ\u00cdM ? EMPATICK\u00c9 NASLOUCH\u00c1N\u00cd Chcete l\u00e9pe porozum\u011bt druh\u00fdm lidem (partner\u016fm, d\u011btem, koleg\u016fm, klient\u016fm..)? Poj\u010fte se nau\u010dit naslouchat se zv\u00eddavou otev\u0159enosti a vr\u00e1tit do sv\u00fdch vztah\u016f zdravou bl\u00edzkost! UP\u0158\u00cdMN\u00c9 SEBEVYJ\u00c1D\u0158EN\u00cd Chcete jasn\u011b a srozumiteln\u011b komunikovat, co chcete a pot\u0159ebujete? Poj\u010fte se nau\u010dit, jak \u017e\u00e1dat s respektem k sob\u011b i druh\u00fdm! VYJASN\u011aN\u00c1 NEDOROZUM\u011aN\u00cd Chcete v\u00edce jasnosti ve vnit\u0159n\u00edch i mezilidsk\u00fdch konfliktech a nedorozum\u011bn\u00edch? Poj\u010ft\u011b si na n\u011b posv\u00edtit a zu\u017eitkovaat je k vlastn\u00edmu r\u016fstu. SEBE-EMPATIE Chcete o sebe pe\u010dovat se [&hellip;]\" \/>\n<meta property=\"og:url\" content=\"https:\/\/www.komunikaciksobebliz.cz\/?page_id=2566\" \/>\n<meta property=\"og:site_name\" content=\"KOMUNIKAC\u00cd K SOB\u011a BL\u00cd\u017d\" \/>\n<meta property=\"article:modified_time\" content=\"2023-02-22T13:33:24+00:00\" \/>\n<meta property=\"og:image\" content=\"https:\/\/www.komunikaciksobebliz.cz\/wp-content\/uploads\/2023\/01\/LOGO-1-1.png\" \/>\n<meta name=\"twitter:card\" content=\"summary_large_image\" \/>\n<meta name=\"twitter:label1\" content=\"Est. reading time\" \/>\n\t<meta name=\"twitter:data1\" content=\"1 minute\" \/>\n<script type=\"application\/ld+json\" class=\"yoast-schema-graph\">{\"@context\":\"https:\/\/schema.org\",\"@graph\":[{\"@type\":\"WebPage\",\"@id\":\"https:\/\/www.komunikaciksobebliz.cz\/?page_id=2566\",\"url\":\"https:\/\/www.komunikaciksobebliz.cz\/?page_id=2566\",\"name\":\"NAB\u00cdDKA - KOMUNIKAC\u00cd K SOB\u011a BL\u00cd\u017d\",\"isPartOf\":{\"@id\":\"http:\/\/www.komunikaciksobebliz.cz\/#website\"},\"primaryImageOfPage\":{\"@id\":\"https:\/\/www.komunikaciksobebliz.cz\/?page_id=2566#primaryimage\"},\"image\":{\"@id\":\"https:\/\/www.komunikaciksobebliz.cz\/?page_id=2566#primaryimage\"},\"thumbnailUrl\":\"https:\/\/www.komunikaciksobebliz.cz\/wp-content\/uploads\/2023\/01\/LOGO-1-1.png\",\"datePublished\":\"2022-11-26T13:54:59+00:00\",\"dateModified\":\"2023-02-22T13:33:24+00:00\",\"breadcrumb\":{\"@id\":\"https:\/\/www.komunikaciksobebliz.cz\/?page_id=2566#breadcrumb\"},\"inLanguage\":\"en-US\",\"potentialAction\":[{\"@type\":\"ReadAction\",\"target\":[\"https:\/\/www.komunikaciksobebliz.cz\/?page_id=2566\"]}]},{\"@type\":\"ImageObject\",\"inLanguage\":\"en-US\",\"@id\":\"https:\/\/www.komunikaciksobebliz.cz\/?page_id=2566#primaryimage\",\"url\":\"https:\/\/www.komunikaciksobebliz.cz\/wp-content\/uploads\/2023\/01\/LOGO-1-1.png\",\"contentUrl\":\"https:\/\/www.komunikaciksobebliz.cz\/wp-content\/uploads\/2023\/01\/LOGO-1-1.png\",\"width\":262,\"height\":216},{\"@type\":\"BreadcrumbList\",\"@id\":\"https:\/\/www.komunikaciksobebliz.cz\/?page_id=2566#breadcrumb\",\"itemListElement\":[{\"@type\":\"ListItem\",\"position\":1,\"name\":\"Home\",\"item\":\"https:\/\/www.komunikaciksobebliz.cz\/\"},{\"@type\":\"ListItem\",\"position\":2,\"name\":\"NAB\u00cdDKA\"}]},{\"@type\":\"WebSite\",\"@id\":\"http:\/\/www.komunikaciksobebliz.cz\/#website\",\"url\":\"http:\/\/www.komunikaciksobebliz.cz\/\",\"name\":\"KOMUNIKAC\u00cd K SOB\u011a BL\u00cd\u017d\",\"description\":\"\",\"potentialAction\":[{\"@type\":\"SearchAction\",\"target\":{\"@type\":\"EntryPoint\",\"urlTemplate\":\"http:\/\/www.komunikaciksobebliz.cz\/?s={search_term_string}\"},\"query-input\":{\"@type\":\"PropertyValueSpecification\",\"valueRequired\":true,\"valueName\":\"search_term_string\"}}],\"inLanguage\":\"en-US\"}]}<\/script>\n<!-- \/ Yoast SEO plugin. -->","yoast_head_json":{"title":"NAB\u00cdDKA - KOMUNIKAC\u00cd K SOB\u011a BL\u00cd\u017d","robots":{"index":"index","follow":"follow","max-snippet":"max-snippet:-1","max-image-preview":"max-image-preview:large","max-video-preview":"max-video-preview:-1"},"canonical":"https:\/\/www.komunikaciksobebliz.cz\/?page_id=2566","og_locale":"en_US","og_type":"article","og_title":"NAB\u00cdDKA - KOMUNIKAC\u00cd K SOB\u011a BL\u00cd\u017d","og_description":"CO V\u00c1M NAB\u00cdZ\u00cdM ? EMPATICK\u00c9 NASLOUCH\u00c1N\u00cd Chcete l\u00e9pe porozum\u011bt druh\u00fdm lidem (partner\u016fm, d\u011btem, koleg\u016fm, klient\u016fm..)? Poj\u010fte se nau\u010dit naslouchat se zv\u00eddavou otev\u0159enosti a vr\u00e1tit do sv\u00fdch vztah\u016f zdravou bl\u00edzkost! UP\u0158\u00cdMN\u00c9 SEBEVYJ\u00c1D\u0158EN\u00cd Chcete jasn\u011b a srozumiteln\u011b komunikovat, co chcete a pot\u0159ebujete? Poj\u010fte se nau\u010dit, jak \u017e\u00e1dat s respektem k sob\u011b i druh\u00fdm! VYJASN\u011aN\u00c1 NEDOROZUM\u011aN\u00cd Chcete v\u00edce jasnosti ve vnit\u0159n\u00edch i mezilidsk\u00fdch konfliktech a nedorozum\u011bn\u00edch? Poj\u010ft\u011b si na n\u011b posv\u00edtit a zu\u017eitkovaat je k vlastn\u00edmu r\u016fstu. SEBE-EMPATIE Chcete o sebe pe\u010dovat se [&hellip;]","og_url":"https:\/\/www.komunikaciksobebliz.cz\/?page_id=2566","og_site_name":"KOMUNIKAC\u00cd K SOB\u011a BL\u00cd\u017d","article_modified_time":"2023-02-22T13:33:24+00:00","og_image":[{"url":"https:\/\/www.komunikaciksobebliz.cz\/wp-content\/uploads\/2023\/01\/LOGO-1-1.png"}],"twitter_card":"summary_large_image","twitter_misc":{"Est. reading time":"1 minute"},"schema":{"@context":"https:\/\/schema.org","@graph":[{"@type":"WebPage","@id":"https:\/\/www.komunikaciksobebliz.cz\/?page_id=2566","url":"https:\/\/www.komunikaciksobebliz.cz\/?page_id=2566","name":"NAB\u00cdDKA - KOMUNIKAC\u00cd K SOB\u011a BL\u00cd\u017d","isPartOf":{"@id":"http:\/\/www.komunikaciksobebliz.cz\/#website"},"primaryImageOfPage":{"@id":"https:\/\/www.komunikaciksobebliz.cz\/?page_id=2566#primaryimage"},"image":{"@id":"https:\/\/www.komunikaciksobebliz.cz\/?page_id=2566#primaryimage"},"thumbnailUrl":"https:\/\/www.komunikaciksobebliz.cz\/wp-content\/uploads\/2023\/01\/LOGO-1-1.png","datePublished":"2022-11-26T13:54:59+00:00","dateModified":"2023-02-22T13:33:24+00:00","breadcrumb":{"@id":"https:\/\/www.komunikaciksobebliz.cz\/?page_id=2566#breadcrumb"},"inLanguage":"en-US","potentialAction":[{"@type":"ReadAction","target":["https:\/\/www.komunikaciksobebliz.cz\/?page_id=2566"]}]},{"@type":"ImageObject","inLanguage":"en-US","@id":"https:\/\/www.komunikaciksobebliz.cz\/?page_id=2566#primaryimage","url":"https:\/\/www.komunikaciksobebliz.cz\/wp-content\/uploads\/2023\/01\/LOGO-1-1.png","contentUrl":"https:\/\/www.komunikaciksobebliz.cz\/wp-content\/uploads\/2023\/01\/LOGO-1-1.png","width":262,"height":216},{"@type":"BreadcrumbList","@id":"https:\/\/www.komunikaciksobebliz.cz\/?page_id=2566#breadcrumb","itemListElement":[{"@type":"ListItem","position":1,"name":"Home","item":"https:\/\/www.komunikaciksobebliz.cz\/"},{"@type":"ListItem","position":2,"name":"NAB\u00cdDKA"}]},{"@type":"WebSite","@id":"http:\/\/www.komunikaciksobebliz.cz\/#website","url":"http:\/\/www.komunikaciksobebliz.cz\/","name":"KOMUNIKAC\u00cd K SOB\u011a BL\u00cd\u017d","description":"","potentialAction":[{"@type":"SearchAction","target":{"@type":"EntryPoint","urlTemplate":"http:\/\/www.komunikaciksobebliz.cz\/?s={search_term_string}"},"query-input":{"@type":"PropertyValueSpecification","valueRequired":true,"valueName":"search_term_string"}}],"inLanguage":"en-US"}]}},"_links":{"self":[{"href":"https:\/\/www.komunikaciksobebliz.cz\/index.php?rest_route=\/wp\/v2\/pages\/2566","targetHints":{"allow":["GET"]}}],"collection":[{"href":"https:\/\/www.komunikaciksobebliz.cz\/index.php?rest_route=\/wp\/v2\/pages"}],"about":[{"href":"https:\/\/www.komunikaciksobebliz.cz\/index.php?rest_route=\/wp\/v2\/types\/page"}],"author":[{"embeddable":true,"href":"https:\/\/www.komunikaciksobebliz.cz\/index.php?rest_route=\/wp\/v2\/users\/1"}],"replies":[{"embeddable":true,"href":"https:\/\/www.komunikaciksobebliz.cz\/index.php?rest_route=%2Fwp%2Fv2%2Fcomments&post=2566"}],"version-history":[{"count":109,"href":"https:\/\/www.komunikaciksobebliz.cz\/index.php?rest_route=\/wp\/v2\/pages\/2566\/revisions"}],"predecessor-version":[{"id":4627,"href":"https:\/\/www.komunikaciksobebliz.cz\/index.php?rest_route=\/wp\/v2\/pages\/2566\/revisions\/4627"}],"wp:attachment":[{"href":"https:\/\/www.komunikaciksobebliz.cz\/index.php?rest_route=%2Fwp%2Fv2%2Fmedia&parent=2566"}],"curies":[{"name":"wp","href":"https:\/\/api.w.org\/{rel}","templated":true}]}}