{"id":2271,"date":"2022-10-28T11:20:58","date_gmt":"2022-10-28T11:20:58","guid":{"rendered":"http:\/\/34.75.155.245\/wordpress\/?page_id=2271"},"modified":"2025-08-31T15:05:39","modified_gmt":"2025-08-31T15:05:39","slug":"workshopy-3","status":"publish","type":"page","link":"https:\/\/www.komunikaciksobebliz.cz\/?page_id=2271","title":{"rendered":"WORKSHOPY"},"content":{"rendered":"\n<div class=\"wp-block-columns is-layout-flex wp-container-core-columns-is-layout-9d6595d7 wp-block-columns-is-layout-flex\">\n<div class=\"wp-block-column is-vertically-aligned-center is-layout-flow wp-block-column-is-layout-flow\" style=\"flex-basis:100%\">\n<div class=\"wp-block-columns is-layout-flex wp-container-core-columns-is-layout-9d6595d7 wp-block-columns-is-layout-flex\">\n<div class=\"wp-block-column is-layout-flow wp-block-column-is-layout-flow\" style=\"flex-basis:33.34%\"><\/div>\n\n\n\n<div class=\"wp-block-column is-layout-flow wp-block-column-is-layout-flow\" style=\"flex-basis:100%\">\n<p class=\"has-text-align-center has-text-color has-background\" style=\"color:#620101;background:radial-gradient(rgb(248,241,224) 0%,rgb(236,220,191) 54%,rgb(222,196,162) 100%);font-size:22px\"><strong> WORKSHOPY<\/strong><\/p>\n<\/div>\n\n\n\n<div class=\"wp-block-column is-layout-flow wp-block-column-is-layout-flow\" style=\"flex-basis:33.33%\"><\/div>\n<\/div>\n<\/div>\n<\/div>\n\n\n\n<div class=\"wp-block-group has-text-color\" style=\"color:#451906c2\"><div class=\"wp-block-group__inner-container is-layout-flow wp-block-group-is-layout-flow\">\n<p style=\"font-size:20px\">Ochutn\u00e1vkov\u00e9 workshopy nab\u00edz\u00ed <strong>sezn\u00e1men\u00ed s v\u011bdomou komunikac\u00ed<\/strong>. <\/p>\n\n\n\n<p style=\"font-size:20px\">Na p\u0159\u00edkladech situac\u00ed, kde snadno doch\u00e1z\u00ed k ucp\u00e1n\u00ed kan\u00e1lu <strong>up\u0159\u00edmnosti<\/strong>, si uk\u00e1\u017eeme, jak jej obnovit. <\/p>\n\n\n\n<p style=\"font-size:20px\">Tak aby mohla zase o\u017e\u00edt na\u0161e <strong>motivace<\/strong> k vz\u00e1jemn\u00fdm <strong>dohod\u00e1m<\/strong>.<\/p>\n\n\n<div class=\"wp-block-image\">\n<figure class=\"aligncenter size-full is-resized\"><img loading=\"lazy\" decoding=\"async\" width=\"1329\" height=\"439\" src=\"https:\/\/www.komunikaciksobebliz.cz\/wp-content\/uploads\/2023\/01\/ToonCamera4.jpg\" alt=\"\" class=\"wp-image-3935\" style=\"width:665px;height:220px\"\/><\/figure>\n<\/div>\n\n\n<p style=\"font-size:20px\">P\u0159ij\u010fte si sami vyzkou\u0161et, kudy na obnoven\u00ed vz\u00e1jemn\u011b sbli\u017euj\u00edc\u00edho<strong> porozum\u011bn\u00ed <\/strong>v ochutn\u00e1vkov\u00e9m workshopu: <\/p>\n\n\n\n<div class=\"wp-block-columns is-layout-flex wp-container-core-columns-is-layout-9d6595d7 wp-block-columns-is-layout-flex\">\n<div class=\"wp-block-column is-layout-flow wp-block-column-is-layout-flow\" style=\"flex-basis:10%\"><\/div>\n\n\n\n<div class=\"wp-block-column is-layout-flow wp-block-column-is-layout-flow\" style=\"flex-basis:100%\">\n<div class=\"wp-block-buttons is-content-justification-center is-layout-flex wp-container-core-buttons-is-layout-16018d1d wp-block-buttons-is-layout-flex\">\n<div class=\"wp-block-button is-style-outline is-style-outline--1\"><a class=\"wp-block-button__link has-text-color has-background has-custom-font-size wp-element-button\" href=\"https:\/\/www.komunikaciksobebliz.cz\/?page_id=4421\" style=\"color:#620101;background:radial-gradient(rgb(248,241,224) 14%,rgb(230,210,179) 47%,rgb(209,184,154) 100%);font-size:22px\">JAK SI POROZUM\u011aT, aneb KONTAKT V KOMUNIKACI<\/a><\/div>\n<\/div>\n<\/div>\n\n\n\n<div class=\"wp-block-column is-layout-flow wp-block-column-is-layout-flow\"><\/div>\n<\/div>\n\n\n\n<p class=\"has-text-align-center\" style=\"font-size:20px\">Jist\u011b to <strong>ocen\u00edte <\/strong>ve vlastn\u00edm ka\u017edodenn\u00edm \u017eivot\u011b!<\/p>\n<\/div><\/div>\n\n\n\n<div style=\"height:46px\" aria-hidden=\"true\" class=\"wp-block-spacer\"><\/div>\n\n\n<div class=\"wp-block-image\">\n<figure class=\"aligncenter size-full is-resized\"><img loading=\"lazy\" decoding=\"async\" width=\"1329\" height=\"414\" src=\"https:\/\/www.komunikaciksobebliz.cz\/wp-content\/uploads\/2023\/01\/ToonCamera5.jpg\" alt=\"\" class=\"wp-image-3933\" style=\"width:665px;height:207px\"\/><\/figure>\n<\/div>\n\n\n<div style=\"height:53px\" aria-hidden=\"true\" class=\"wp-block-spacer\"><\/div>\n\n\n\n<p class=\"has-text-align-left has-text-color\" style=\"color:#451906c2;font-size:20px\">M\u00e1te doma \u010di v t\u00fdmu <strong>svoji <\/strong>opakuj\u00edc\u00ed se <strong>neuspokojivou<\/strong> situaci? <\/p>\n\n\n\n<p class=\"has-text-align-left has-text-color\" style=\"color:#451906c2;font-size:20px\"><strong>Rozd\u00edlnost va\u0161ich n\u00e1zor\u016f <\/strong>v\u00e1m neumo\u017e\u0148uje se dohodnout, i kdy\u017e byste si <strong>r\u00e1di<\/strong>? <\/p>\n\n\n\n<p class=\"has-text-align-left has-text-color\" style=\"color:#451906c2;font-size:20px\">Chcete <strong>vyzkou\u0161et v\u011bdomou komunikac\u00ed <\/strong>k nalezen\u00ed uspokojiv\u011bj\u0161\u00edho <strong>\u0159e\u0161en\u00ed<\/strong>? <\/p>\n\n\n\n<p class=\"has-text-align-left has-text-color\" style=\"color:#451906c2;font-size:20px\"><strong>Napi\u0161te<\/strong> <strong>mi<\/strong> o tom a domluv\u00edme se na mo\u017enostech realizace p\u0159\u00edmo pro v\u00e1s.<\/p>\n\n\n<div class=\"wp-block-image\">\n<figure class=\"aligncenter size-full is-resized\"><img loading=\"lazy\" decoding=\"async\" width=\"1995\" height=\"945\" src=\"https:\/\/www.komunikaciksobebliz.cz\/wp-content\/uploads\/2022\/12\/KOMUNIKACE-DOHODA.png\" alt=\"\" class=\"wp-image-3750\" style=\"width:499px;height:236px\"\/><\/figure>\n<\/div>\n\n\n<div class=\"wp-block-columns is-layout-flex wp-container-core-columns-is-layout-9d6595d7 wp-block-columns-is-layout-flex\">\n<div class=\"wp-block-column is-layout-flow wp-block-column-is-layout-flow\" style=\"flex-basis:100%\">\n<div class=\"wp-block-buttons is-content-justification-right is-layout-flex wp-container-core-buttons-is-layout-765c4724 wp-block-buttons-is-layout-flex\">\n<div class=\"wp-block-button is-style-outline is-style-outline--2\"><a class=\"wp-block-button__link has-text-color has-background has-custom-font-size wp-element-button\" href=\"http:\/\/www.komunikaciksobebliz.cz\/?page_id=2911\" style=\"border-radius:100px;color:#620101;background:radial-gradient(rgb(248,241,224) 6%,rgb(236,220,191) 33%,rgb(230,210,179) 50%,rgb(222,196,162) 70%,rgb(209,184,154) 100%);font-size:22px\">PROHL\u00c9DN\u011aTE SI DETAILY<\/a><\/div>\n<\/div>\n<\/div>\n\n\n\n<div class=\"wp-block-column is-layout-flow wp-block-column-is-layout-flow\" style=\"flex-basis:10%\">\n<div style=\"height:4px\" aria-hidden=\"true\" class=\"wp-block-spacer\"><\/div>\n\n\n\n<p class=\"has-text-align-center has-text-color has-larger-font-size\" style=\"color:#583124\">&amp;<\/p>\n<\/div>\n\n\n\n<div class=\"wp-block-column is-layout-flow wp-block-column-is-layout-flow\" style=\"flex-basis:100%\">\n<div class=\"wp-block-buttons is-content-justification-left is-layout-flex wp-container-core-buttons-is-layout-fdcfc74e wp-block-buttons-is-layout-flex\">\n<div class=\"wp-block-button is-style-outline is-style-outline--3\"><a class=\"wp-block-button__link has-text-color has-background has-custom-font-size wp-element-button\" href=\"http:\/\/www.komunikaciksobebliz.cz\/?page_id=4212\" style=\"color:#620101;background:radial-gradient(rgb(248,241,224) 14%,rgb(230,210,179) 47%,rgb(209,184,154) 100%);font-size:22px\">DEJTE MI V\u011aD\u011aT O SV\u00c9M Z\u00c1JMU<\/a><\/div>\n<\/div>\n<\/div>\n<\/div>\n\n\n\n<div style=\"height:20px\" aria-hidden=\"true\" class=\"wp-block-spacer\"><\/div>\n\n\n\n<hr class=\"wp-block-separator has-alpha-channel-opacity is-style-wide\"\/>\n\n\n\n<p class=\"has-text-align-center has-text-color has-regular-font-size\" style=\"color:#451906c2\">M\u016f\u017eeme se domluvit i na <strong>individu\u00e1ln\u00edch tr\u00e9ninc\u00edch<\/strong> v\u011bdom\u00e9 komunikace. M\u00e1te-li o tyto z\u00e1jem, pokra\u010dujte pros\u00edm <a href=\"http:\/\/www.komunikaciksobebliz.cz\/?page_id=4110\">zde<\/a>.<\/p>\n\n\n\n<p><\/p>\n","protected":false},"excerpt":{"rendered":"<p>WORKSHOPY Ochutn\u00e1vkov\u00e9 workshopy nab\u00edz\u00ed sezn\u00e1men\u00ed s v\u011bdomou komunikac\u00ed. Na p\u0159\u00edkladech situac\u00ed, kde snadno doch\u00e1z\u00ed k ucp\u00e1n\u00ed kan\u00e1lu up\u0159\u00edmnosti, si uk\u00e1\u017eeme, jak jej obnovit. Tak aby mohla zase o\u017e\u00edt na\u0161e motivace k vz\u00e1jemn\u00fdm dohod\u00e1m. P\u0159ij\u010fte si sami vyzkou\u0161et, kudy na obnoven\u00ed vz\u00e1jemn\u011b sbli\u017euj\u00edc\u00edho porozum\u011bn\u00ed v ochutn\u00e1vkov\u00e9m workshopu: Jist\u011b to ocen\u00edte ve vlastn\u00edm ka\u017edodenn\u00edm \u017eivot\u011b! M\u00e1te doma \u010di v t\u00fdmu svoji opakuj\u00edc\u00ed se neuspokojivou situaci? Rozd\u00edlnost va\u0161ich n\u00e1zor\u016f v\u00e1m neumo\u017e\u0148uje se dohodnout, i kdy\u017e byste si r\u00e1di? Chcete vyzkou\u0161et v\u011bdomou komunikac\u00ed k [&hellip;]<\/p>\n","protected":false},"author":1,"featured_media":0,"parent":0,"menu_order":0,"comment_status":"closed","ping_status":"closed","template":"","meta":{"footnotes":""},"class_list":["post-2271","page","type-page","status-publish","hentry"],"yoast_head":"<!-- This site is optimized with the Yoast SEO plugin v23.7 - https:\/\/yoast.com\/wordpress\/plugins\/seo\/ -->\n<title>WORKSHOPY - KOMUNIKAC\u00cd K SOB\u011a BL\u00cd\u017d<\/title>\n<meta name=\"robots\" content=\"index, follow, max-snippet:-1, max-image-preview:large, max-video-preview:-1\" \/>\n<link rel=\"canonical\" href=\"https:\/\/www.komunikaciksobebliz.cz\/?page_id=2271\" \/>\n<meta property=\"og:locale\" content=\"en_US\" \/>\n<meta property=\"og:type\" content=\"article\" \/>\n<meta property=\"og:title\" content=\"WORKSHOPY - KOMUNIKAC\u00cd K SOB\u011a BL\u00cd\u017d\" \/>\n<meta property=\"og:description\" content=\"WORKSHOPY Ochutn\u00e1vkov\u00e9 workshopy nab\u00edz\u00ed sezn\u00e1men\u00ed s v\u011bdomou komunikac\u00ed. Na p\u0159\u00edkladech situac\u00ed, kde snadno doch\u00e1z\u00ed k ucp\u00e1n\u00ed kan\u00e1lu up\u0159\u00edmnosti, si uk\u00e1\u017eeme, jak jej obnovit. Tak aby mohla zase o\u017e\u00edt na\u0161e motivace k vz\u00e1jemn\u00fdm dohod\u00e1m. P\u0159ij\u010fte si sami vyzkou\u0161et, kudy na obnoven\u00ed vz\u00e1jemn\u011b sbli\u017euj\u00edc\u00edho porozum\u011bn\u00ed v ochutn\u00e1vkov\u00e9m workshopu: Jist\u011b to ocen\u00edte ve vlastn\u00edm ka\u017edodenn\u00edm \u017eivot\u011b! M\u00e1te doma \u010di v t\u00fdmu svoji opakuj\u00edc\u00ed se neuspokojivou situaci? Rozd\u00edlnost va\u0161ich n\u00e1zor\u016f v\u00e1m neumo\u017e\u0148uje se dohodnout, i kdy\u017e byste si r\u00e1di? Chcete vyzkou\u0161et v\u011bdomou komunikac\u00ed k [&hellip;]\" \/>\n<meta property=\"og:url\" content=\"https:\/\/www.komunikaciksobebliz.cz\/?page_id=2271\" \/>\n<meta property=\"og:site_name\" content=\"KOMUNIKAC\u00cd K SOB\u011a BL\u00cd\u017d\" \/>\n<meta property=\"article:modified_time\" content=\"2025-08-31T15:05:39+00:00\" \/>\n<meta property=\"og:image\" content=\"https:\/\/www.komunikaciksobebliz.cz\/wp-content\/uploads\/2023\/01\/ToonCamera4.jpg\" \/>\n\t<meta property=\"og:image:width\" content=\"1329\" \/>\n\t<meta property=\"og:image:height\" content=\"439\" \/>\n\t<meta property=\"og:image:type\" content=\"image\/jpeg\" \/>\n<meta name=\"twitter:card\" content=\"summary_large_image\" \/>\n<meta name=\"twitter:label1\" content=\"Est. reading time\" \/>\n\t<meta name=\"twitter:data1\" content=\"2 minutes\" \/>\n<script type=\"application\/ld+json\" class=\"yoast-schema-graph\">{\"@context\":\"https:\/\/schema.org\",\"@graph\":[{\"@type\":\"WebPage\",\"@id\":\"https:\/\/www.komunikaciksobebliz.cz\/?page_id=2271\",\"url\":\"https:\/\/www.komunikaciksobebliz.cz\/?page_id=2271\",\"name\":\"WORKSHOPY - KOMUNIKAC\u00cd K SOB\u011a BL\u00cd\u017d\",\"isPartOf\":{\"@id\":\"http:\/\/www.komunikaciksobebliz.cz\/#website\"},\"primaryImageOfPage\":{\"@id\":\"https:\/\/www.komunikaciksobebliz.cz\/?page_id=2271#primaryimage\"},\"image\":{\"@id\":\"https:\/\/www.komunikaciksobebliz.cz\/?page_id=2271#primaryimage\"},\"thumbnailUrl\":\"https:\/\/www.komunikaciksobebliz.cz\/wp-content\/uploads\/2023\/01\/ToonCamera4.jpg\",\"datePublished\":\"2022-10-28T11:20:58+00:00\",\"dateModified\":\"2025-08-31T15:05:39+00:00\",\"breadcrumb\":{\"@id\":\"https:\/\/www.komunikaciksobebliz.cz\/?page_id=2271#breadcrumb\"},\"inLanguage\":\"en-US\",\"potentialAction\":[{\"@type\":\"ReadAction\",\"target\":[\"https:\/\/www.komunikaciksobebliz.cz\/?page_id=2271\"]}]},{\"@type\":\"ImageObject\",\"inLanguage\":\"en-US\",\"@id\":\"https:\/\/www.komunikaciksobebliz.cz\/?page_id=2271#primaryimage\",\"url\":\"https:\/\/www.komunikaciksobebliz.cz\/wp-content\/uploads\/2023\/01\/ToonCamera4.jpg\",\"contentUrl\":\"https:\/\/www.komunikaciksobebliz.cz\/wp-content\/uploads\/2023\/01\/ToonCamera4.jpg\",\"width\":1329,\"height\":439},{\"@type\":\"BreadcrumbList\",\"@id\":\"https:\/\/www.komunikaciksobebliz.cz\/?page_id=2271#breadcrumb\",\"itemListElement\":[{\"@type\":\"ListItem\",\"position\":1,\"name\":\"Home\",\"item\":\"https:\/\/www.komunikaciksobebliz.cz\/\"},{\"@type\":\"ListItem\",\"position\":2,\"name\":\"WORKSHOPY\"}]},{\"@type\":\"WebSite\",\"@id\":\"http:\/\/www.komunikaciksobebliz.cz\/#website\",\"url\":\"http:\/\/www.komunikaciksobebliz.cz\/\",\"name\":\"KOMUNIKAC\u00cd K SOB\u011a BL\u00cd\u017d\",\"description\":\"\",\"potentialAction\":[{\"@type\":\"SearchAction\",\"target\":{\"@type\":\"EntryPoint\",\"urlTemplate\":\"http:\/\/www.komunikaciksobebliz.cz\/?s={search_term_string}\"},\"query-input\":{\"@type\":\"PropertyValueSpecification\",\"valueRequired\":true,\"valueName\":\"search_term_string\"}}],\"inLanguage\":\"en-US\"}]}<\/script>\n<!-- \/ Yoast SEO plugin. -->","yoast_head_json":{"title":"WORKSHOPY - KOMUNIKAC\u00cd K SOB\u011a BL\u00cd\u017d","robots":{"index":"index","follow":"follow","max-snippet":"max-snippet:-1","max-image-preview":"max-image-preview:large","max-video-preview":"max-video-preview:-1"},"canonical":"https:\/\/www.komunikaciksobebliz.cz\/?page_id=2271","og_locale":"en_US","og_type":"article","og_title":"WORKSHOPY - KOMUNIKAC\u00cd K SOB\u011a BL\u00cd\u017d","og_description":"WORKSHOPY Ochutn\u00e1vkov\u00e9 workshopy nab\u00edz\u00ed sezn\u00e1men\u00ed s v\u011bdomou komunikac\u00ed. Na p\u0159\u00edkladech situac\u00ed, kde snadno doch\u00e1z\u00ed k ucp\u00e1n\u00ed kan\u00e1lu up\u0159\u00edmnosti, si uk\u00e1\u017eeme, jak jej obnovit. Tak aby mohla zase o\u017e\u00edt na\u0161e motivace k vz\u00e1jemn\u00fdm dohod\u00e1m. P\u0159ij\u010fte si sami vyzkou\u0161et, kudy na obnoven\u00ed vz\u00e1jemn\u011b sbli\u017euj\u00edc\u00edho porozum\u011bn\u00ed v ochutn\u00e1vkov\u00e9m workshopu: Jist\u011b to ocen\u00edte ve vlastn\u00edm ka\u017edodenn\u00edm \u017eivot\u011b! M\u00e1te doma \u010di v t\u00fdmu svoji opakuj\u00edc\u00ed se neuspokojivou situaci? Rozd\u00edlnost va\u0161ich n\u00e1zor\u016f v\u00e1m neumo\u017e\u0148uje se dohodnout, i kdy\u017e byste si r\u00e1di? Chcete vyzkou\u0161et v\u011bdomou komunikac\u00ed k [&hellip;]","og_url":"https:\/\/www.komunikaciksobebliz.cz\/?page_id=2271","og_site_name":"KOMUNIKAC\u00cd K SOB\u011a BL\u00cd\u017d","article_modified_time":"2025-08-31T15:05:39+00:00","og_image":[{"width":1329,"height":439,"url":"https:\/\/www.komunikaciksobebliz.cz\/wp-content\/uploads\/2023\/01\/ToonCamera4.jpg","type":"image\/jpeg"}],"twitter_card":"summary_large_image","twitter_misc":{"Est. reading time":"2 minutes"},"schema":{"@context":"https:\/\/schema.org","@graph":[{"@type":"WebPage","@id":"https:\/\/www.komunikaciksobebliz.cz\/?page_id=2271","url":"https:\/\/www.komunikaciksobebliz.cz\/?page_id=2271","name":"WORKSHOPY - KOMUNIKAC\u00cd K SOB\u011a BL\u00cd\u017d","isPartOf":{"@id":"http:\/\/www.komunikaciksobebliz.cz\/#website"},"primaryImageOfPage":{"@id":"https:\/\/www.komunikaciksobebliz.cz\/?page_id=2271#primaryimage"},"image":{"@id":"https:\/\/www.komunikaciksobebliz.cz\/?page_id=2271#primaryimage"},"thumbnailUrl":"https:\/\/www.komunikaciksobebliz.cz\/wp-content\/uploads\/2023\/01\/ToonCamera4.jpg","datePublished":"2022-10-28T11:20:58+00:00","dateModified":"2025-08-31T15:05:39+00:00","breadcrumb":{"@id":"https:\/\/www.komunikaciksobebliz.cz\/?page_id=2271#breadcrumb"},"inLanguage":"en-US","potentialAction":[{"@type":"ReadAction","target":["https:\/\/www.komunikaciksobebliz.cz\/?page_id=2271"]}]},{"@type":"ImageObject","inLanguage":"en-US","@id":"https:\/\/www.komunikaciksobebliz.cz\/?page_id=2271#primaryimage","url":"https:\/\/www.komunikaciksobebliz.cz\/wp-content\/uploads\/2023\/01\/ToonCamera4.jpg","contentUrl":"https:\/\/www.komunikaciksobebliz.cz\/wp-content\/uploads\/2023\/01\/ToonCamera4.jpg","width":1329,"height":439},{"@type":"BreadcrumbList","@id":"https:\/\/www.komunikaciksobebliz.cz\/?page_id=2271#breadcrumb","itemListElement":[{"@type":"ListItem","position":1,"name":"Home","item":"https:\/\/www.komunikaciksobebliz.cz\/"},{"@type":"ListItem","position":2,"name":"WORKSHOPY"}]},{"@type":"WebSite","@id":"http:\/\/www.komunikaciksobebliz.cz\/#website","url":"http:\/\/www.komunikaciksobebliz.cz\/","name":"KOMUNIKAC\u00cd K SOB\u011a BL\u00cd\u017d","description":"","potentialAction":[{"@type":"SearchAction","target":{"@type":"EntryPoint","urlTemplate":"http:\/\/www.komunikaciksobebliz.cz\/?s={search_term_string}"},"query-input":{"@type":"PropertyValueSpecification","valueRequired":true,"valueName":"search_term_string"}}],"inLanguage":"en-US"}]}},"_links":{"self":[{"href":"https:\/\/www.komunikaciksobebliz.cz\/index.php?rest_route=\/wp\/v2\/pages\/2271","targetHints":{"allow":["GET"]}}],"collection":[{"href":"https:\/\/www.komunikaciksobebliz.cz\/index.php?rest_route=\/wp\/v2\/pages"}],"about":[{"href":"https:\/\/www.komunikaciksobebliz.cz\/index.php?rest_route=\/wp\/v2\/types\/page"}],"author":[{"embeddable":true,"href":"https:\/\/www.komunikaciksobebliz.cz\/index.php?rest_route=\/wp\/v2\/users\/1"}],"replies":[{"embeddable":true,"href":"https:\/\/www.komunikaciksobebliz.cz\/index.php?rest_route=%2Fwp%2Fv2%2Fcomments&post=2271"}],"version-history":[{"count":141,"href":"https:\/\/www.komunikaciksobebliz.cz\/index.php?rest_route=\/wp\/v2\/pages\/2271\/revisions"}],"predecessor-version":[{"id":4685,"href":"https:\/\/www.komunikaciksobebliz.cz\/index.php?rest_route=\/wp\/v2\/pages\/2271\/revisions\/4685"}],"wp:attachment":[{"href":"https:\/\/www.komunikaciksobebliz.cz\/index.php?rest_route=%2Fwp%2Fv2%2Fmedia&parent=2271"}],"curies":[{"name":"wp","href":"https:\/\/api.w.org\/{rel}","templated":true}]}}